{"id":557,"date":"2024-07-09T07:08:25","date_gmt":"2024-07-09T07:08:25","guid":{"rendered":"https:\/\/kehuan.easiwin.com\/?post_type=product&#038;p=557"},"modified":"2025-04-28T06:03:02","modified_gmt":"2025-04-28T06:03:02","slug":"empalme-barras-de-refuerzo-de-acero-manguito-de-conexion-de-anclaje-conectar-manguito-acopladores-para-auto-anclaje-varillas-roscadas-tuberia-de-perforacion-acoplador","status":"publish","type":"product","link":"https:\/\/khsteel.net\/es\/product\/splicing-rebars-steel-bar-connection-sleeve-anchor-connect-sleeve-couplers-for-self-anchor-threaded-bar-rods-drill-pipe-coupler\/","title":{"rendered":"empalme barras de refuerzo de acero manguito de conexi\u00f3n de anclaje Conectar manguito acopladores para barras roscadas auto-anclaje Acoplador de tuber\u00eda de perforaci\u00f3n"},"content":{"rendered":"<h3 class=\"wp-block-heading\" id=\"key-attributes\">Atributos clave<\/h3>\n\n\n\n<h4 class=\"wp-block-heading\">Atributos espec\u00edficos del sector<\/h4>\n\n\n\n<figure class=\"wp-block-table\"><table><tbody><tr><td>Grado<\/td><td>Acero al carbono<\/td><\/tr><tr><td>Longitud<\/td><td>6CM\/3CM\/8CM<\/td><\/tr><tr><td>Tolerancia<\/td><td>\u00b11%<\/td><\/tr><\/tbody><\/table><\/figure>\n\n\n\n<p>Otros atributos<\/p>\n\n\n\n<figure class=\"wp-block-table\"><table><tbody><tr><td>Est\u00e1ndar<\/td><td>ISO<\/td><\/tr><tr><td>Lugar de origen<\/td><td>Shandong, China<\/td><\/tr><tr><td>Aleaci\u00f3n o no<\/td><td>Sin aleaci\u00f3n<\/td><\/tr><tr><td>Plazo de entrega<\/td><td>15-21 d\u00edas<\/td><\/tr><tr><td>Marca<\/td><td>Kehuan<\/td><\/tr><tr><td>N\u00famero de modelo<\/td><td>M6, acoplador,12mm-50mm<\/td><\/tr><tr><td>Aplicaci\u00f3n<\/td><td>Energ\u00eda y miner\u00eda, construcci\u00f3n de t\u00faneles y edificios<\/td><\/tr><tr><td>Servicio de tramitaci\u00f3n<\/td><td>Doblado, soldadura, desbobinado, corte, punzonado<\/td><\/tr><tr><td>Nombre del producto<\/td><td>Acoplador de barras<\/td><\/tr><tr><td>Est\u00e1ndar<\/td><td>JGJ107, ACI318, DIN1045<\/td><\/tr><tr><td>Superficie<\/td><td>Requisitos de los clientes<\/td><\/tr><tr><td>Espesor de pared<\/td><td>0,3 mm-20 mm<\/td><\/tr><tr><td>Tecnolog\u00eda<\/td><td>Conformado en fr\u00edo<\/td><\/tr><tr><td>Aplicaci\u00f3n<\/td><td>T\u00faneles, minas, centrales hidroel\u00e9ctricas, construcci\u00f3n<\/td><\/tr><tr><td>Condiciones de pago<\/td><td>30%TT Avance + 70% Saldo<\/td><\/tr><tr><td>MOQ<\/td><td>50<\/td><\/tr><tr><td>Muestra<\/td><td>Disponible en<\/td><\/tr><tr><td>Embalaje<\/td><td>Embalaje mar\u00edtimo est\u00e1ndar<\/td><\/tr><\/tbody><\/table><\/figure>\n\n\n\n<figure class=\"wp-block-table\"><table><tbody><tr><td>Nombre del producto<\/td><td>Manguito de conexi\u00f3n de acero 45#,Manguito de acero,Manguito de extrusi\u00f3n en fr\u00edo 20#,Manguito de conexi\u00f3n de acero 40Cr,Acoplador de armadura<\/td><td><\/td><\/tr><tr><td>Material<\/td><td>ASTM 1020 1045 40CR<\/td><td><\/td><\/tr><tr><td>est\u00e1ndar<\/td><td>ASTM A106-2006,ASTM A53-2007,GB\/T8162,GB\/T8163<\/td><td><\/td><\/tr><tr><td>talla<\/td><td>La solicitud del cliente<\/td><td><\/td><\/tr><tr><td>Superficie<\/td><td>1. El galvanizado 2. PVC, negro y pintura 3. Aceite transparente y aceite antioxidante 4. De acuerdo a los requerimientos del cliente<\/td><td><\/td><\/tr><tr><td>Muestras<\/td><td>Por favor, hable con el personal de ventas<\/td><td><\/td><\/tr><tr><td>Plazos de entrega<\/td><td>Depende de las especificaciones, la cantidad, etc.<\/td><td><\/td><\/tr><tr><td>Paquete<\/td><td>1. Tubo de acero envuelto en papel impermeable. 2. Tubo de acero envuelto en tela de saco con varias tiras de acero. 3. Tubo de acero cubierto con una tapa. 4. Tubo de acero envuelto en una funda de madera. 4. Caja de madera del tubo de acero<\/td><td><\/td><\/tr><\/tbody><\/table><\/figure>","protected":false},"featured_media":559,"parent":0,"template":"","meta":{"_acf_changed":true,"_gspb_post_css":"","_kad_blocks_custom_css":"","_kad_blocks_head_custom_js":"","_kad_blocks_body_custom_js":"","_kad_blocks_footer_custom_js":"","_kad_post_transparent":"","_kad_post_title":"","_kad_post_layout":"","_kad_post_sidebar_id":"","_kad_post_content_style":"","_kad_post_vertical_padding":"","_kad_post_feature":"","_kad_post_feature_position":"","_kad_post_header":false,"_kad_post_footer":false,"_kad_post_classname":""},"product-category":[],"class_list":["post-557","product","type-product","status-publish","has-post-thumbnail","hentry"],"acf":[],"taxonomy_info":[],"featured_image_src_large":["https:\/\/khsteel.net\/wp-content\/uploads\/2024\/07\/10002-5.png",800,800,false],"author_info":[],"comment_info":"","_links":{"self":[{"href":"https:\/\/khsteel.net\/es\/wp-json\/wp\/v2\/product\/557","targetHints":{"allow":["GET"]}}],"collection":[{"href":"https:\/\/khsteel.net\/es\/wp-json\/wp\/v2\/product"}],"about":[{"href":"https:\/\/khsteel.net\/es\/wp-json\/wp\/v2\/types\/product"}],"wp:featuredmedia":[{"embeddable":true,"href":"https:\/\/khsteel.net\/es\/wp-json\/wp\/v2\/media\/559"}],"wp:attachment":[{"href":"https:\/\/khsteel.net\/es\/wp-json\/wp\/v2\/media?parent=557"}],"wp:term":[{"taxonomy":"product-category","embeddable":true,"href":"https:\/\/khsteel.net\/es\/wp-json\/wp\/v2\/product-category?post=557"}],"curies":[{"name":"wp","href":"https:\/\/api.w.org\/{rel}","templated":true}]}}