{"id":509,"date":"2024-07-09T06:07:29","date_gmt":"2024-07-09T06:07:29","guid":{"rendered":"https:\/\/kehuan.easiwin.com\/?post_type=product&#038;p=509"},"modified":"2025-04-27T08:03:34","modified_gmt":"2025-04-27T08:03:34","slug":"ppgi-bobina-de-acero-prepintado-galvanizado-bobina-z275-hojas-de-metal-para-techos-materiales-de-construccion-en-china","status":"publish","type":"product","link":"https:\/\/khsteel.net\/es\/product\/ppgi-steel-coil-prepainted-galvanized-coil-z275-metal-roofing-sheets-building-materials-in-china\/","title":{"rendered":"PPGI bobina de acero galvanizado prepintado bobina Z275 \/ hojas de metal para techos Materiales de construcci\u00f3n en China"},"content":{"rendered":"<h3 class=\"wp-block-heading\" id=\"key-attributes\">Atributos clave<\/h3>\n\n\n\n<h4 class=\"wp-block-heading\">Atributos espec\u00edficos del sector<\/h4>\n\n\n\n<figure class=\"wp-block-table\"><table><tbody><tr><td>Tipo<\/td><td>Bobina de acero<\/td><\/tr><tr><td>Espesor<\/td><td>0,21-0,50 mm<\/td><\/tr><tr><td>Revestimiento<\/td><td>Z81-Z120<\/td><\/tr><tr><td>Dureza<\/td><td>Medio Duro<\/td><\/tr><\/tbody><\/table><\/figure>\n\n\n\n<p>Otros atributos<\/p>\n\n\n\n<figure class=\"wp-block-table\"><table><tbody><tr><td>Lugar de origen<\/td><td>Shandong, China<\/td><\/tr><tr><td>Est\u00e1ndar<\/td><td>ASTM<\/td><\/tr><tr><td>Grado<\/td><td>DX51D DX52D DX53D DX54D<\/td><\/tr><tr><td>Plazo de entrega<\/td><td>22-30 d\u00edas<\/td><\/tr><tr><td>Marca<\/td><td>Kehuan<\/td><\/tr><tr><td>Aplicaci\u00f3n<\/td><td>fabricar tubos, cortar chapas, fabricar herramientas peque\u00f1as, fabricar chapas onduladas, fabricar contenedores, fabricar vallas<\/td><\/tr><tr><td>Anchura<\/td><td>1001-1250 mm<\/td><\/tr><tr><td>Longitud<\/td><td>a medida<\/td><\/tr><tr><td>Certificado<\/td><td>API, CE, SNI, BIS, SASO, SABS, sirm, KS, JIS, GS<\/td><\/tr><tr><td>Tolerancia<\/td><td>\u00b11%<\/td><\/tr><tr><td>Servicio de tramitaci\u00f3n<\/td><td>Soldadura, punzonado, corte, plegado, desbobinado<\/td><\/tr><tr><td>Color RAL<\/td><td>como PANTONE<\/td><\/tr><tr><td>Nombre del producto<\/td><td>Bobina de acero galvanizado prelacado<\/td><\/tr><tr><td>Superficie<\/td><td>Bobina de acero recubierta de color Ppgi<\/td><\/tr><tr><td>Palabra clave<\/td><td>Bobina PPGI Bobina de acero prelacado<\/td><\/tr><tr><td>Forma<\/td><td>Rollo de bobina<\/td><\/tr><tr><td>Color<\/td><td>RALColor<\/td><\/tr><tr><td>Tratamiento de superficies<\/td><td>Revestimiento de color<\/td><\/tr><tr><td>T\u00e9cnica<\/td><td>Prepintado+galvanizado en caliente<\/td><\/tr><tr><td>Anchura<\/td><td>600mm-1500mm<\/td><\/tr><tr><td>Muestra<\/td><td>Avialable<\/td><\/tr><tr><td>ID de bobina<\/td><td>508\/610mm\/Seg\u00fan<\/td><\/tr><\/tbody><\/table><\/figure>\n\n\n\n<figure class=\"wp-block-table\"><table><tbody><tr><td>Material<\/td><td>Dx51D, Dx52D, Dx53D, DX54D, S220GD, S250GD, S280GD, S350GD, S350GD, S550GD; SGCC, SGHC, SGCH, SGH340, SGH400, SGH440, SGH490,<\/td><\/tr><tr><td>Espesor<\/td><td>0,12-6,00 mm o seg\u00fan los requisitos del cliente<\/td><\/tr><tr><td>Anchura<\/td><td>600mm-1500mm, seg\u00fan los requisitos del cliente<\/td><\/tr><tr><td>Zincado<\/td><td>30 g-275 g\/m2<\/td><\/tr><tr><td>Tipo de revestimiento<\/td><td>Acero galvanizado en caliente<\/td><\/tr><tr><td>Tratamiento de superficies<\/td><td>Pasivado(C), Aceitado(O), Lacado(L), Fosfatado(P), Sin tratar(U)<\/td><\/tr><tr><td>Estructura de la superficie<\/td><td>Tubo de acero redondo soldado galvanizado en caliente<\/td><\/tr><tr><td>ID de bobina<\/td><td>508 mm o 610 mm<\/td><\/tr><tr><td>Est\u00e1ndar<\/td><td>JIS 3302 \/ ASTM A653 \/EN10143 AISI , ASTM , DIN , GB , JIS G3302 G3312 G3321 , BS<\/td><\/tr><tr><td>T\u00e9cnica<\/td><td>Laminado en caliente \/ Laminado en fr\u00edo<\/td><\/tr><tr><td>Aplicaci\u00f3n del producto<\/td><td>1. Cerca, invernadero, tubo de la puerta, invernadero 2. 2. Para la construcci\u00f3n de edificios tanto en interiores como en exteriores. Ampliamente utilizado en la construcci\u00f3n de andamios que es mucho m\u00e1s barato y conveniente<\/td><\/tr><\/tbody><\/table><\/figure>","protected":false},"featured_media":510,"parent":0,"template":"","meta":{"_acf_changed":true,"_gspb_post_css":"","_kad_blocks_custom_css":"","_kad_blocks_head_custom_js":"","_kad_blocks_body_custom_js":"","_kad_blocks_footer_custom_js":"","_kad_post_transparent":"","_kad_post_title":"","_kad_post_layout":"","_kad_post_sidebar_id":"","_kad_post_content_style":"","_kad_post_vertical_padding":"","_kad_post_feature":"","_kad_post_feature_position":"","_kad_post_header":false,"_kad_post_footer":false,"_kad_post_classname":""},"product-category":[],"class_list":["post-509","product","type-product","status-publish","has-post-thumbnail","hentry"],"acf":[],"taxonomy_info":[],"featured_image_src_large":["https:\/\/khsteel.net\/wp-content\/uploads\/2024\/07\/10001-25.jpg",730,730,false],"author_info":[],"comment_info":"","_links":{"self":[{"href":"https:\/\/khsteel.net\/es\/wp-json\/wp\/v2\/product\/509","targetHints":{"allow":["GET"]}}],"collection":[{"href":"https:\/\/khsteel.net\/es\/wp-json\/wp\/v2\/product"}],"about":[{"href":"https:\/\/khsteel.net\/es\/wp-json\/wp\/v2\/types\/product"}],"wp:featuredmedia":[{"embeddable":true,"href":"https:\/\/khsteel.net\/es\/wp-json\/wp\/v2\/media\/510"}],"wp:attachment":[{"href":"https:\/\/khsteel.net\/es\/wp-json\/wp\/v2\/media?parent=509"}],"wp:term":[{"taxonomy":"product-category","embeddable":true,"href":"https:\/\/khsteel.net\/es\/wp-json\/wp\/v2\/product-category?post=509"}],"curies":[{"name":"wp","href":"https:\/\/api.w.org\/{rel}","templated":true}]}}