{"id":504,"date":"2024-07-09T06:01:51","date_gmt":"2024-07-09T06:01:51","guid":{"rendered":"https:\/\/kehuan.easiwin.com\/?post_type=product&#038;p=504"},"modified":"2025-04-27T08:03:17","modified_gmt":"2025-04-27T08:03:17","slug":"ppgi-bobinas-dx51d-z100-galvanizado-rollo-de-chapa-de-acero-para-la-fabricacion-de-chapas-onduladas-a-la-venta","status":"publish","type":"product","link":"https:\/\/khsteel.net\/es\/product\/ppgi-coils-dx51d-z100-galvanized-steel-sheet-metal-roll-for-making-corrugated-sheets-on-sale\/","title":{"rendered":"PPGI bobinas Dx51d Z100 galvanizado rollo de chapa de acero para la fabricaci\u00f3n de l\u00e1minas onduladas-en Venta"},"content":{"rendered":"<h3 class=\"wp-block-heading\" id=\"key-attributes\">Atributos clave<\/h3>\n\n\n\n<h4 class=\"wp-block-heading\">Atributos espec\u00edficos del sector<\/h4>\n\n\n\n<figure class=\"wp-block-table\"><table><tbody><tr><td>Tipo<\/td><td>Bobina de acero<\/td><\/tr><tr><td>Espesor<\/td><td>0,5-1,0 mm<\/td><\/tr><tr><td>Revestimiento<\/td><td>Z10-Z29<\/td><\/tr><tr><td>Tipo Spangle<\/td><td>Regular Spangle<\/td><\/tr><tr><td>Dureza<\/td><td>Full Hard<\/td><\/tr><\/tbody><\/table><\/figure>\n\n\n\n<p>Otros atributos<\/p>\n\n\n\n<figure class=\"wp-block-table\"><table><tbody><tr><td>Lugar de origen<\/td><td>Shandong, China<\/td><\/tr><tr><td>Est\u00e1ndar<\/td><td>ASTM<\/td><\/tr><tr><td>Grado<\/td><td>SGCC DX51D Q195-235<\/td><\/tr><tr><td>T\u00e9cnica<\/td><td>Laminado en fr\u00edo<\/td><\/tr><tr><td>Pase de piel<\/td><td>S\u00ed<\/td><\/tr><tr><td>Engrasado o no engrasado<\/td><td>Sin aceite<\/td><\/tr><tr><td>Plazo de entrega<\/td><td>15-21 d\u00edas<\/td><\/tr><tr><td>Marca<\/td><td>Kehuan<\/td><\/tr><tr><td>Aplicaci\u00f3n<\/td><td>fabricar tubos, cortar chapas, fabricar herramientas peque\u00f1as, fabricar chapas onduladas, fabricar contenedores, fabricar vallas<\/td><\/tr><tr><td>Longitud<\/td><td>seg\u00fan las necesidades del cliente<\/td><\/tr><tr><td>Certificado<\/td><td>API, JIS, ISO9001<\/td><\/tr><tr><td>Tolerancia<\/td><td>\u00b11%<\/td><\/tr><tr><td>Servicio de tramitaci\u00f3n<\/td><td>Soldadura, punzonado, corte, plegado, desbobinado<\/td><\/tr><tr><td>Superficie<\/td><td>Suave<\/td><\/tr><tr><td>Forma<\/td><td>Rollo de bobina<\/td><\/tr><tr><td>Certificado<\/td><td>API, CE, RoHS, SNI, BIS, SASO, PVOC, SONCAP, SABS, ISO9001<\/td><\/tr><tr><td>Utilizaci\u00f3n<\/td><td>Material de construcci\u00f3n<\/td><\/tr><tr><td>Color<\/td><td>Color natural<\/td><\/tr><tr><td>Lugar de origen<\/td><td>Shandong<\/td><\/tr><tr><td>T\u00e9cnica<\/td><td>Laminado en fr\u00edo<\/td><\/tr><tr><td>Marca<\/td><td>Kehuan<\/td><\/tr><tr><td>Puerto<\/td><td>Puerto de Tianjin Qingdao Shanghai<\/td><\/tr><tr><td>Plazo de pago<\/td><td>L\/C T\/T (Dep\u00f3sito 30%)<\/td><\/tr><\/tbody><\/table><\/figure>\n\n\n\n<figure class=\"wp-block-table\"><table><tbody><tr><td>Material<\/td><td>Dx51D, Dx52D, Dx53D, DX54D, S220GD, S250GD, S280GD, S350GD, S350GD, S550GD; SGCC, SGHC, SGCH, SGH340, SGH400, SGH440, SGH490,<\/td><td><\/td><td><\/td><\/tr><tr><td>Espesor<\/td><td>0,12-6,00 mm o seg\u00fan los requisitos del cliente<\/td><td><\/td><td><\/td><\/tr><tr><td>Anchura<\/td><td>600mm-1500mm, seg\u00fan los requisitos del cliente<\/td><td><\/td><td><\/td><\/tr><tr><td>Zincado<\/td><td>30 g-275 g\/m2<\/td><td><\/td><td><\/td><\/tr><tr><td>Tipo de revestimiento<\/td><td>Acero galvanizado en caliente<\/td><td><\/td><td><\/td><\/tr><tr><td>Tratamiento de superficies<\/td><td>Pasivado(C), Aceitado(O), Lacado(L), Fosfatado(P), Sin tratar(U)<\/td><td><\/td><td><\/td><\/tr><tr><td>Estructura de la superficie<\/td><td>Tubo de acero redondo soldado galvanizado en caliente<\/td><td><\/td><td><\/td><\/tr><tr><td>ID de bobina<\/td><td>508 mm o 610 mm<\/td><td><\/td><td><\/td><\/tr><tr><td>Est\u00e1ndar<\/td><td>JIS 3302 \/ ASTM A653 \/EN10143 AISI , ASTM , DIN , GB , JIS G3302 G3312 G3321 , BS<\/td><td><\/td><td><\/td><\/tr><tr><td>T\u00e9cnica<\/td><td>Laminado en caliente \/ Laminado en fr\u00edo<\/td><td><\/td><td><\/td><\/tr><tr><td>Aplicaci\u00f3n del producto<\/td><td>1. Cerca, invernadero, tubo de la puerta, invernadero 2. 2. Para la construcci\u00f3n de edificios tanto en interiores como en exteriores. Ampliamente utilizado en la construcci\u00f3n de andamios que es mucho m\u00e1s barato y conveniente<\/td><td><\/td><td><\/td><\/tr><\/tbody><\/table><\/figure>","protected":false},"featured_media":505,"parent":0,"template":"","meta":{"_acf_changed":true,"_gspb_post_css":"","_kad_blocks_custom_css":"","_kad_blocks_head_custom_js":"","_kad_blocks_body_custom_js":"","_kad_blocks_footer_custom_js":"","_kad_post_transparent":"","_kad_post_title":"","_kad_post_layout":"","_kad_post_sidebar_id":"","_kad_post_content_style":"","_kad_post_vertical_padding":"","_kad_post_feature":"","_kad_post_feature_position":"","_kad_post_header":false,"_kad_post_footer":false,"_kad_post_classname":""},"product-category":[],"class_list":["post-504","product","type-product","status-publish","has-post-thumbnail","hentry"],"acf":[],"taxonomy_info":[],"featured_image_src_large":["https:\/\/khsteel.net\/wp-content\/uploads\/2024\/07\/10001-24.jpg",750,750,false],"author_info":[],"comment_info":"","_links":{"self":[{"href":"https:\/\/khsteel.net\/es\/wp-json\/wp\/v2\/product\/504","targetHints":{"allow":["GET"]}}],"collection":[{"href":"https:\/\/khsteel.net\/es\/wp-json\/wp\/v2\/product"}],"about":[{"href":"https:\/\/khsteel.net\/es\/wp-json\/wp\/v2\/types\/product"}],"wp:featuredmedia":[{"embeddable":true,"href":"https:\/\/khsteel.net\/es\/wp-json\/wp\/v2\/media\/505"}],"wp:attachment":[{"href":"https:\/\/khsteel.net\/es\/wp-json\/wp\/v2\/media?parent=504"}],"wp:term":[{"taxonomy":"product-category","embeddable":true,"href":"https:\/\/khsteel.net\/es\/wp-json\/wp\/v2\/product-category?post=504"}],"curies":[{"name":"wp","href":"https:\/\/api.w.org\/{rel}","templated":true}]}}