{"id":478,"date":"2024-07-09T03:15:04","date_gmt":"2024-07-09T03:15:04","guid":{"rendered":"https:\/\/kehuan.easiwin.com\/?post_type=product&#038;p=478"},"modified":"2025-04-28T06:06:38","modified_gmt":"2025-04-28T06:06:38","slug":"s355j2-s355jr-laminado-en-calientebobina-de-acero-al-carbonobobina-de-hierro-al-carbonobobina-hrc","status":"publish","type":"product","link":"https:\/\/khsteel.net\/es\/product\/s355j2-s355jr-hot-rolledcarbon-steel-coil-carbon-iron-coil-hr-coil-hrc\/","title":{"rendered":"s355j2 s355jr laminado en calientebobina de acero al carbonobobina de hierro al carbonobobina HR HRC"},"content":{"rendered":"<h3 class=\"wp-block-heading\" id=\"key-attributes\">Atributos clave<\/h3>\n\n\n\n<h4 class=\"wp-block-heading\">Atributos espec\u00edficos del sector<\/h4>\n\n\n\n<figure class=\"wp-block-table\"><table><tbody><tr><td>Tipo<\/td><td>Bobina de acero<\/td><\/tr><tr><td>Espesor<\/td><td>2,0-3,5 mm<\/td><\/tr><tr><td>Est\u00e1ndar<\/td><td>ASTM,GB,JIS<\/td><\/tr><tr><td>Grado<\/td><td>SS400\/A36\/Q235\/S235JR\/S355JR\/A57<\/td><\/tr><\/tbody><\/table><\/figure>\n\n\n\n<p>Otros atributos<\/p>\n\n\n\n<figure class=\"wp-block-table\"><table><tbody><tr><td>Lugar de origen<\/td><td>Shandong, China<\/td><\/tr><tr><td>Pase de piel<\/td><td>S\u00ed<\/td><\/tr><tr><td>Aleaci\u00f3n o no<\/td><td>Sin aleaci\u00f3n<\/td><\/tr><tr><td>Plazo de entrega<\/td><td>15-21 d\u00edas<\/td><\/tr><tr><td>Marca<\/td><td>Kehuan<\/td><\/tr><tr><td>Aplicaci\u00f3n<\/td><td>Chapa para barcos, chapa para calderas, chapa para contenedores, fabricaci\u00f3n de tuber\u00edas, fabricaci\u00f3n de productos de acero laminado en fr\u00edo, fabricaci\u00f3n de herramientas peque\u00f1as<\/td><\/tr><tr><td>Anchura<\/td><td>1251-1500 mm<\/td><\/tr><tr><td>Longitud<\/td><td>seg\u00fan las necesidades del cliente<\/td><\/tr><tr><td>Certificado<\/td><td>API, JIS, ISO9001<\/td><\/tr><tr><td>Tolerancia<\/td><td>\u00b11%<\/td><\/tr><tr><td>Servicio de tramitaci\u00f3n<\/td><td>Soldadura, punzonado, corte, plegado, desbobinado<\/td><\/tr><tr><td>Lugar de origen<\/td><td>Shandong, China<\/td><\/tr><tr><td>Aplicaci\u00f3n<\/td><td>Chapa para buques, chapa para calderas, chapa para contenedores, fabricaci\u00f3n de tuber\u00edas,<\/td><\/tr><tr><td>Tecnolog\u00eda<\/td><td>Laminado en caliente<\/td><\/tr><tr><td>Muestra<\/td><td>Avialable<\/td><\/tr><tr><td>Paquete<\/td><td>Flejes de acero<\/td><\/tr><tr><td>MOQ<\/td><td>5Toneladas<\/td><\/tr><tr><td>Uso especial<\/td><td>Placa de acero de alta resistencia<\/td><\/tr><tr><td>Material<\/td><td>Q195\/Q235\/Q235b<\/td><\/tr><tr><td>Color<\/td><td>Negro<\/td><\/tr><tr><td>Condiciones comerciales<\/td><td>FOB,CRF,CIF,EXW<\/td><\/tr><\/tbody><\/table><\/figure>\n\n\n\n<p>Especificaci\u00f3n<\/p>\n\n\n\n<figure class=\"wp-block-table\"><table><tbody><tr><td>Marca<\/td><td>KH<\/td><\/tr><tr><td>Duraci\u00f3n del precio<\/td><td>EXW, Fob, CIF, CIR<\/td><\/tr><tr><td>Aleaci\u00f3n o no<\/td><td>Sin aleaci\u00f3n<\/td><\/tr><tr><td>Espesor<\/td><td>0,8-16 mm<\/td><\/tr><tr><td>Est\u00e1ndar<\/td><td>JIS<\/td><\/tr><tr><td>Certificado<\/td><td>API, JIS, ISO9001<\/td><\/tr><tr><td>Tolerancia<\/td><td>\u00b11%<\/td><\/tr><tr><td>Fecha de entrega<\/td><td>Disponer de existencias o negociar en funci\u00f3n del pedido realCorte<\/td><\/tr><tr><td>Engrasado o no engrasado<\/td><td>Sin aceite<\/td><\/tr><tr><td>Facturaci\u00f3n<\/td><td>por peso real<\/td><\/tr><tr><td>Nombre del producto<\/td><td>Bobina de chapa de acero laminada en caliente<\/td><\/tr><tr><td>Utilizaci\u00f3n<\/td><td>Plato contenedor<\/td><\/tr><tr><td>Palabra clave<\/td><td>bobinas de acero<\/td><\/tr><tr><td>longitud<\/td><td>Petici\u00f3n de los clientes<\/td><\/tr><tr><td>Detalles del embalaje<\/td><td>Paquete est\u00e1ndar de la exportaci\u00f3n, liado o sea requerido.<\/td><\/tr><tr><td>Ventaja<\/td><td>Gran resistencia a la corrosi\u00f3n<\/td><\/tr><tr><td>MOQ<\/td><td>5 toneladas<\/td><\/tr><tr><td>Servicio<\/td><td>24 horas en l\u00ednea<\/td><\/tr><\/tbody><\/table><\/figure>","protected":false},"featured_media":481,"parent":0,"template":"","meta":{"_acf_changed":true,"_gspb_post_css":"","_kad_blocks_custom_css":"","_kad_blocks_head_custom_js":"","_kad_blocks_body_custom_js":"","_kad_blocks_footer_custom_js":"","_kad_post_transparent":"","_kad_post_title":"","_kad_post_layout":"","_kad_post_sidebar_id":"","_kad_post_content_style":"","_kad_post_vertical_padding":"","_kad_post_feature":"","_kad_post_feature_position":"","_kad_post_header":false,"_kad_post_footer":false,"_kad_post_classname":""},"product-category":[],"class_list":["post-478","product","type-product","status-publish","has-post-thumbnail","hentry"],"acf":[],"taxonomy_info":[],"featured_image_src_large":["https:\/\/khsteel.net\/wp-content\/uploads\/2024\/07\/10004-8.png",800,800,false],"author_info":[],"comment_info":"","_links":{"self":[{"href":"https:\/\/khsteel.net\/es\/wp-json\/wp\/v2\/product\/478","targetHints":{"allow":["GET"]}}],"collection":[{"href":"https:\/\/khsteel.net\/es\/wp-json\/wp\/v2\/product"}],"about":[{"href":"https:\/\/khsteel.net\/es\/wp-json\/wp\/v2\/types\/product"}],"wp:featuredmedia":[{"embeddable":true,"href":"https:\/\/khsteel.net\/es\/wp-json\/wp\/v2\/media\/481"}],"wp:attachment":[{"href":"https:\/\/khsteel.net\/es\/wp-json\/wp\/v2\/media?parent=478"}],"wp:term":[{"taxonomy":"product-category","embeddable":true,"href":"https:\/\/khsteel.net\/es\/wp-json\/wp\/v2\/product-category?post=478"}],"curies":[{"name":"wp","href":"https:\/\/api.w.org\/{rel}","templated":true}]}}