{"id":426,"date":"2024-07-09T02:19:58","date_gmt":"2024-07-09T02:19:58","guid":{"rendered":"https:\/\/kehuan.easiwin.com\/?post_type=product&#038;p=426"},"modified":"2025-04-28T06:18:28","modified_gmt":"2025-04-28T06:18:28","slug":"a106-gr-b-fabricante-api-5l-x42-x62-x70-tuberia-de-linea-de-tuberia-de-acero-sin-costura-para-tuberia-de-gas-de-petroleo","status":"publish","type":"product","link":"https:\/\/khsteel.net\/es\/product\/a106-gr-b-manufacturer-api-5l-x42-x62-x70-line-pipe-seamless-steel-pipeline-for-oil-gas-pipe\/","title":{"rendered":"A106 Gr.B Fabricante API 5L x42 x62 x70 tuber\u00eda de l\u00ednea de tuber\u00eda de acero sin costura para tuber\u00eda de gas de petr\u00f3leo"},"content":{"rendered":"<h3 class=\"wp-block-heading\" id=\"key-attributes\">Atributos clave<\/h3>\n\n\n\n<h4 class=\"wp-block-heading\">Atributos espec\u00edficos del sector<\/h4>\n\n\n\n<figure class=\"wp-block-table\"><table><tbody><tr><td>Secci\u00f3n Forma<\/td><td>Redondo<\/td><\/tr><tr><td>Tratamiento de superficies<\/td><td>pintura negra, anticorrosi\u00f3n<\/td><\/tr><tr><td>Tolerancia<\/td><td>\u00b11%<\/td><\/tr><tr><td>Engrasado o no engrasado<\/td><td>Sin aceite<\/td><\/tr><tr><td>Facturaci\u00f3n<\/td><td>por peso te\u00f3rico<\/td><\/tr><\/tbody><\/table><\/figure>\n\n\n\n<p>Otros atributos<\/p>\n\n\n\n<figure class=\"wp-block-table\"><table><tbody><tr><td>Lugar de origen<\/td><td>Shandong, China<\/td><\/tr><tr><td>Aleaci\u00f3n o no<\/td><td>Es aleaci\u00f3n<\/td><\/tr><tr><td>Est\u00e1ndar<\/td><td>DIN<\/td><\/tr><tr><td>Grado<\/td><td>Q195\/Q235\/Q345\/10#\/45#\/32GrMo<\/td><\/tr><tr><td>Plazo de entrega<\/td><td>15-21 d\u00edas<\/td><\/tr><tr><td>Marca<\/td><td>Kehuan<\/td><\/tr><tr><td>Aplicaci\u00f3n<\/td><td>Tubos para fluidos, tubos para calderas, tubos para gas, tubos para petr\u00f3leo, otros<\/td><\/tr><tr><td>Tuber\u00eda especial<\/td><td>Tubos API<\/td><\/tr><tr><td>Espesor<\/td><td>4-60mm<\/td><\/tr><tr><td>Longitud<\/td><td>12M, 6m, 6.4M<\/td><\/tr><tr><td>Certificado<\/td><td>API, CE, BIS, SASO, SABS, sirm, JIS, ISO9001<\/td><\/tr><tr><td>Servicio de tramitaci\u00f3n<\/td><td>Soldadura, punzonado, corte, plegado, desbobinado<\/td><\/tr><tr><td>Grado<\/td><td>A53-A369<\/td><\/tr><tr><td>Aplicaci\u00f3n<\/td><td>Tuber\u00eda de fluidos<\/td><\/tr><tr><td>Nombre del producto<\/td><td>Tubos de acero al carbono sin soldadura<\/td><\/tr><tr><td>Lugar de origen<\/td><td>Shandong (China)<\/td><\/tr><tr><td>Longitud<\/td><td>3-12m<\/td><\/tr><tr><td>Secci\u00f3n Forma<\/td><td>Redondo<\/td><\/tr><tr><td>Plazo de entrega<\/td><td>8-14 d\u00edas<\/td><\/tr><tr><td>Di\u00e1metro exterior<\/td><td>10 - 1000 Mm<\/td><\/tr><tr><td>Material<\/td><td>ST37\/ST45\/ST52\/25Mn\/27SiMn\/E355\/SAE1026\/STKM13C<\/td><\/tr><tr><td>Palabra clave<\/td><td>Tubos de carbono sin soldadura<\/td><\/tr><\/tbody><\/table><\/figure>\n\n\n\n<p>Especificaci\u00f3n<\/p>\n\n\n\n<figure class=\"wp-block-table\"><table><tbody><tr><td>art\u00edculo<\/td><td>valor<\/td><\/tr><tr><td>Lugar de origen<\/td><td>China<\/td><\/tr><tr><td><\/td><td>Shandong<\/td><\/tr><tr><td>Marca<\/td><td>Kehuan<\/td><\/tr><tr><td>Aplicaci\u00f3n<\/td><td>Tubos para fluidos, tubos para calderas, tubos para gas, tubos para petr\u00f3leo, otros<\/td><\/tr><tr><td>Aleaci\u00f3n o no<\/td><td>Sin aleaci\u00f3n<\/td><\/tr><tr><td>Secci\u00f3n Forma<\/td><td>Redondo<\/td><\/tr><tr><td><\/td><td>50 mm - 1300 mm<\/td><\/tr><tr><td>Tuber\u00eda especial<\/td><td>Tubos API<\/td><\/tr><tr><td>Espesor<\/td><td>6-120 mm<\/td><\/tr><tr><td>Est\u00e1ndar<\/td><td>DIN<\/td><\/tr><tr><td>Longitud<\/td><td>12M, 6m, 6.4M<\/td><\/tr><tr><td>Certificado<\/td><td>API, CE, BIS, SASO, SABS, sirm, JIS, ISO9001<\/td><\/tr><tr><td>Grado<\/td><td>Q195\/Q235\/Q345\/10#\/45#\/32GrMo<\/td><\/tr><tr><td>Tratamiento de superficies<\/td><td>Laminado en caliente<\/td><\/tr><tr><td>Tolerancia<\/td><td>\u00b11%<\/td><\/tr><tr><td>Servicio de tramitaci\u00f3n<\/td><td>Soldadura, punzonado, corte, plegado, desbobinado<\/td><\/tr><tr><td>Engrasado o no engrasado<\/td><td>Sin aceite<\/td><\/tr><tr><td>Facturaci\u00f3n<\/td><td>por peso te\u00f3rico<\/td><\/tr><tr><td>Plazo de entrega<\/td><td>15-21 d\u00edas<\/td><\/tr><tr><td>Grado<\/td><td>A53-A369<\/td><\/tr><tr><td>Aplicaci\u00f3n<\/td><td>Tuber\u00eda de fluidos<\/td><\/tr><tr><td>Nombre del producto<\/td><td>Tubos de acero al carbono sin soldadura<\/td><\/tr><tr><td>Lugar de origen<\/td><td>Shandong (China)<\/td><\/tr><tr><td>Longitud<\/td><td>3-12m<\/td><\/tr><tr><td>Secci\u00f3n Forma<\/td><td>Redondo<\/td><\/tr><tr><td>Plazo de entrega<\/td><td>8-14 d\u00edas<\/td><\/tr><tr><td>Di\u00e1metro exterior<\/td><td>10 - 1000 Mm<\/td><\/tr><tr><td>Material<\/td><td>ST37\/ST45\/ST52\/25Mn\/27SiMn\/E355\/SAE1026\/STKM13C<\/td><\/tr><tr><td>Palabra clave<\/td><td>Tubos de carbono sin soldadura<\/td><\/tr><\/tbody><\/table><\/figure>","protected":false},"featured_media":427,"parent":0,"template":"","meta":{"_acf_changed":false,"_gspb_post_css":"","_kad_blocks_custom_css":"","_kad_blocks_head_custom_js":"","_kad_blocks_body_custom_js":"","_kad_blocks_footer_custom_js":"","_kad_post_transparent":"","_kad_post_title":"","_kad_post_layout":"","_kad_post_sidebar_id":"","_kad_post_content_style":"","_kad_post_vertical_padding":"","_kad_post_feature":"","_kad_post_feature_position":"","_kad_post_header":false,"_kad_post_footer":false,"_kad_post_classname":""},"product-category":[],"class_list":["post-426","product","type-product","status-publish","has-post-thumbnail","hentry"],"acf":[],"taxonomy_info":[],"featured_image_src_large":["https:\/\/khsteel.net\/wp-content\/uploads\/2024\/07\/10006-8.png",800,800,false],"author_info":[],"comment_info":"","_links":{"self":[{"href":"https:\/\/khsteel.net\/es\/wp-json\/wp\/v2\/product\/426","targetHints":{"allow":["GET"]}}],"collection":[{"href":"https:\/\/khsteel.net\/es\/wp-json\/wp\/v2\/product"}],"about":[{"href":"https:\/\/khsteel.net\/es\/wp-json\/wp\/v2\/types\/product"}],"wp:featuredmedia":[{"embeddable":true,"href":"https:\/\/khsteel.net\/es\/wp-json\/wp\/v2\/media\/427"}],"wp:attachment":[{"href":"https:\/\/khsteel.net\/es\/wp-json\/wp\/v2\/media?parent=426"}],"wp:term":[{"taxonomy":"product-category","embeddable":true,"href":"https:\/\/khsteel.net\/es\/wp-json\/wp\/v2\/product-category?post=426"}],"curies":[{"name":"wp","href":"https:\/\/api.w.org\/{rel}","templated":true}]}}