{"id":414,"date":"2024-07-09T01:55:19","date_gmt":"2024-07-09T01:55:19","guid":{"rendered":"https:\/\/kehuan.easiwin.com\/?post_type=product&#038;p=414"},"modified":"2025-04-28T06:19:31","modified_gmt":"2025-04-28T06:19:31","slug":"fabrica-profesional-de-tuberias-de-petroleo-sin-soldadura-de-acero-al-carbono-cilindro-de-aceite-para-tuberias-de-petroleo-y-gas","status":"publish","type":"product","link":"https:\/\/khsteel.net\/es\/product\/professional-factory-petroleum-pipeline-seamless-carbon-oil-cylinder-steel-pipe-for-oil-and-gas-pipe\/","title":{"rendered":"F\u00e1brica profesional de oleoductos y gasoductos sin soldadura de acero al carbono para tuber\u00edas de petr\u00f3leo y gas"},"content":{"rendered":"<h3 class=\"wp-block-heading\" id=\"key-attributes\">Atributos clave<\/h3>\n\n\n\n<h4 class=\"wp-block-heading\">Atributos espec\u00edficos del sector<\/h4>\n\n\n\n<figure class=\"wp-block-table\"><table><tbody><tr><td>Secci\u00f3n Forma<\/td><td>Redondo<\/td><\/tr><tr><td>Tratamiento de superficies<\/td><td>Laminado en caliente<\/td><\/tr><tr><td>Tolerancia<\/td><td>\u00b11%<\/td><\/tr><tr><td>Engrasado o no engrasado<\/td><td>Sin aceite<\/td><\/tr><tr><td>Facturaci\u00f3n<\/td><td>por peso real<\/td><\/tr><\/tbody><\/table><\/figure>\n\n\n\n<p>Otros atributos<\/p>\n\n\n\n<figure class=\"wp-block-table\"><table><tbody><tr><td>Lugar de origen<\/td><td>Shandong, China<\/td><\/tr><tr><td>Aleaci\u00f3n o no<\/td><td>Sin aleaci\u00f3n<\/td><\/tr><tr><td>Est\u00e1ndar<\/td><td>JIS<\/td><\/tr><tr><td>Grado<\/td><td>Tubos mec\u00e1nicos oleoducto<\/td><\/tr><tr><td>Plazo de entrega<\/td><td>8-14 d\u00edas<\/td><\/tr><tr><td>Marca<\/td><td>kehuan<\/td><\/tr><tr><td>Aplicaci\u00f3n<\/td><td>Tubos para fluidos, tubos hidr\u00e1ulicos, tubos para aceite<\/td><\/tr><tr><td>Tuber\u00eda especial<\/td><td>Tubos API<\/td><\/tr><tr><td>Espesor<\/td><td>40-60mm<\/td><\/tr><tr><td>Longitud<\/td><td>12M, 6m, 6.4M, 3M<\/td><\/tr><tr><td>Certificado<\/td><td>API, JIS, ISO9001<\/td><\/tr><tr><td>Servicio de tramitaci\u00f3n<\/td><td>Corte<\/td><\/tr><tr><td>Nombre del producto<\/td><td>tuber\u00eda de petr\u00f3leo<\/td><\/tr><tr><td>Utilizaci\u00f3n<\/td><td>transmisi\u00f3n de gas .agua .petr\u00f3leo, vallado.construcci\u00f3n.<\/td><\/tr><tr><td>Palabra clave<\/td><td>tubos de petr\u00f3leo<\/td><\/tr><tr><td>longitud<\/td><td>Petici\u00f3n de los clientes<\/td><\/tr><tr><td>Detalles del embalaje<\/td><td>Paquete est\u00e1ndar de la exportaci\u00f3n, liado o sea requerido.<\/td><\/tr><tr><td>Ventaja<\/td><td>Gran resistencia a la corrosi\u00f3n<\/td><\/tr><tr><td>MOQ<\/td><td>5 toneladas<\/td><\/tr><tr><td>Servicio<\/td><td>24 horas en l\u00ednea<\/td><\/tr><tr><td>Grado<\/td><td>ASTM A106 A53 API 5L X42-X80, N80<\/td><\/tr><\/tbody><\/table><\/figure>\n\n\n\n<p>Especificaci\u00f3n<\/p>\n\n\n\n<figure class=\"wp-block-table\"><table><tbody><tr><td>Marca<\/td><td>kehuan<\/td><\/tr><tr><td>Aplicaci\u00f3n<\/td><td>Tubos para fluidos, tubos hidr\u00e1ulicos, tubos para aceite<\/td><\/tr><tr><td>Aleaci\u00f3n o no<\/td><td>Sin aleaci\u00f3n<\/td><\/tr><tr><td>Secci\u00f3n Forma<\/td><td>Redondo<\/td><\/tr><tr><td>Tuber\u00eda especial<\/td><td>Tubos API<\/td><\/tr><tr><td>Espesor<\/td><td>1-60 mm<\/td><\/tr><tr><td>Est\u00e1ndar<\/td><td>JIS<\/td><\/tr><tr><td>Longitud<\/td><td>12M, 6m, 6.4M, 3M<\/td><\/tr><tr><td>Certificado<\/td><td>API, JIS, ISO9001<\/td><\/tr><tr><td>Grado<\/td><td>Tubos mec\u00e1nicos oleoducto<\/td><\/tr><tr><td>Tratamiento de superficies<\/td><td>galvanizado<\/td><\/tr><tr><td>Tolerancia<\/td><td>\u00b15%<\/td><\/tr><tr><td>Servicio de tramitaci\u00f3n<\/td><td>Corte<\/td><\/tr><tr><td>Engrasado o no engrasado<\/td><td>Sin aceite<\/td><\/tr><tr><td>Facturaci\u00f3n<\/td><td>por peso real<\/td><\/tr><tr><td>Plazo de entrega<\/td><td>8-14 d\u00edas<\/td><\/tr><tr><td>Nombre del producto<\/td><td>tuber\u00eda de petr\u00f3leo<\/td><\/tr><tr><td>Utilizaci\u00f3n<\/td><td>transmisi\u00f3n de gas .agua .petr\u00f3leo, vallado.construcci\u00f3n.<\/td><\/tr><tr><td>Palabra clave<\/td><td>tubos de petr\u00f3leo<\/td><\/tr><tr><td>longitud<\/td><td>Petici\u00f3n de los clientes<\/td><\/tr><tr><td>Detalles del embalaje<\/td><td>Paquete est\u00e1ndar de la exportaci\u00f3n, liado o sea requerido.<\/td><\/tr><tr><td>Ventaja<\/td><td>Gran resistencia a la corrosi\u00f3n<\/td><\/tr><tr><td>MOQ<\/td><td>5 toneladas<\/td><\/tr><tr><td>Servicio<\/td><td>24 horas en l\u00ednea<\/td><\/tr><tr><td>Grado<\/td><td>ASTM A106 A53 API 5L X42-X80, N80<\/td><\/tr><\/tbody><\/table><\/figure>","protected":false},"featured_media":417,"parent":0,"template":"","meta":{"_acf_changed":true,"_gspb_post_css":"","_kad_blocks_custom_css":"","_kad_blocks_head_custom_js":"","_kad_blocks_body_custom_js":"","_kad_blocks_footer_custom_js":"","_kad_post_transparent":"","_kad_post_title":"","_kad_post_layout":"","_kad_post_sidebar_id":"","_kad_post_content_style":"","_kad_post_vertical_padding":"","_kad_post_feature":"","_kad_post_feature_position":"","_kad_post_header":false,"_kad_post_footer":false,"_kad_post_classname":""},"product-category":[],"class_list":["post-414","product","type-product","status-publish","has-post-thumbnail","hentry"],"acf":[],"taxonomy_info":[],"featured_image_src_large":["https:\/\/khsteel.net\/wp-content\/uploads\/2024\/07\/10003-3.png",800,800,false],"author_info":[],"comment_info":"","_links":{"self":[{"href":"https:\/\/khsteel.net\/es\/wp-json\/wp\/v2\/product\/414","targetHints":{"allow":["GET"]}}],"collection":[{"href":"https:\/\/khsteel.net\/es\/wp-json\/wp\/v2\/product"}],"about":[{"href":"https:\/\/khsteel.net\/es\/wp-json\/wp\/v2\/types\/product"}],"wp:featuredmedia":[{"embeddable":true,"href":"https:\/\/khsteel.net\/es\/wp-json\/wp\/v2\/media\/417"}],"wp:attachment":[{"href":"https:\/\/khsteel.net\/es\/wp-json\/wp\/v2\/media?parent=414"}],"wp:term":[{"taxonomy":"product-category","embeddable":true,"href":"https:\/\/khsteel.net\/es\/wp-json\/wp\/v2\/product-category?post=414"}],"curies":[{"name":"wp","href":"https:\/\/api.w.org\/{rel}","templated":true}]}}