{"id":3945,"date":"2025-06-30T08:04:38","date_gmt":"2025-06-30T08:04:38","guid":{"rendered":"https:\/\/khsteel.net\/?post_type=product&#038;p=3945"},"modified":"2025-06-30T08:04:39","modified_gmt":"2025-06-30T08:04:39","slug":"chapa-de-acero-inoxidable-gofrada","status":"publish","type":"product","link":"https:\/\/khsteel.net\/es\/product\/embossed-stainless-steel-plate\/","title":{"rendered":"304\/201 placa de acero inoxidable en relieve SS 304 Checkered chapa de acero Patr\u00f3n ASTM Personalizaci\u00f3n Est\u00e1ndar Apoyado"},"content":{"rendered":"<p>Placa de acero inoxidable en relieve<\/p>\n\n\n\n<p>P\u00e1gina web de la oficina:<a href=\"https:\/\/khsteel.net\/es\/\">https:\/\/khsteel.net\/<\/a><br>P\u00e1gina web de Alibaba:<a href=\"https:\/\/lckehuan.en.alibaba.com\/\" target=\"_blank\" rel=\"noreferrer noopener\">https:\/\/lckehuan.en.alibaba.com\/<\/a><\/p>\n\n\n\n<p>La placa de acero inoxidable gofrada se repuja en la placa de acero inoxidable a trav\u00e9s de equipos mec\u00e1nicos para hacer que la superficie de la placa tenga patrones c\u00f3ncavos y convexos; debido a la excelente resistencia a la corrosi\u00f3n y las propiedades antideslizantes de la placa de acero inoxidable gofrada, la placa de acero inoxidable gofrada ha sido adoptada por muchas industrias y ha comenzado a ser popular.<\/p>\n\n\n\n<p>Las placas de acero inoxidable en relieve se dividen en dos categor\u00edas:<br>Se lamina en un tren de laminaci\u00f3n cuando una acer\u00eda produce acero inoxidable. El grosor principal de este tipo de producto es de unos 3-6 mm, y se encuentra en estado de recocido y decapado tras el laminado en caliente.<\/p>\n\n\n\n<p>El segundo tipo de placa de acero inoxidable en relieve son las empresas transformadoras del mercado, que compran placas de acero inoxidable laminadas en caliente o en fr\u00edo a acer\u00edas y fabrican placas con dibujos mediante estampaci\u00f3n mec\u00e1nica. Este tipo de producto es c\u00f3ncavo por un lado y convexo por el otro, y suele utilizarse en ocasiones de decoraci\u00f3n civil en general. Este tipo de producto se suele laminar en fr\u00edo, y la mayor\u00eda de las chapas de acero inoxidable laminadas en fr\u00edo 2B\/BA del mercado son de este tipo.<\/p>\n\n\n\n<p>La primera placa de acero inoxidable gofrada ten\u00eda un patr\u00f3n de rayas horizontales y verticales alternas, que fue producido por Shanxi Taigang y Shanghai Baosteel Group. En los 20-30 a\u00f1os siguientes, los investigadores dise\u00f1aron patrones con mejores propiedades antideslizantes mediante continuos experimentos y mejoras, y tambi\u00e9n los produjeron y aplicaron en masa. En los \u00faltimos a\u00f1os, el uso de la chapa de acero inoxidable gofrada ha estado innovando, abri\u00e9ndose paso y cambiando constantemente, y las industrias y los modelos de productos aplicables tambi\u00e9n aumentan constantemente, y la velocidad de actualizaci\u00f3n de los productos tambi\u00e9n es m\u00e1s frecuente.<\/p>\n\n\n\n<figure class=\"wp-block-image size-full is-resized\"><img loading=\"lazy\" decoding=\"async\" width=\"720\" height=\"720\" src=\"https:\/\/khsteel.net\/wp-content\/uploads\/2025\/06\/H32ed3863f5a14cbda2af6e2537136325j.jpg_720x720q50.png\" alt=\"\" class=\"wp-image-3909\" style=\"width:825px;height:auto\" title=\"En relieve de chapa de acero inoxidable Ss304 316 410 430 decorativo antideslizante Checkered placa de piso para la cocina y el barco pasillo 1\" srcset=\"https:\/\/khsteel.net\/wp-content\/uploads\/2025\/06\/H32ed3863f5a14cbda2af6e2537136325j.jpg_720x720q50.png 720w, https:\/\/khsteel.net\/wp-content\/uploads\/2025\/06\/H32ed3863f5a14cbda2af6e2537136325j.jpg_720x720q50-300x300.png 300w, https:\/\/khsteel.net\/wp-content\/uploads\/2025\/06\/H32ed3863f5a14cbda2af6e2537136325j.jpg_720x720q50-150x150.png 150w, https:\/\/khsteel.net\/wp-content\/uploads\/2025\/06\/H32ed3863f5a14cbda2af6e2537136325j.jpg_720x720q50-12x12.png 12w\" sizes=\"auto, (max-width: 720px) 100vw, 720px\" \/><\/figure>\n\n\n\n<h2 class=\"wp-block-heading\" id=\"specification-for-stainless-steel-plate\">Especificaciones de la chapa de acero inoxidable<\/h2>\n\n\n\n<figure class=\"wp-block-table\"><table class=\"has-fixed-layout\"><tbody><tr><td>Art\u00edculo<\/td><td>Valor<\/td><\/tr><tr><td>Nombre del producto<\/td><td>Placa de acero inoxidable en relieve<\/td><\/tr><tr><td>Est\u00e1ndar<\/td><td>AiSi, ASTM, bs, DIN, GB, JIS<\/td><\/tr><tr><td>Grado<\/td><td>Serie 200: 201,202<br>Serie 300: 301,304,304L,316,316L,316Ti,317L,321,309s,310s<br>Serie 400: 409L,410,410s,420j1,420j2,430,444,441,436<\/td><\/tr><tr><td>Espesor<\/td><td>0,1 mm-60 mm (seg\u00fan las necesidades)<\/td><\/tr><tr><td>Talla<\/td><td>1219*2438,1500*6000,1800*6000,2000*6000mm(as required)<\/td><\/tr><tr><td>T\u00e9cnica<\/td><td>Laminado en fr\u00edo, Laminado en caliente<\/td><\/tr><tr><td>Superficie<\/td><td>Gofrado<\/td><\/tr><tr><td>Tolerancia<\/td><td>\u00b11%<\/td><\/tr><tr><td>Condiciones de precio<\/td><td>EXW, FOB, CFR, CIF<\/td><\/tr><tr><td>Servicio de tramitaci\u00f3n<\/td><td>Doblado, soldadura, desbobinado, corte, punzonado<\/td><\/tr><tr><td>Certificado<\/td><td>CE, ISO9001:2008, EN10028\/EN10204 3.1, EN10028\/EN10204 3.1<\/td><\/tr><tr><td>Aplicaci\u00f3n<\/td><td>cami\u00f3n, suelo, escalera, edificio, industria, etc.<\/td><\/tr><\/tbody><\/table><\/figure>\n\n\n\n<p>Placa de acero inoxidable de Descripci\u00f3n del producto<\/p>\n\n\n\n<figure class=\"wp-block-image\"><img decoding=\"async\" src=\"https:\/\/sc04.alicdn.com\/kf\/H0cb884f7b5c34bde98a8e568d0bf38c2R\/275915180\/H0cb884f7b5c34bde98a8e568d0bf38c2R.png\" alt=\"H0cb884f7b5c34bde98a8e568d0bf38c2R\" title=\"En relieve de chapa de acero inoxidable Ss304 316 410 430 decorativo antideslizante Checkered placa de piso para la cocina y el barco pasillo 2\"\/><\/figure>\n\n\n\n<figure class=\"wp-block-image\"><img decoding=\"async\" src=\"https:\/\/sc04.alicdn.com\/kf\/H33f30cfd6ac24b7e877c8e0103f562639\/275915180\/H33f30cfd6ac24b7e877c8e0103f562639.png\" alt=\"H33f30cfd6ac24b7e877c8e0103f562639\" title=\"Hoja de acero inoxidable en relieve Ss304 316 410 430 decorativo antideslizante Checkered placa de piso para la cocina y el barco pasillo 3\"\/><\/figure>\n\n\n\n<p>Certificaciones<\/p>\n\n\n\n<figure class=\"wp-block-image\"><img decoding=\"async\" src=\"https:\/\/sc04.alicdn.com\/kf\/Hd62d20b402574077a90b8a0bd52759ab9\/275915180\/Hd62d20b402574077a90b8a0bd52759ab9.jpg\" alt=\"Hd62d20b402574077a90b8a0bd52759ab9\" title=\"Hoja de acero inoxidable en relieve Ss304 316 410 430 decorativo antideslizante Checkered placa de piso para la cocina y el barco pasillo 4\"\/><\/figure>\n\n\n\n<h5 class=\"wp-block-heading\"><\/h5>\n\n\n\n<figure class=\"wp-block-image is-resized\"><img decoding=\"async\" src=\"https:\/\/khsteel.net\/wp-content\/uploads\/2025\/06\/%E5%BE%AE%E4%BF%A1%E5%9B%BE%E7%89%87_20250327141220-1024x768.jpg\" alt=\"\u5fae\u4fe1\u56fe\u7247 20250327141220\" class=\"wp-image-3078\" style=\"width:1031px;height:auto\" title=\"Hoja de acero inoxidable en relieve Ss304 316 410 430 decorativo antideslizante Checkered placa de piso para la cocina y el barco pasillo 6\"\/><\/figure>\n\n\n\n<figure class=\"wp-block-image is-resized\"><img loading=\"lazy\" decoding=\"async\" width=\"1024\" height=\"576\" src=\"https:\/\/khsteel.net\/wp-content\/uploads\/2025\/06\/1a570bcb36a42d262f01eabb7419d46-1024x576.png\" alt=\"1a570bcb36a42d262f01eabb7419d46\" class=\"wp-image-3077\" style=\"width:1040px;height:auto\" title=\"Hoja de acero inoxidable en relieve Ss304 316 410 430 decorativo antideslizante Checkered placa de piso para la cocina y el barco pasillo 5\" srcset=\"https:\/\/khsteel.net\/wp-content\/uploads\/2025\/06\/1a570bcb36a42d262f01eabb7419d46-1024x576.png 1024w, https:\/\/khsteel.net\/wp-content\/uploads\/2025\/06\/1a570bcb36a42d262f01eabb7419d46-300x169.png 300w, https:\/\/khsteel.net\/wp-content\/uploads\/2025\/06\/1a570bcb36a42d262f01eabb7419d46-768x432.png 768w, https:\/\/khsteel.net\/wp-content\/uploads\/2025\/06\/1a570bcb36a42d262f01eabb7419d46-1536x864.png 1536w, https:\/\/khsteel.net\/wp-content\/uploads\/2025\/06\/1a570bcb36a42d262f01eabb7419d46-18x10.png 18w, https:\/\/khsteel.net\/wp-content\/uploads\/2025\/06\/1a570bcb36a42d262f01eabb7419d46.png 1920w\" sizes=\"auto, (max-width: 1024px) 100vw, 1024px\" \/><\/figure>\n\n\n\n<figure class=\"wp-block-image is-resized\"><img loading=\"lazy\" decoding=\"async\" width=\"1024\" height=\"576\" src=\"https:\/\/khsteel.net\/wp-content\/uploads\/2025\/06\/6ec338dae594e1c315544bb262d221e-1024x576.png\" alt=\"6ec338dae594e1c315544bb262d221e\" class=\"wp-image-3079\" style=\"width:1039px;height:auto\" title=\"Hoja de acero inoxidable en relieve Ss304 316 410 430 decorativo antideslizante Checkered placa de piso para la cocina y el barco pasillo 7\" srcset=\"https:\/\/khsteel.net\/wp-content\/uploads\/2025\/06\/6ec338dae594e1c315544bb262d221e-1024x576.png 1024w, https:\/\/khsteel.net\/wp-content\/uploads\/2025\/06\/6ec338dae594e1c315544bb262d221e-300x169.png 300w, https:\/\/khsteel.net\/wp-content\/uploads\/2025\/06\/6ec338dae594e1c315544bb262d221e-768x432.png 768w, https:\/\/khsteel.net\/wp-content\/uploads\/2025\/06\/6ec338dae594e1c315544bb262d221e-1536x864.png 1536w, https:\/\/khsteel.net\/wp-content\/uploads\/2025\/06\/6ec338dae594e1c315544bb262d221e-18x10.png 18w, https:\/\/khsteel.net\/wp-content\/uploads\/2025\/06\/6ec338dae594e1c315544bb262d221e.png 1920w\" sizes=\"auto, (max-width: 1024px) 100vw, 1024px\" \/><\/figure>\n\n\n\n<h2 class=\"wp-block-heading\" id=\"one-million-tons\">Un mill\u00f3n de toneladas<\/h2>\n\n\n\n<h6 class=\"wp-block-heading\" id=\"annual-output\">PRODUCCI\u00d3N ANUAL<\/h6>\n\n\n\n<h2 class=\"wp-block-heading\" id=\"100-000-tons\">100.000 toneladas<\/h2>\n\n\n\n<h6 class=\"wp-block-heading\" id=\"inventory\">INVENTARIO<\/h6>\n\n\n\n<figure class=\"wp-block-image\"><img decoding=\"async\" src=\"https:\/\/sc04.alicdn.com\/kf\/Hb59beb4bd2114b8aa8d9644ab7ec0a24I\/275915180\/Hb59beb4bd2114b8aa8d9644ab7ec0a24I.jpg\" alt=\"Hb59beb4bd2114b8aa8d9644ab7ec0a24I\" title=\"Hoja de acero inoxidable en relieve Ss304 316 410 430 decorativo antideslizante Checkered placa de piso para la cocina y el barco pasillo 8\"\/><\/figure>\n\n\n\n<h2 class=\"wp-block-heading\" id=\"we-have-a-professional-sales-team-and-after-sales-service\">Contamos con un equipo de ventas y un servicio posventa profesionales<\/h2>\n\n\n\n<figure class=\"wp-block-image\"><img decoding=\"async\" src=\"https:\/\/sc04.alicdn.com\/kf\/Hdb0ab228bd304d50bd3de3b6548839495\/275915180\/Hdb0ab228bd304d50bd3de3b6548839495.jpg\" alt=\"Hdb0ab228bd304d50bd3de3b6548839495\" title=\"En relieve de chapa de acero inoxidable Ss304 316 410 430 decorativo antideslizante Checkered placa de piso para la cocina y el barco pasillo 9\"\/><\/figure>\n\n\n\n<figure class=\"wp-block-image\"><img decoding=\"async\" src=\"https:\/\/sc04.alicdn.com\/kf\/H31ecca552e9e44b08c6c06be7d19f804Q\/275915180\/H31ecca552e9e44b08c6c06be7d19f804Q.jpg\" alt=\"H31ecca552e9e44b08c6c06be7d19f804Q\" title=\"Hoja de acero inoxidable en relieve Ss304 316 410 430 decorativo antideslizante Checkered placa de piso para la cocina y el barco pasillo 10\"\/><\/figure>\n\n\n\n<p><strong>Shandong Kehuan Petroleum Equipment Co.<\/strong>\u00a0es un fabricante profesional dedicado a la investigaci\u00f3n, el desarrollo, la producci\u00f3n, la venta y el servicio de\u00a0<strong>Placa de acero inoxidable en relieve<\/strong>,\u00a0<strong>Chapa de acero inoxidable, Acero inoxidable<\/strong>bobina de anguila y as\u00ed sucesivamente. Estamos situados en la ciudad de Liaocheng con acceso conveniente del transporte, nuestra f\u00e1brica tiene experiencia rica en producir pues nos contratan al mercado interior por m\u00e1s de 15 a\u00f1os.el almacenamiento al aire libre en grande moderno y el almacenamiento interior se han instalado en nuestra compa\u00f1\u00eda, y 20.000 toneladas de mercanc\u00edas disponibles se han preparado\". Proporcionar productos de calidad, excelente servicio, precios competitivos y entrega r\u00e1pida\" estamos mirando adelante a la cooperaci\u00f3n a\u00fan mayor con los clientes de ultramar sobre la base de beneficios mutuos.<br><br><strong>Nuestras ventajas.<\/strong><br>Garant\u00eda de calidad: Proporcionar productos de calidad y al mismo tiempo mejorar el servicio postventa.<br>Servicio integral: Tenemos un equipo compatible y experimentado del R&amp;D.<br>Factor independiente: Tenemos nuestra propia f\u00e1brica y damos el mejor precio.<br>Equipo profesional: Equipo profesional para ofrecerle un servicio eficiente.<\/p>\n\n\n\n<p>En Kehuan aplicamos estrategias de gesti\u00f3n del cambio espec\u00edficamente adaptadas a la industria sider\u00fargica, perfectamente integradas en nuestras operaciones. Nuestro enfoque no s\u00f3lo aumenta los beneficios inmediatos para el cliente, sino que tambi\u00e9n sienta las bases para ventajas duraderas dentro de su actual cartera de productos de acero.C\u00f3modo Online<\/p>\n\n\n\n<ul class=\"wp-block-list\">\n<li>Mantenimiento sin complicaciones<\/li>\n\n\n\n<li>Especialistas certificados del sector<\/li>\n\n\n\n<li>Materiales y componentes aut\u00e9nticos<\/li>\n\n\n\n<li>C\u00f3modo pedido en l\u00ednea<\/li>\n\n\n\n<li>Precios transparentes<\/li>\n<\/ul>\n\n\n\n<p><strong>Por qu\u00e9 nosotros<\/strong><\/p>\n\n\n\n<p>La selecci\u00f3n de un proveedor de servicios sider\u00fargicos es una decisi\u00f3n crucial, que repercute en la seguridad y el rendimiento de sus proyectos. En Kehuan, ofrecemos una experiencia inigualable en el sector del acero. Con a\u00f1os de experiencia, poseemos un profundo conocimiento de los productos de acero, lo que garantiza que sus proyectos reciban el m\u00e1ximo nivel de atenci\u00f3n.<\/p>\n\n\n\n<ul class=\"wp-block-list\">\n<li>Experiencia inigualable en acero<\/li>\n\n\n\n<li>Dedicados a sus especificaciones<\/li>\n\n\n\n<li>Materiales de primera calidad<\/li>\n\n\n\n<li>Proceso de pedido simplificado<\/li>\n\n\n\n<li>Entrega puntual, sin compromisos<\/li>\n<\/ul>","protected":false},"featured_media":3819,"parent":0,"template":"","meta":{"_acf_changed":true,"_gspb_post_css":"","_kad_blocks_custom_css":"","_kad_blocks_head_custom_js":"","_kad_blocks_body_custom_js":"","_kad_blocks_footer_custom_js":"","_kad_post_transparent":"","_kad_post_title":"","_kad_post_layout":"","_kad_post_sidebar_id":"","_kad_post_content_style":"","_kad_post_vertical_padding":"","_kad_post_feature":"","_kad_post_feature_position":"","_kad_post_header":false,"_kad_post_footer":false,"_kad_post_classname":""},"product-category":[85],"class_list":["post-3945","product","type-product","status-publish","has-post-thumbnail","hentry","product-category-stainless-steel-plate-patterned-plate"],"acf":[],"taxonomy_info":{"product-category":[{"value":85,"label":"Stainless steel plate \/patterned plate"}]},"featured_image_src_large":["https:\/\/khsteel.net\/wp-content\/uploads\/2025\/06\/Hed1569e4c6944ab98ff3dc791fb71e828.jpg_720x720q50.png",720,720,false],"author_info":[],"comment_info":"","_links":{"self":[{"href":"https:\/\/khsteel.net\/es\/wp-json\/wp\/v2\/product\/3945","targetHints":{"allow":["GET"]}}],"collection":[{"href":"https:\/\/khsteel.net\/es\/wp-json\/wp\/v2\/product"}],"about":[{"href":"https:\/\/khsteel.net\/es\/wp-json\/wp\/v2\/types\/product"}],"wp:featuredmedia":[{"embeddable":true,"href":"https:\/\/khsteel.net\/es\/wp-json\/wp\/v2\/media\/3819"}],"wp:attachment":[{"href":"https:\/\/khsteel.net\/es\/wp-json\/wp\/v2\/media?parent=3945"}],"wp:term":[{"taxonomy":"product-category","embeddable":true,"href":"https:\/\/khsteel.net\/es\/wp-json\/wp\/v2\/product-category?post=3945"}],"curies":[{"name":"wp","href":"https:\/\/api.w.org\/{rel}","templated":true}]}}