{"id":393,"date":"2024-07-09T01:31:07","date_gmt":"2024-07-09T01:31:07","guid":{"rendered":"https:\/\/kehuan.easiwin.com\/?post_type=product&#038;p=393"},"modified":"2025-04-28T06:23:31","modified_gmt":"2025-04-28T06:23:31","slug":"venta-caliente-de-tubos-de-automoviles-34crmo4-34mnb5-35crmo-eje-utilizado-para-los-coches-suministro-directo-de-fabrica-astm","status":"publish","type":"product","link":"https:\/\/khsteel.net\/es\/product\/hot-sale-automobile-tubing-34crmo4-34mnb5-35crmo-shaft-used-for-cars-factory-direct-supply-astm\/","title":{"rendered":"Venta caliente Autom\u00f3vil Tubo 34CrMo4 34MnB5 35CRMo eje utilizado para coches suministro directo de f\u00e1brica astm"},"content":{"rendered":"<h3 class=\"wp-block-heading\" id=\"key-attributes\">Atributos clave<\/h3>\n\n\n\n<h4 class=\"wp-block-heading\">Atributos espec\u00edficos del sector<\/h4>\n\n\n\n<figure class=\"wp-block-table\"><table><tbody><tr><td>Secci\u00f3n Forma<\/td><td>Redondo<\/td><\/tr><tr><td>Tratamiento de superficies<\/td><td>Laminado en caliente<\/td><\/tr><tr><td>Tolerancia<\/td><td>\u00b11%<\/td><\/tr><tr><td>Engrasado o no engrasado<\/td><td>Sin aceite<\/td><\/tr><tr><td>Facturaci\u00f3n<\/td><td>por peso real<\/td><\/tr><\/tbody><\/table><\/figure>\n\n\n\n<p>Otros atributos<\/p>\n\n\n\n<figure class=\"wp-block-table\"><table><tbody><tr><td>Lugar de origen<\/td><td>Shandong, China<\/td><\/tr><tr><td>Aleaci\u00f3n o no<\/td><td>Sin aleaci\u00f3n<\/td><\/tr><tr><td>Est\u00e1ndar<\/td><td>ASTM<\/td><\/tr><tr><td>Grado<\/td><td>Q235 Q345b Q355b S255JR ST52<\/td><\/tr><tr><td>Plazo de entrega<\/td><td>en un plazo de 16 d\u00edas<\/td><\/tr><tr><td>Marca<\/td><td>Kehuan<\/td><\/tr><tr><td>Aplicaci\u00f3n<\/td><td>Tubos para fluidos, tubos para calderas, tubos de perforaci\u00f3n, tubos hidr\u00e1ulicos, tubos de gas, tubos para petr\u00f3leo, tubos para fertilizantes qu\u00edmicos, tubos para estructuras, otros<\/td><\/tr><tr><td>Tuber\u00eda especial<\/td><td>Tubos API, Otros, Tubos de pared gruesa<\/td><\/tr><tr><td>Espesor<\/td><td>6-50 mm<\/td><\/tr><tr><td>Longitud<\/td><td>12M, 6m, 6.4M<\/td><\/tr><tr><td>Certificado<\/td><td>ISO9001<\/td><\/tr><tr><td>Servicio de tramitaci\u00f3n<\/td><td>Soldadura, punzonado, corte, plegado, desbobinado<\/td><\/tr><tr><td>Marca<\/td><td>Kehuan<\/td><\/tr><tr><td>Nombre del producto<\/td><td>Tuber\u00eda de autom\u00f3vil<\/td><\/tr><tr><td>Tipo<\/td><td>Tubo hueco de carbono laminado en caliente<\/td><\/tr><tr><td>Forma<\/td><td>Redondo<\/td><\/tr><tr><td>Utilizaci\u00f3n<\/td><td>Barra estabilizadora para autom\u00f3viles<\/td><\/tr><tr><td>Material<\/td><td>Acero al carbono<\/td><\/tr><tr><td>MOQ<\/td><td>1 tonelada<\/td><\/tr><tr><td>Embalaje<\/td><td>Embalaje mar\u00edtimo est\u00e1ndar<\/td><\/tr><tr><td>Ventaja<\/td><td>Alta calidad Precio competitivo Servicio superior<\/td><\/tr><tr><td>Palabra clave<\/td><td>Tubo de acero redondo<\/td><\/tr><\/tbody><\/table><\/figure>\n\n\n\n<p>Especificaci\u00f3n<\/p>\n\n\n\n<figure class=\"wp-block-table\"><table><tbody><tr><td>art\u00edculo<\/td><td>valor<\/td><\/tr><tr><td>Lugar de origen<\/td><td>China<\/td><\/tr><tr><td><\/td><td>Shandong<\/td><\/tr><tr><td>Marca<\/td><td>Kehuan<\/td><\/tr><tr><td>Nombre del producto<\/td><td>Tuber\u00eda de autom\u00f3vil<\/td><\/tr><tr><td>Aplicaci\u00f3n<\/td><td>Autom\u00f3vil<\/td><\/tr><tr><td>Aleaci\u00f3n o no<\/td><td>Sin aleaci\u00f3n<\/td><\/tr><tr><td>Est\u00e1ndar<\/td><td>ASTM<\/td><\/tr><tr><td>Tratamiento de superficies<\/td><td>Laminado en caliente<\/td><\/tr><tr><td>Tolerancia<\/td><td>\u00b11%<\/td><\/tr><tr><td>Engrasado o no engrasado<\/td><td>Sin aceite<\/td><\/tr><tr><td>Plazo de entrega<\/td><td>en un plazo de 16 d\u00edas<\/td><\/tr><tr><td>Forma<\/td><td>Redondo<\/td><\/tr><tr><td>Longitud<\/td><td>6-12m<\/td><\/tr><tr><td>Di\u00e1metro exterior<\/td><td>76-1220 mm<\/td><\/tr><tr><td>Espesor<\/td><td>6-50 mm<\/td><\/tr><\/tbody><\/table><\/figure>","protected":false},"featured_media":398,"parent":0,"template":"","meta":{"_acf_changed":true,"_gspb_post_css":"","_kad_blocks_custom_css":"","_kad_blocks_head_custom_js":"","_kad_blocks_body_custom_js":"","_kad_blocks_footer_custom_js":"","_kad_post_transparent":"","_kad_post_title":"","_kad_post_layout":"","_kad_post_sidebar_id":"","_kad_post_content_style":"","_kad_post_vertical_padding":"","_kad_post_feature":"","_kad_post_feature_position":"","_kad_post_header":false,"_kad_post_footer":false,"_kad_post_classname":""},"product-category":[],"class_list":["post-393","product","type-product","status-publish","has-post-thumbnail","hentry"],"acf":[],"taxonomy_info":[],"featured_image_src_large":["https:\/\/khsteel.net\/wp-content\/uploads\/2024\/07\/10006-6.png",747,747,false],"author_info":[],"comment_info":"","_links":{"self":[{"href":"https:\/\/khsteel.net\/es\/wp-json\/wp\/v2\/product\/393","targetHints":{"allow":["GET"]}}],"collection":[{"href":"https:\/\/khsteel.net\/es\/wp-json\/wp\/v2\/product"}],"about":[{"href":"https:\/\/khsteel.net\/es\/wp-json\/wp\/v2\/types\/product"}],"wp:featuredmedia":[{"embeddable":true,"href":"https:\/\/khsteel.net\/es\/wp-json\/wp\/v2\/media\/398"}],"wp:attachment":[{"href":"https:\/\/khsteel.net\/es\/wp-json\/wp\/v2\/media?parent=393"}],"wp:term":[{"taxonomy":"product-category","embeddable":true,"href":"https:\/\/khsteel.net\/es\/wp-json\/wp\/v2\/product-category?post=393"}],"curies":[{"name":"wp","href":"https:\/\/api.w.org\/{rel}","templated":true}]}}