{"id":382,"date":"2024-07-09T01:18:29","date_gmt":"2024-07-09T01:18:29","guid":{"rendered":"https:\/\/kehuan.easiwin.com\/?post_type=product&#038;p=382"},"modified":"2025-04-28T06:24:11","modified_gmt":"2025-04-28T06:24:11","slug":"fabricante-de-carbono-suave-cuadrado-soldado-por-inmersion-en-caliente-1-5-pulgadas-tubo-de-acero-galvanizado-para-invernadero","status":"publish","type":"product","link":"https:\/\/khsteel.net\/es\/product\/manufacturer-mild-carbon-square-welded-hot-dip-1-5-inch-galvanized-steel-pipe-tube-for-greenhouse\/","title":{"rendered":"Fabricante de tubos de acero galvanizado de 1,5 pulgadas soldados en caliente para invernaderos."},"content":{"rendered":"<h3 class=\"wp-block-heading\" id=\"key-attributes\">Atributos clave<\/h3>\n\n\n\n<h4 class=\"wp-block-heading\">Atributos espec\u00edficos del sector<\/h4>\n\n\n\n<figure class=\"wp-block-table\"><table><tbody><tr><td>Secci\u00f3n Forma<\/td><td>Redondo<\/td><\/tr><tr><td>Tratamiento de superficies<\/td><td>galvanizado<\/td><\/tr><tr><td>Tolerancia<\/td><td>\u00b11%<\/td><\/tr><tr><td>Engrasado o no engrasado<\/td><td>Ligeramente aceitado<\/td><\/tr><tr><td>Facturaci\u00f3n<\/td><td>por peso real<\/td><\/tr><\/tbody><\/table><\/figure>\n\n\n\n<p>Otros atributos<\/p>\n\n\n\n<figure class=\"wp-block-table\"><table><tbody><tr><td>Lugar de origen<\/td><td>Shandong, China<\/td><\/tr><tr><td>Aleaci\u00f3n o no<\/td><td>Es aleaci\u00f3n<\/td><\/tr><tr><td>Est\u00e1ndar<\/td><td>ASTM<\/td><\/tr><tr><td>T\u00e9cnica<\/td><td>ERW<\/td><\/tr><tr><td>Grado<\/td><td>Q215A;Q215B;Q235A;Q235B,10#,20#<\/td><\/tr><tr><td>Plazo de entrega<\/td><td>15-21 d\u00edas<\/td><\/tr><tr><td>Marca<\/td><td>Kehuan<\/td><\/tr><tr><td>Aplicaci\u00f3n<\/td><td>Tuber\u00eda de fluidos, tuber\u00eda de gas, tuber\u00eda de petr\u00f3leo, tuber\u00eda de fertilizantes qu\u00edmicos, otros<\/td><\/tr><tr><td>Tuber\u00eda especial<\/td><td>Tubos de pared gruesa, Otros<\/td><\/tr><tr><td>Espesor<\/td><td>0,8-2,5 mm<\/td><\/tr><tr><td>Longitud<\/td><td>6m, Personalizado<\/td><\/tr><tr><td>Certificado<\/td><td>API, CE, Bsi, KS, JIS, GS, ISO9001<\/td><\/tr><tr><td>Servicio de tramitaci\u00f3n<\/td><td>Soldadura, punzonado, corte, plegado, desbobinado<\/td><\/tr><tr><td>Aplicaci\u00f3n<\/td><td>Tuber\u00eda de fluidos<\/td><\/tr><tr><td>Est\u00e1ndar<\/td><td>ASTM A213-2001 DIN EN 10217-1-2005<\/td><\/tr><tr><td>Nombre del producto<\/td><td>Tubo de acero galvanizado<\/td><\/tr><tr><td>T\u00e9cnica<\/td><td>ERW LSAW SSAW Sin soldadura<\/td><\/tr><tr><td>Superficie<\/td><td>Requisitos de los clientes<\/td><\/tr><tr><td>Forma<\/td><td>Redondo.Cuadrado.Rect\u00e1ngulo<\/td><\/tr><tr><td>Tipo<\/td><td>Tubos de acero soldados sin soldadura<\/td><\/tr><tr><td>Utilizaci\u00f3n<\/td><td>Estructura del invernadero<\/td><\/tr><tr><td>Condiciones de pago<\/td><td>TT\\LC Etc<\/td><\/tr><tr><td>Muestra<\/td><td>Muestra libremente<\/td><\/tr><\/tbody><\/table><\/figure>\n\n\n\n<p>Embalaje y entrega<\/p>\n\n\n\n<figure class=\"wp-block-table\"><table><tbody><tr><td>Unidades de venta:<\/td><td>Art\u00edculo \u00fanico&nbsp;&nbsp;<\/td><\/tr><tr><td>Tama\u00f1o de envase individual:<\/td><td>1X1X1 cm<\/td><\/tr><tr><td>Peso bruto \u00fanico:<\/td><td>1.000 kg<\/td><\/tr><\/tbody><\/table><\/figure>","protected":false},"featured_media":383,"parent":0,"template":"","meta":{"_acf_changed":true,"_gspb_post_css":"","_kad_blocks_custom_css":"","_kad_blocks_head_custom_js":"","_kad_blocks_body_custom_js":"","_kad_blocks_footer_custom_js":"","_kad_post_transparent":"","_kad_post_title":"","_kad_post_layout":"","_kad_post_sidebar_id":"","_kad_post_content_style":"","_kad_post_vertical_padding":"","_kad_post_feature":"","_kad_post_feature_position":"","_kad_post_header":false,"_kad_post_footer":false,"_kad_post_classname":""},"product-category":[],"class_list":["post-382","product","type-product","status-publish","has-post-thumbnail","hentry"],"acf":[],"taxonomy_info":[],"featured_image_src_large":["https:\/\/khsteel.net\/wp-content\/uploads\/2024\/07\/10004-3.png",800,800,false],"author_info":[],"comment_info":"","_links":{"self":[{"href":"https:\/\/khsteel.net\/es\/wp-json\/wp\/v2\/product\/382","targetHints":{"allow":["GET"]}}],"collection":[{"href":"https:\/\/khsteel.net\/es\/wp-json\/wp\/v2\/product"}],"about":[{"href":"https:\/\/khsteel.net\/es\/wp-json\/wp\/v2\/types\/product"}],"wp:featuredmedia":[{"embeddable":true,"href":"https:\/\/khsteel.net\/es\/wp-json\/wp\/v2\/media\/383"}],"wp:attachment":[{"href":"https:\/\/khsteel.net\/es\/wp-json\/wp\/v2\/media?parent=382"}],"wp:term":[{"taxonomy":"product-category","embeddable":true,"href":"https:\/\/khsteel.net\/es\/wp-json\/wp\/v2\/product-category?post=382"}],"curies":[{"name":"wp","href":"https:\/\/api.w.org\/{rel}","templated":true}]}}