{"id":3774,"date":"2025-06-27T01:48:33","date_gmt":"2025-06-27T01:48:33","guid":{"rendered":"https:\/\/khsteel.net\/?post_type=product&#038;p=3774"},"modified":"2025-06-27T01:48:34","modified_gmt":"2025-06-27T01:48:34","slug":"bobinas-de-acero-galvanizado-5","status":"publish","type":"product","link":"https:\/\/khsteel.net\/es\/product\/galvanized-steel-coils-5\/","title":{"rendered":"Venta directa de f\u00e1brica de alta calidad por inmersi\u00f3n en caliente bobinas de acero galvanizado, 0,12-0,6 mm galvanizado techo bobinas de acero Z180 Dx51d bobinas de acero galvanizado"},"content":{"rendered":"<p>Sitio web de la empresa<\/p>\n\n\n\n<p>P\u00e1gina web de la oficina:<a href=\"https:\/\/khsteel.net\/es\/\">https:\/\/khsteel.net\/<\/a><br>P\u00e1gina web de Alibaba:<a href=\"https:\/\/lckehuan.en.alibaba.com\/\" target=\"_blank\" rel=\"noopener\">https:\/\/lckehuan.en.alibaba.com\/<\/a><\/p>\n\n\n\n<h2 class=\"wp-block-heading\" id=\"specification-galvanized-steel-coils\"><strong>Especificaci\u00f3n<\/strong> bobinas de acero galvanizado<\/h2>\n\n\n\n<figure class=\"wp-block-table\"><table class=\"has-fixed-layout\"><tbody><tr><td>art\u00edculo<\/td><td>valor<\/td><\/tr><tr><td>Tolerancia<\/td><td>\u00b11%<\/td><\/tr><tr><td>Lugar de origen<\/td><td>China<\/td><\/tr><tr><td>Tipo<\/td><td>bobinas de acero galvanizado<\/td><\/tr><tr><td>Plazo de entrega<\/td><td>14 d\u00edas<\/td><\/tr><tr><td>Grado<\/td><td>Acero al carbono<\/td><\/tr><tr><td>Est\u00e1ndar<\/td><td>AiSi, ASTM, BS, DIN, GB<\/td><\/tr><tr><td>Marca<\/td><td>Kehuan<\/td><\/tr><tr><td>Tipo<\/td><td>Bobina de acero<\/td><\/tr><tr><td>T\u00e9cnica<\/td><td>Laminado en caliente<\/td><\/tr><tr><td>Tratamiento de superficies<\/td><td>Recubierto<\/td><\/tr><tr><td>Aplicaci\u00f3n<\/td><td>Otros<\/td><\/tr><tr><td>Uso especial<\/td><td>Placa de acero de alta resistencia<\/td><\/tr><tr><td>Anchura<\/td><td>500-2500 mm o seg\u00fan las necesidades del cliente.<\/td><\/tr><tr><td>Longitud<\/td><td>Bobina<\/td><\/tr><tr><td>Servicio de tramitaci\u00f3n<\/td><td>Plegado, corte, desenrollado, punzonado, soldadura<\/td><\/tr><\/tbody><\/table><\/figure>\n\n\n\n<h2 class=\"wp-block-heading\" id=\"selling-point-galvanized-steel-coils\"><strong>Punto de venta<\/strong> bobinas de acero galvanizado<\/h2>\n\n\n\n<p>El galvanizado es un m\u00e9todo antioxidante rentable y muy utilizado, y aproximadamente la mitad de la producci\u00f3n de zinc se destina a este proceso. Las l\u00e1minas de acero galvanizado est\u00e1n recubiertas con una capa de zinc met\u00e1lico en la superficie de las l\u00e1minas de acero para evitar la corrosi\u00f3n en la superficie de las l\u00e1minas de acero y prolongar su vida \u00fatil. Se denominan l\u00e1minas galvanizadas. Seg\u00fan los m\u00e9todos de producci\u00f3n y procesamiento, se pueden dividir en las siguientes categor\u00edas:<\/p>\n\n\n\n<p>1: Chapas de acero galvanizadas en caliente. La chapa de acero fina se sumerge en un tanque de zinc fundido para que una capa de zinc se adhiera a su superficie. En la actualidad, se utiliza principalmente el proceso de galvanizaci\u00f3n continua, es decir, la chapa de acero laminada se sumerge continuamente en un tanque de zinc fundido para fabricar una chapa de acero galvanizada.;<\/p>\n\n\n\n<p>2: Chapa de acero galvanizado aleado. Esta chapa de acero tambi\u00e9n se fabrica mediante inmersi\u00f3n en caliente, pero se calienta inmediatamente a unos 500 \u2103 despu\u00e9s de salir del tanque para formar una pel\u00edcula aleada de zinc y hierro. Esta chapa galvanizada tiene un buen sellado del recubrimiento y soldabilidad.;<\/p>\n\n\n\n<p>3: Chapa de acero galvanizado. Esta chapa de acero galvanizado se fabrica mediante galvanoplastia y tiene una buena capacidad de procesamiento. Sin embargo, el recubrimiento es fino y la resistencia a la corrosi\u00f3n no es tan buena como la de la chapa galvanizada en caliente.;<\/p>\n\n\n\n<p>4: Chapa de acero galvanizado por una cara y chapa de acero galvanizado diferencial por ambas caras. Chapa de acero galvanizada por una sola cara, es decir, solo una cara del producto est\u00e1 galvanizada. Tiene mejor adaptabilidad que la chapa galvanizada por ambas caras en soldadura, pintura, tratamiento antioxidante, procesamiento, etc. Para superar la desventaja de la galvanizaci\u00f3n por una sola cara, se recubre otra chapa galvanizada con una fina capa de zinc, es decir, chapa galvanizada diferencial por ambas caras.<\/p>\n\n\n\n<h2 class=\"wp-block-heading\" id=\"application-galvanized-steel-coils\"><strong>Aplicaci\u00f3n<\/strong> bobinas de acero galvanizado<\/h2>\n\n\n\n<p>Galvalume es un acero al carbono que ha sido recubierto con una aleaci\u00f3n de aluminio y zinc (55% de aluminio y 45% de zinc) tras pasar por un proceso continuo de inmersi\u00f3n en caliente. El galvalume es ideal para aplicaciones en techos y revestimientos, incluyendo cortadores y tuber\u00edas, as\u00ed como piezas de autom\u00f3viles y electrodom\u00e9sticos. Se puede pintar o utilizar sin tratar y tiene una excelente resistencia a la corrosi\u00f3n y una larga vida \u00fatil. Tambi\u00e9n se puede moldear y estampar f\u00e1cilmente. Por otra parte, el material GL tambi\u00e9n se utiliza para fabricar productos como PPGL para l\u00e1minas de techado o, con una t\u00e9cnica m\u00e1s avanzada, los productos GL tambi\u00e9n se pueden utilizar para tejas corrugadas.<\/p>\n\n\n\n<figure class=\"wp-block-image\"><img decoding=\"async\" src=\"https:\/\/sc04.alicdn.com\/kf\/H482030e0a5054837a525da545c8fc39dL\/272283169\/H482030e0a5054837a525da545c8fc39dL.png\" alt=\"Bobina de acero galvanizado por inmersi\u00f3n en caliente de 0,12-0,6 mm Bobina de acero galvanizado para techos Z180 Dx51d Bobina de acero galvanizado con recubrimiento de zinc Gi\" title=\"\"><\/figure>\n\n\n\n<figure class=\"wp-block-table\"><table class=\"has-fixed-layout\"><tbody><tr><td><strong>Nombre<\/strong><\/td><td>bobinas de acero galvanizado<\/td><\/tr><tr><td><strong>Espesor<\/strong><\/td><td>0,11 ~3,0 mm o seg\u00fan las especificaciones del cliente.<\/td><\/tr><tr><td><strong>Anchura<\/strong><\/td><td>600-1500 mm o seg\u00fan las especificaciones del cliente.<\/td><\/tr><tr><td><strong>Est\u00e1ndar<\/strong><\/td><td>ASTM-A653, JIS G3302, EN10147, etc.<\/td><\/tr><tr><td><strong>Grado de acero<\/strong><\/td><td>Dx51D, Dx52D, Dx53D, DX54D, S220GD, S250GD, S280GD, S350GD, S350GD, S550GD; SGCC, SGHC, SGCH, SGH340, SGH400, SGH440, SGH490,<br>SGH540, SGCD1, SGCD2, SGCD3, SGC340, SGC340, SGC490, SGC570; SQ CR22 (230), SQ CR22 (255), SQ CR40 (275), SQ CR50 (340), SQ<br>CR80 (550), CQ, FS, DDS, EDDS, SQ CR33 (230), SQ CR37 (255), SQCR40 (275), SQ CR50 (340), SQ CR80 (550); o seg\u00fan los requisitos del cliente.<\/td><\/tr><tr><td><strong>Pedido habitual<\/strong><\/td><td>28 toneladas o un contenedor. Para cantidades menores, p\u00f3ngase en contacto con nosotros para obtener m\u00e1s informaci\u00f3n.<\/td><\/tr><tr><td><strong>Dureza<\/strong><\/td><td>Blanda-dura (HRB60), media-dura (HRB60-85), dura (HRB85-95)<\/td><\/tr><tr><td><strong>Estructura de la superficie<\/strong><\/td><td>Lentejuelas normales, lentejuelas m\u00ednimas, sin lentejuelas, lentejuelas grandes.<\/td><\/tr><tr><td><strong>Tratamiento de superficies<\/strong><\/td><td>Cromado\/sin cromar, aceitado\/sin aceitar, acabado skin pass<\/td><\/tr><tr><td><strong>Plazo de entrega<\/strong><\/td><td>En un plazo de 7 d\u00edas o en funci\u00f3n de la cantidad del producto.<\/td><\/tr><\/tbody><\/table><\/figure>\n\n\n\n<p><\/p>","protected":false},"featured_media":3707,"parent":0,"template":"","meta":{"_acf_changed":true,"_gspb_post_css":"","_kad_blocks_custom_css":"","_kad_blocks_head_custom_js":"","_kad_blocks_body_custom_js":"","_kad_blocks_footer_custom_js":"","_kad_post_transparent":"","_kad_post_title":"","_kad_post_layout":"","_kad_post_sidebar_id":"","_kad_post_content_style":"","_kad_post_vertical_padding":"","_kad_post_feature":"","_kad_post_feature_position":"","_kad_post_header":false,"_kad_post_footer":false,"_kad_post_classname":""},"product-category":[75,78],"class_list":["post-3774","product","type-product","status-publish","has-post-thumbnail","hentry","product-category-coil","product-category-galvanized-coil"],"acf":[],"taxonomy_info":{"product-category":[{"value":75,"label":"COIL"},{"value":78,"label":"Galvanized Coil"}]},"featured_image_src_large":["https:\/\/khsteel.net\/wp-content\/uploads\/2025\/06\/5-2-1024x768.jpg",1024,768,true],"author_info":[],"comment_info":"","_links":{"self":[{"href":"https:\/\/khsteel.net\/es\/wp-json\/wp\/v2\/product\/3774","targetHints":{"allow":["GET"]}}],"collection":[{"href":"https:\/\/khsteel.net\/es\/wp-json\/wp\/v2\/product"}],"about":[{"href":"https:\/\/khsteel.net\/es\/wp-json\/wp\/v2\/types\/product"}],"wp:featuredmedia":[{"embeddable":true,"href":"https:\/\/khsteel.net\/es\/wp-json\/wp\/v2\/media\/3707"}],"wp:attachment":[{"href":"https:\/\/khsteel.net\/es\/wp-json\/wp\/v2\/media?parent=3774"}],"wp:term":[{"taxonomy":"product-category","embeddable":true,"href":"https:\/\/khsteel.net\/es\/wp-json\/wp\/v2\/product-category?post=3774"}],"curies":[{"name":"wp","href":"https:\/\/api.w.org\/{rel}","templated":true}]}}