{"id":3769,"date":"2025-06-27T01:30:10","date_gmt":"2025-06-27T01:30:10","guid":{"rendered":"https:\/\/khsteel.net\/?post_type=product&#038;p=3769"},"modified":"2025-08-01T07:26:03","modified_gmt":"2025-08-01T07:26:03","slug":"bobinas-de-acero-galvanizado-4","status":"publish","type":"product","link":"https:\/\/khsteel.net\/es\/product\/galvanized-steel-coils-4\/","title":{"rendered":"Venta directa de f\u00e1brica de alta calidad laminado en fr\u00edo regular GI tira galvanizada bobinas de acero"},"content":{"rendered":"<p>Sitio web de la empresa<\/p>\n\n\n\n<p>P\u00e1gina web de la oficina:<a href=\"https:\/\/khsteel.net\/es\/\">https:\/\/khsteel.net\/<\/a><br>P\u00e1gina web de Alibaba:<a href=\"https:\/\/lckehuan.en.alibaba.com\/\" target=\"_blank\" rel=\"noopener\">https:\/\/lckehuan.en.alibaba.com\/<\/a><\/p>\n\n\n\n<h2 class=\"wp-block-heading\" id=\"specification-galvanized-steel-coils\"><strong><em>Especificaci\u00f3n<\/em><\/strong> bobinas de acero galvanizado<\/h2>\n\n\n\n<figure class=\"wp-block-table\"><table class=\"has-fixed-layout\"><tbody><tr><td><strong>Nombre del producto<\/strong><\/td><td>bobinas de acero galvanizado<\/td><\/tr><tr><td><strong>Grado<\/strong><\/td><td>DX54D, todo seg\u00fan la petici\u00f3n del cliente<\/td><\/tr><tr><td><strong>Espesor<\/strong><\/td><td>de 0,12 mm a 5,0 mm, todos disponibles<\/td><\/tr><tr><td><strong>Anchura<\/strong><\/td><td>de 600 mm a 1500 mm, todos disponibles<\/td><\/tr><tr><td><strong>ID de bobina<\/strong><\/td><td>508 mm\/610 mm<\/td><\/tr><tr><td><strong>Peso de la bobina<\/strong><\/td><td>de 2-10MT, seg\u00fan el pedido del cliente<\/td><\/tr><tr><td><strong>Peso del recubrimiento de cinc<\/strong><\/td><td>30-275 g\/m2<\/td><\/tr><tr><td><strong>Spangle<\/strong><\/td><td>lentejuela grande, lentejuela normal, lentejuela peque\u00f1a, no lentejuela<\/td><\/tr><tr><td><strong>Tratamiento de superficies<\/strong><\/td><td>Pasivado qu\u00edmico, aceites, pasivado + aceites<\/td><\/tr><tr><td><strong>Borde<\/strong><\/td><td>borde de fresado, borde de corte<\/td><\/tr><tr><td><strong>MOQ<\/strong><\/td><td>Pedido m\u00ednimo de prueba 10 toneladas cada espesor, 1\u00d720\u2032 por entrega.<\/td><\/tr><\/tbody><\/table><\/figure>\n\n\n\n<figure class=\"wp-block-table\"><table class=\"has-fixed-layout\"><tbody><tr><td colspan=\"2\"><strong>Tratamiento superficial de&nbsp;<\/strong><strong>Placa de acero galvanizado Dx54<\/strong><\/td><\/tr><tr><td>Tratamiento de superficies&nbsp;<\/td><td>Caracter\u00edsticas<\/td><\/tr><tr><td rowspan=\"2\">Tratamiento qu\u00edmico pasivante<\/td><td>minimizar la posibilidad de que se forme \u00f3xido blanco durante el tr\u00e1nsito y el almacenamiento<\/td><\/tr><tr><td>mantener el aspecto brillante durante m\u00e1s tiempo&nbsp;<\/td><\/tr><tr><td>Aceites<\/td><td>minimizar la tendencia a las manchas de almacenamiento y tr\u00e1nsito<\/td><\/tr><tr><td>pasivantes + aceites<\/td><td>proporcionar la protecci\u00f3n de la mancha de almacenamiento y tr\u00e1nsito por productos qu\u00edmicos especiales llamados inhibidores de la corrosi\u00f3n<\/td><\/tr><\/tbody><\/table><\/figure>\n\n\n\n<h2 class=\"wp-block-heading\" id=\"manufacturing-technique-galvanized-steel-coils\">T\u00e9cnica de fabricaci\u00f3n de bobinas de acero galvanizado<\/h2>\n\n\n\n<p>La chapa de acero galvanizada en caliente en bobina (GI coil) se produce pasando la chapa totalmente dura que ha sido sometida al proceso de lavado con \u00e1cido y al proceso de laminado a trav\u00e9s del recipiente de zinc, aplicando as\u00ed una pel\u00edcula de zinc a la superficie. Tiene una excelente resistencia a la corrosi\u00f3n, pintabilidad y trabajabilidad debido a las caracter\u00edsticas del zinc. Por lo general, el proceso y las especificaciones de la chapa de acero galvanizada por inmersi\u00f3n en caliente y la bobina de acero galvanizado son b\u00e1sicamente los mismos.<\/p>\n\n\n\n<figure class=\"wp-block-image size-full\"><img loading=\"lazy\" decoding=\"async\" width=\"746\" height=\"744\" src=\"https:\/\/khsteel.net\/wp-content\/uploads\/2025\/06\/f132059275f0c6af0ac18afcd42f785.png\" alt=\"\" class=\"wp-image-4159\" title=\"\" srcset=\"https:\/\/khsteel.net\/wp-content\/uploads\/2025\/06\/f132059275f0c6af0ac18afcd42f785.png 746w, https:\/\/khsteel.net\/wp-content\/uploads\/2025\/06\/f132059275f0c6af0ac18afcd42f785-300x300.png 300w, https:\/\/khsteel.net\/wp-content\/uploads\/2025\/06\/f132059275f0c6af0ac18afcd42f785-150x150.png 150w, https:\/\/khsteel.net\/wp-content\/uploads\/2025\/06\/f132059275f0c6af0ac18afcd42f785-12x12.png 12w\" sizes=\"auto, (max-width: 746px) 100vw, 746px\" \/><\/figure>\n\n\n\n<figure class=\"wp-block-image size-full\"><img loading=\"lazy\" decoding=\"async\" width=\"750\" height=\"459\" src=\"https:\/\/khsteel.net\/wp-content\/uploads\/2025\/06\/2c908a247aaf0d3a3d84b59b48a4e3b.png\" alt=\"\" class=\"wp-image-4160\" title=\"\" srcset=\"https:\/\/khsteel.net\/wp-content\/uploads\/2025\/06\/2c908a247aaf0d3a3d84b59b48a4e3b.png 750w, https:\/\/khsteel.net\/wp-content\/uploads\/2025\/06\/2c908a247aaf0d3a3d84b59b48a4e3b-300x184.png 300w, https:\/\/khsteel.net\/wp-content\/uploads\/2025\/06\/2c908a247aaf0d3a3d84b59b48a4e3b-18x12.png 18w\" sizes=\"auto, (max-width: 750px) 100vw, 750px\" \/><\/figure>\n\n\n\n<p>Ventajas del producto bobinas de acero galvanizado<\/p>\n\n\n\n<p>01.Anticorrosivo:13 a\u00f1os en zonas industriales pesadas,50 a\u00f1os en el oc\u00e9ano,104 a\u00f1os en los suburbios y 30 a\u00f1os en las ciudades. 02.Barato:El coste del galvanizado en caliente es inferior al de otros revestimientos. 03.Fiable:El revestimiento de zinc se adhiere metal\u00fargicamente al acero y forma parte de su superficie,por lo que el revestimiento es m\u00e1s duradero. 04.Fuerte tenacidad:La capa galvanizada forma una estructura metal\u00fargica especial que puede soportar da\u00f1os mec\u00e1nicos durante el transporte y el uso. 05.Protecci\u00f3n integral:Cada parte de la pieza chapada puede ser galvanizada,y est\u00e1 totalmente protegida incluso en depresiones,esquinas afiladas y lugares ocultos. 06.Ahorro de tiempo y energ\u00eda:El proceso de galvanizado es m\u00e1s r\u00e1pido que otros m\u00e9todos de revestimiento.<\/p>\n\n\n\n<p><\/p>","protected":false},"featured_media":3704,"parent":0,"template":"","meta":{"_acf_changed":true,"_gspb_post_css":"","_kad_blocks_custom_css":"","_kad_blocks_head_custom_js":"","_kad_blocks_body_custom_js":"","_kad_blocks_footer_custom_js":"","_kad_post_transparent":"","_kad_post_title":"","_kad_post_layout":"","_kad_post_sidebar_id":"","_kad_post_content_style":"","_kad_post_vertical_padding":"","_kad_post_feature":"","_kad_post_feature_position":"","_kad_post_header":false,"_kad_post_footer":false,"_kad_post_classname":""},"product-category":[75,78],"class_list":["post-3769","product","type-product","status-publish","has-post-thumbnail","hentry","product-category-coil","product-category-galvanized-coil"],"acf":[],"taxonomy_info":{"product-category":[{"value":75,"label":"COIL"},{"value":78,"label":"Galvanized Coil"}]},"featured_image_src_large":["https:\/\/khsteel.net\/wp-content\/uploads\/2025\/06\/2-5-768x1024.jpg",768,1024,true],"author_info":[],"comment_info":"","_links":{"self":[{"href":"https:\/\/khsteel.net\/es\/wp-json\/wp\/v2\/product\/3769","targetHints":{"allow":["GET"]}}],"collection":[{"href":"https:\/\/khsteel.net\/es\/wp-json\/wp\/v2\/product"}],"about":[{"href":"https:\/\/khsteel.net\/es\/wp-json\/wp\/v2\/types\/product"}],"wp:featuredmedia":[{"embeddable":true,"href":"https:\/\/khsteel.net\/es\/wp-json\/wp\/v2\/media\/3704"}],"wp:attachment":[{"href":"https:\/\/khsteel.net\/es\/wp-json\/wp\/v2\/media?parent=3769"}],"wp:term":[{"taxonomy":"product-category","embeddable":true,"href":"https:\/\/khsteel.net\/es\/wp-json\/wp\/v2\/product-category?post=3769"}],"curies":[{"name":"wp","href":"https:\/\/api.w.org\/{rel}","templated":true}]}}