{"id":3768,"date":"2025-06-27T01:09:30","date_gmt":"2025-06-27T01:09:30","guid":{"rendered":"https:\/\/khsteel.net\/?post_type=product&#038;p=3768"},"modified":"2025-06-27T01:09:30","modified_gmt":"2025-06-27T01:09:30","slug":"bobinas-de-acero-galvanizado-3","status":"publish","type":"product","link":"https:\/\/khsteel.net\/es\/product\/galvanized-steel-coils-3\/","title":{"rendered":"La venta directa de f\u00e1brica es muy pr\u00e1ctica. Estamos especializados en la personalizaci\u00f3n de bobinas de acero electrogalvanizado y bobinas de acero galvanizado"},"content":{"rendered":"<p>Sitio web de la empresa<\/p>\n\n\n\n<p>P\u00e1gina web de la oficina:<a href=\"https:\/\/khsteel.net\/es\/\">https:\/\/khsteel.net\/<\/a><br>P\u00e1gina web de Alibaba:<a href=\"https:\/\/lckehuan.en.alibaba.com\/\" target=\"_blank\" rel=\"noopener\">https:\/\/lckehuan.en.alibaba.com\/<\/a><\/p>\n\n\n\n<h2 class=\"wp-block-heading\" id=\"specifications-galvanized-steel-coils\">Especificaciones Bobinas de acero galvanizado<\/h2>\n\n\n\n<figure class=\"wp-block-table\"><table class=\"has-fixed-layout\"><tbody><tr><td>nombre del producto<\/td><td>bobinas de acero galvanizado<\/td><\/tr><tr><td>T\u00e9cnica<\/td><td>laminado en caliente\/laminado en fr\u00edo<\/td><\/tr><tr><td>Tratamiento de superficies<\/td><td>Recubierto<\/td><\/tr><tr><td>Aplicaci\u00f3n<\/td><td>tejados, construcci\u00f3n de muros, chapas base de pintura e industria automovil\u00edstica<\/td><\/tr><tr><td>Forma<\/td><td>840 mm o seg\u00fan los requisitos del cliente<\/td><\/tr><tr><td>Anchura<\/td><td>600mm-1250mm o como requisito del comprador<\/td><\/tr><tr><td>Longitud<\/td><td>6 millones o requisitos del cliente<\/td><\/tr><tr><td>material<\/td><td>DX51D+AZ150<\/td><\/tr><tr><td>Certificado<\/td><td>ISO 9001\uff1a2008\/SGS\/BV<\/td><\/tr><tr><td>Spangle<\/td><td>Grande\/Regular\/M\u00ednimo\/Cero<\/td><\/tr><tr><td>Revestimiento de zinc<\/td><td>40-275g\/m2<\/td><\/tr><tr><td>HRB<\/td><td>Suave<\/td><\/tr><tr><td>Superficie<\/td><td>Cromado\/No dorado<\/td><\/tr><\/tbody><\/table><\/figure>\n\n\n\n<h2 class=\"wp-block-heading\" id=\"product-display-galvanized-steel-coils\">Presentaci\u00f3n de productos Bobinas de acero galvanizado<\/h2>\n\n\n\n<figure class=\"wp-block-image\"><img decoding=\"async\" src=\"https:\/\/sc04.alicdn.com\/kf\/Hcf76dfe1efd84d53b800da376b6d3c92r\/279945283\/Hcf76dfe1efd84d53b800da376b6d3c92r.png\" alt=\"\" title=\"\"><\/figure>\n\n\n\n<h2 class=\"wp-block-heading\" id=\"packing-delivery-galvanized-steel-coils\">Embalaje y entrega Bobinas de acero galvanizado<\/h2>\n\n\n\n<figure class=\"wp-block-image\"><img decoding=\"async\" src=\"https:\/\/sc04.alicdn.com\/kf\/H73d7dcc8ee854f9bb38384cbb55811f4H\/279945283\/H73d7dcc8ee854f9bb38384cbb55811f4H.jpg\" alt=\"\" title=\"\"><\/figure>\n\n\n\n<h2 class=\"wp-block-heading\" id=\"application-field-galvanized-steel-coils\">Campo de aplicaci\u00f3n Bobinas de acero galvanizado<\/h2>\n\n\n\n<figure class=\"wp-block-image\"><img decoding=\"async\" src=\"https:\/\/sc04.alicdn.com\/kf\/Hd751674a89e54368bb75015c7df14b77G\/279945283\/Hd751674a89e54368bb75015c7df14b77G.jpg\" alt=\"\" title=\"\"><\/figure>\n\n\n\n<p>M\u00e1s informaci\u00f3n<br>Aplicaci\u00f3n:<br>1. Edificios y construcciones Taller, almac\u00e9n, tejado y paredes de chapa ondulada, aguas pluviales, tuber\u00edas de desag\u00fce, puertas enrollables<br>2. Electrodom\u00e9sticosRefrigerador, Lavadora, Armario de Interruptores, Cabina de Instrumentos, Aire Acondicionado, Horno Microondas, Panera<br>3. MueblesCalefacci\u00f3n central Rebanada, Pantalla, Estante para libros<br>4. Llevar TradeExterior Decoraci\u00f3n De Auto Y Tren, Clapboard, Contenedor, Lsolation Boar<br>5. Otros Panel de escritura, cubo de basura, valla publicitaria, cron\u00f3metro, m\u00e1quina de escribir, panel de instrumentos, sensor de peso, equipo fotogr\u00e1fico<\/p>\n\n\n\n<figure class=\"wp-block-table\"><table class=\"has-fixed-layout\"><tbody><tr><td>art\u00edculo<\/td><td>bobina de acero galvanizado<\/td><\/tr><tr><td>Lugar de origen<\/td><td>China<\/td><\/tr><tr><td><\/td><td>Shandong<\/td><\/tr><tr><td>Marca<\/td><td>zunkai<\/td><\/tr><tr><td>Aplicaci\u00f3n<\/td><td>fabricar tubos, cortar chapas, fabricar herramientas peque\u00f1as, fabricar chapas onduladas, fabricar contenedores, fabricar vallas<\/td><\/tr><tr><td>Tipo<\/td><td>Bobina de acero<\/td><\/tr><tr><td>Espesor<\/td><td>0,12-0,3 mm<\/td><\/tr><tr><td>Est\u00e1ndar<\/td><td>JIS<\/td><\/tr><tr><td>Longitud<\/td><td>seg\u00fan se requiera<\/td><\/tr><tr><td>Certificado<\/td><td>ISO9001<\/td><\/tr><tr><td>Grado<\/td><td>dx51d<\/td><\/tr><tr><td>Revestimiento<\/td><td>Z20-Z275<\/td><\/tr><tr><td>T\u00e9cnica<\/td><td>Laminado en fr\u00edo<\/td><\/tr><tr><td>Tolerancia<\/td><td>\u00b11%<\/td><\/tr><tr><td>Servicio de tramitaci\u00f3n<\/td><td>Soldadura, punzonado, corte, plegado, desbobinado<\/td><\/tr><tr><td>Tipo Spangle<\/td><td>\u00c1ngulo cero<\/td><\/tr><tr><td>Pase de piel<\/td><td>S\u00ed<\/td><\/tr><tr><td>Engrasado o no engrasado<\/td><td>Ligeramente aceitado<\/td><\/tr><tr><td>Dureza<\/td><td>Medio Duro<\/td><\/tr><tr><td>Plazo de entrega<\/td><td>15-21 d\u00edas<\/td><\/tr><tr><td>Aplicaci\u00f3n<\/td><td>Fabricaci\u00f3n de l\u00e1minas onduladas<\/td><\/tr><tr><td>Nombre del producto<\/td><td>Acero galvanizado Coi<\/td><\/tr><tr><td>Superficie<\/td><td>Cincado<\/td><\/tr><tr><td>Tratamiento de superficies<\/td><td>Zinc galvanizado<\/td><\/tr><tr><td>Spangle<\/td><td>Grande Mediana Peque\u00f1a Cero<\/td><\/tr><tr><td>Tecnolog\u00eda<\/td><td>Laminado en fr\u00edo Inmersi\u00f3n en caliente<\/td><\/tr><tr><td>Peso de la bobina<\/td><td>3-5 toneladas<\/td><\/tr><tr><td>MOQ<\/td><td>25 toneladas<\/td><\/tr><tr><td>Tolerancia<\/td><td>0.1<\/td><\/tr><tr><td>Paquete<\/td><td>Embalaje est\u00e1ndar Seaworth<\/td><\/tr><\/tbody><\/table><\/figure>","protected":false},"featured_media":3705,"parent":0,"template":"","meta":{"_acf_changed":true,"_gspb_post_css":"","_kad_blocks_custom_css":"","_kad_blocks_head_custom_js":"","_kad_blocks_body_custom_js":"","_kad_blocks_footer_custom_js":"","_kad_post_transparent":"","_kad_post_title":"","_kad_post_layout":"","_kad_post_sidebar_id":"","_kad_post_content_style":"","_kad_post_vertical_padding":"","_kad_post_feature":"","_kad_post_feature_position":"","_kad_post_header":false,"_kad_post_footer":false,"_kad_post_classname":""},"product-category":[75,78],"class_list":["post-3768","product","type-product","status-publish","has-post-thumbnail","hentry","product-category-coil","product-category-galvanized-coil"],"acf":[],"taxonomy_info":{"product-category":[{"value":75,"label":"COIL"},{"value":78,"label":"Galvanized Coil"}]},"featured_image_src_large":["https:\/\/khsteel.net\/wp-content\/uploads\/2025\/06\/3-1-1024x768.jpg",1024,768,true],"author_info":[],"comment_info":"","_links":{"self":[{"href":"https:\/\/khsteel.net\/es\/wp-json\/wp\/v2\/product\/3768","targetHints":{"allow":["GET"]}}],"collection":[{"href":"https:\/\/khsteel.net\/es\/wp-json\/wp\/v2\/product"}],"about":[{"href":"https:\/\/khsteel.net\/es\/wp-json\/wp\/v2\/types\/product"}],"wp:featuredmedia":[{"embeddable":true,"href":"https:\/\/khsteel.net\/es\/wp-json\/wp\/v2\/media\/3705"}],"wp:attachment":[{"href":"https:\/\/khsteel.net\/es\/wp-json\/wp\/v2\/media?parent=3768"}],"wp:term":[{"taxonomy":"product-category","embeddable":true,"href":"https:\/\/khsteel.net\/es\/wp-json\/wp\/v2\/product-category?post=3768"}],"curies":[{"name":"wp","href":"https:\/\/api.w.org\/{rel}","templated":true}]}}