{"id":3664,"date":"2025-06-26T03:22:15","date_gmt":"2025-06-26T03:22:15","guid":{"rendered":"https:\/\/khsteel.net\/?post_type=product&#038;p=3664"},"modified":"2025-06-30T06:28:31","modified_gmt":"2025-06-30T06:28:31","slug":"bobinas-de-acero-galvanizado","status":"publish","type":"product","link":"https:\/\/khsteel.net\/es\/product\/galvanized-steel-coils\/","title":{"rendered":"La f\u00e1brica produce chapas galvanizadas laminadas en fr\u00edo DX51d 0,2 mm y bobinas de acero galvanizado de alta calidad."},"content":{"rendered":"<p>Sitio web de la empresa<\/p>\n\n\n\n<p>P\u00e1gina web de la oficina:<a href=\"https:\/\/khsteel.net\/es\/\">https:\/\/khsteel.net\/<\/a><br>P\u00e1gina web de Alibaba:<a href=\"https:\/\/lckehuan.en.alibaba.com\/\" target=\"_blank\" rel=\"noopener\">https:\/\/lckehuan.en.alibaba.com\/<\/a><\/p>\n\n\n\n<h2 class=\"wp-block-heading\" id=\"product-parameters-galvanized-steel-coils\">Par\u00e1metros del producto bobinas de acero galvanizado<\/h2>\n\n\n\n<figure class=\"wp-block-table\"><table class=\"has-fixed-layout\"><tbody><tr><td rowspan=\"6\">Grado<\/td><td>Q195 Q235 Q345<\/td><\/tr><tr><td>SGCC SGCH SGC340 SGC400 SGC440 SGC490 SGC570<\/td><\/tr><tr><td>SGHC SGH340 SGH400 SGH440 SGH490 SGH540<\/td><\/tr><tr><td>DX51D DX52D DX53D DX54D DX55D DX56D DX57D<\/td><\/tr><tr><td>S220GD S250GD S280GD S320GD S350GD S400GD S500GD S550GD<\/td><\/tr><tr><td>SS230 SS250 SS275<\/td><\/tr><tr><td>Anchura<\/td><td>De 600 mm a 1.500 mm<\/td><\/tr><tr><td>Espesor<\/td><td>0,125 mm a 3,5 mm<\/td><\/tr><tr><td>Revestimiento de zinc<\/td><td>bobinas de acero galvanizado<\/td><\/tr><tr><td>Producto<\/td><td>bobinas de acero galvanizado<\/td><\/tr><tr><td>ID de bobina<\/td><td>508 mm o 610 mm<\/td><\/tr><tr><td>Tratamiento de superficies<\/td><td>Unoil, seco, pasivado con cromato, pasivado sin cromato<\/td><\/tr><tr><td>Spangle<\/td><td>Rect\u00e1ngulo normal, rect\u00e1ngulo m\u00ednimo, rect\u00e1ngulo grande, rect\u00e1ngulo cero<\/td><\/tr><tr><td>Capacidad<\/td><td>1.500.000MT\/a\u00f1o<\/td><\/tr><tr><td>Entrega<\/td><td>15-25 d\u00edas<\/td><\/tr><tr><td>Spangle<\/td><td>Grande Mediana Peque\u00f1a Cero<\/td><\/tr><tr><td>Revestimiento de zinc<\/td><td>30-275 g\/m2<\/td><\/tr><tr><td>Nombre del producto<\/td><td>bobinas de acero galvanizado<\/td><\/tr><\/tbody><\/table><\/figure>\n\n\n\n<figure class=\"wp-block-table\"><table class=\"has-fixed-layout\"><tbody><tr><td>art\u00edculo<\/td><td>valor<\/td><\/tr><tr><td>nombre del art\u00edculo<\/td><td>bobinas de acero galvanizado<\/td><\/tr><tr><td>Espesor<\/td><td>0,12-4,0 mm<\/td><\/tr><tr><td>Est\u00e1ndar<\/td><td>API,ce,tisi,JIS,GS<\/td><\/tr><tr><td>Longitud<\/td><td>Requisitos de los clientes<\/td><\/tr><tr><td>Tolerancia<\/td><td>\u00b11%<\/td><\/tr><tr><td>Plazo de entrega<\/td><td>en un plazo de 7 d\u00edas<\/td><\/tr><tr><td>Producto<\/td><td>bobinas de acero galvanizado<\/td><\/tr><tr><td>Revestimiento de zinc<\/td><td>20-275 g\/m2<\/td><\/tr><tr><td>Tipo Spangle<\/td><td>Gran lentejuela,Regular lentejuela,Mini lentejuela,Cero lentejuela<\/td><\/tr><tr><td>ID de bobina<\/td><td>508 mm\/610 mm<\/td><\/tr><\/tbody><\/table><\/figure>\n\n\n\n<h2 class=\"wp-block-heading\" id=\"product-inspection-galvanized-steel-coils\">Inspecci\u00f3n de productos bobinas de acero galvanizado<\/h2>\n\n\n\n<figure class=\"wp-block-image\"><img decoding=\"async\" src=\"https:\/\/sc04.alicdn.com\/kf\/H1e9c5d7a982840709b4d9fce87a41c9dm\/267995064\/H1e9c5d7a982840709b4d9fce87a41c9dm.jpg\" alt=\"\" title=\"\"><\/figure>\n\n\n\n<figure class=\"wp-block-table\"><table class=\"has-fixed-layout\"><tbody><tr><td><strong>Est\u00e1ndar<\/strong><\/td><td>AiSi, ASTM, bs, DIN, GB, JIS<\/td><\/tr><tr><td><strong>Espesor<\/strong><\/td><td>0,1-200 mm<\/td><\/tr><tr><td><strong>Anchura<\/strong><\/td><td>10-2000mm<\/td><\/tr><tr><td><strong>Aplicaci\u00f3n<\/strong><\/td><td>Chapa naval, Construcci\u00f3n de edificios<\/td><\/tr><tr><td><strong>Superficie<\/strong><\/td><td>zincado\/galvanizado<\/td><\/tr><tr><td><strong>Color de la superficie<\/strong><\/td><td>RAL\/Impreso\/Mate\/Arrugado\/Embossed\/Nano<\/td><\/tr><tr><td><strong>Material<\/strong><\/td><td>CGCC\/SGCH\/G350\/G450\/G550\/DX51D\/DX52D\/DX53D<\/td><\/tr><tr><td><strong>Nombre del pago<\/strong><\/td><td><br>bobinas de acero galvanizado<\/td><\/tr><tr><td><strong>Muestra<\/strong><\/td><td>Proporcionado gratuitamente<\/td><\/tr><tr><td><strong>T\u00e9rmino comercial<\/strong><\/td><td>FOB, CFR, CIF<\/td><\/tr><tr><td><strong>Plazo de entrega<\/strong><\/td><td>En un plazo de 7-30 d\u00edas laborables seg\u00fan el pedido confirmado<\/td><\/tr><\/tbody><\/table><\/figure>\n\n\n\n<h2 class=\"wp-block-heading\" id=\"package-galvanized-steel-coils\"><strong>PAQUETE<\/strong> bobinas de acero galvanizado<\/h2>\n\n\n\n<figure class=\"wp-block-image\"><img decoding=\"async\" src=\"https:\/\/sc04.alicdn.com\/kf\/Hc5905745c73941b78f5b4b7aabf1facaK\/267988425\/Hc5905745c73941b78f5b4b7aabf1facaK.png\" alt=\"\" title=\"\"><\/figure>\n\n\n\n<p>La capa de zinc de gran pureza (capa electrogalvanizada) no puede formar lentejuelas. Por ejemplo, si se a\u00f1ade esta\u00f1o (&lt;0,5%), solidifica a 198\u00b0C; si se a\u00f1ade cadmio, solidifica a 264\u00b0C; si se a\u00f1ade plomo, solidifica a 317\u00b0C; si se a\u00f1ade antimonio (&lt;0,3%), solidifica a 409\u00b0C; o si se utiliza flujo de vapor o flujo de SO2 La pulverizaci\u00f3n de la superficie de la capa galvanizada puede generar n\u00facleos de cristalizaci\u00f3n antes de tiempo y formar grandes lentejuelas. De hecho, las lentejuelas s\u00f3lo tienen valor ornamental y no tienen precio de uso real. Por el contrario, no es bueno en t\u00e9rminos de anticorrosi\u00f3n, y la superficie aparece desigual despu\u00e9s de la pintura. Ahora la gente pide minimizar las lentejuelas o eliminarlas. Para obtener lentejuelas peque\u00f1as, en la galvanizaci\u00f3n, cuando el l\u00edquido de zinc est\u00e1 cerca de la temperatura de solidificaci\u00f3n, se pulverizan inmediatamente gotas de agua con un di\u00e1metro inferior a 0,1 mm sobre la superficie de la chapa galvanizada para formar n\u00facleos de cristal peque\u00f1os y uniformes, a fin de obtener Flores de zinc lisas, y despu\u00e9s se templa laminando con una reducci\u00f3n inferior a 1%. Las lentejuelas peque\u00f1as son adecuadas para la pintura, y las lisas, para la embutici\u00f3n profunda.<\/p>\n\n\n\n<figure class=\"wp-block-image\"><img decoding=\"async\" src=\"https:\/\/sc04.alicdn.com\/kf\/H34cd383683a44c89a8a88d8c9fa61f53M\/254795771\/H34cd383683a44c89a8a88d8c9fa61f53M.jpg\" alt=\"\" title=\"\"><\/figure>\n\n\n\n<figure class=\"wp-block-table\"><table class=\"has-fixed-layout\"><tbody><tr><td><strong>Nombre del producto<\/strong><\/td><td>Bobina de acero galvanizado<\/td><\/tr><tr><td><strong>Tipo<\/strong><\/td><td>Bobina\/hoja\/placa\/tira<\/td><\/tr><tr><td><strong>Espesor<\/strong><\/td><td>Espesor laminado en caliente:0,12 ~ 3,00 mmEspesor laminado en fr\u00edo:1,20 ~ 4,60 mm<br>A petici\u00f3n suya<\/td><\/tr><tr><td><strong>Superficie<\/strong><\/td><td>Acero dulce acabado liso, galvanizado en caliente, recubierto de color, ect.<\/td><\/tr><tr><td><strong>Norma internacional<\/strong><\/td><td>ISO 9001-2008 \/ ISO 630 \/ JIS \/ ASTM2,0mm-6,0mm<\/td><\/tr><tr><td><strong>Normas<\/strong><\/td><td>ASTMA53\/ASTM A573\/ASTM A283\/Gr.D\/BS1387-1985\/ GB\/T3091- 2001,GB\/T13793-92, ISO630\/E235B\/JIS G3101\/JIS G3131\/JIS G3106\/<\/td><\/tr><tr><td><strong>Materiales<\/strong><\/td><td>SGCC\/ CGCC\/ DX51D+Z<\/td><\/tr><tr><td><strong>Tipo de revestimiento<\/strong><\/td><td>Acero galvanizado en caliente (HDGI)<\/td><\/tr><tr><td><strong>Revestimiento de zinc<\/strong><\/td><td>30-275 g\/m2<\/td><\/tr><tr><td><strong>Tratamiento de superficies<\/strong><\/td><td>Pasivado(C), Aceitado(O), Lacado(L), Fosfatado(P), Sin tratar(U)<\/td><\/tr><tr><td><strong>Estructura de la superficie<\/strong><\/td><td>Recubrimiento de lentejuelas normal (NS), recubrimiento de lentejuelas minimizado (MS), sin lentejuelas (FS)<\/td><\/tr><tr><td><strong>Anchura<\/strong><\/td><td>600mm-1500mm, seg\u00fan los requisitos del cliente<\/td><\/tr><tr><td><strong>ID<\/strong><\/td><td>508 mm\/610 mm<\/td><\/tr><tr><td><strong>Peso de la bobina<\/strong><\/td><td>3-20 toneladas m\u00e9tricas por bobina<\/td><\/tr><tr><td><strong>Paquete<\/strong><\/td><td>requisitos del cliente y embalaje mar\u00edtimo de exportaci\u00f3n est\u00e1ndar<\/td><\/tr><tr><td><strong>Otro nombre<\/strong><\/td><td>Acero laminado en caliente viga I, viga I, viga H, viga de acero, viga<\/td><\/tr><tr><td><strong>MOQ<\/strong><\/td><td>Tambi\u00e9n aceptamos pedidos de muestras.<\/td><\/tr><tr><td><strong>Plazo de entrega<\/strong><\/td><td>Entre 7 y 15 d\u00edas laborables despu\u00e9s de recibir el dep\u00f3sito o la carta de cr\u00e9dito<\/td><\/tr><\/tbody><\/table><\/figure>\n\n\n\n<p>En la industria de la construcci\u00f3n, se utiliza principalmente para hacer techos y paredes, quilla prefabricada, mamparo prefabricado, puertas y ventanas. En la industria del autom\u00f3vil, principalmente para la carrocer\u00eda, chasis, puertas, tanques de combustible, etc. En la industria metal\u00fargica, se utiliza principalmente como sustrato de PPGI. El fleje de acero galvanizado es un proceso especial de los productos de acero, su superficie est\u00e1 cubierta uniformemente con una capa de zinc. Este tratamiento no s\u00f3lo mejora significativamente la resistencia a la corrosi\u00f3n de la banda de acero, por lo que es capaz de resistir la erosi\u00f3n de ambientes hostiles como la humedad y la niebla salina, sino que tambi\u00e9n extiende la vida \u00fatil del material. El fleje de acero galvanizado se utiliza ampliamente en la construcci\u00f3n, la fabricaci\u00f3n de autom\u00f3viles, los electrodom\u00e9sticos, la agricultura, los equipos de comunicaci\u00f3n y otros campos, como pieza estructural, capa protectora o componente conductor, desempe\u00f1a un papel indispensable. Su excelente resistencia a la corrosi\u00f3n, maquinabilidad y econom\u00eda hacen que el fleje de acero galvanizado se convierta en uno de los materiales importantes indispensables en la industria moderna.<\/p>\n\n\n\n<p><\/p>","protected":false},"featured_media":3905,"parent":0,"template":"","meta":{"_acf_changed":true,"_gspb_post_css":"","_kad_blocks_custom_css":"","_kad_blocks_head_custom_js":"","_kad_blocks_body_custom_js":"","_kad_blocks_footer_custom_js":"","_kad_post_transparent":"","_kad_post_title":"","_kad_post_layout":"","_kad_post_sidebar_id":"","_kad_post_content_style":"","_kad_post_vertical_padding":"","_kad_post_feature":"","_kad_post_feature_position":"","_kad_post_header":false,"_kad_post_footer":false,"_kad_post_classname":""},"product-category":[75,78],"class_list":["post-3664","product","type-product","status-publish","has-post-thumbnail","hentry","product-category-coil","product-category-galvanized-coil"],"acf":[],"taxonomy_info":{"product-category":[{"value":75,"label":"COIL"},{"value":78,"label":"Galvanized Coil"}]},"featured_image_src_large":["https:\/\/khsteel.net\/wp-content\/uploads\/2025\/06\/Galvanized-Steel-coil-1024x768.jpg",1024,768,true],"author_info":[],"comment_info":"","_links":{"self":[{"href":"https:\/\/khsteel.net\/es\/wp-json\/wp\/v2\/product\/3664","targetHints":{"allow":["GET"]}}],"collection":[{"href":"https:\/\/khsteel.net\/es\/wp-json\/wp\/v2\/product"}],"about":[{"href":"https:\/\/khsteel.net\/es\/wp-json\/wp\/v2\/types\/product"}],"wp:featuredmedia":[{"embeddable":true,"href":"https:\/\/khsteel.net\/es\/wp-json\/wp\/v2\/media\/3905"}],"wp:attachment":[{"href":"https:\/\/khsteel.net\/es\/wp-json\/wp\/v2\/media?parent=3664"}],"wp:term":[{"taxonomy":"product-category","embeddable":true,"href":"https:\/\/khsteel.net\/es\/wp-json\/wp\/v2\/product-category?post=3664"}],"curies":[{"name":"wp","href":"https:\/\/api.w.org\/{rel}","templated":true}]}}