{"id":3416,"date":"2025-06-24T07:38:57","date_gmt":"2025-06-24T07:38:57","guid":{"rendered":"https:\/\/khsteel.net\/?post_type=product&#038;p=3416"},"modified":"2025-06-25T03:19:12","modified_gmt":"2025-06-25T03:19:12","slug":"tubos-cuadrados-de-acero-al-carbono","status":"publish","type":"product","link":"https:\/\/khsteel.net\/es\/product\/carbon-steel-square-tubes\/","title":{"rendered":"Venta directa de f\u00e1brica de tubos hidr\u00e1ulicos ASTM de alta calidad, laminados en fr\u00edo y laminados en caliente, tubos cuadrados de acero al carbono."},"content":{"rendered":"<p>Sitio web de la empresa<\/p>\n\n\n\n<p>P\u00e1gina web de la oficina:<a href=\"https:\/\/khsteel.net\/es\/\">https:\/\/khsteel.net\/<\/a><br>P\u00e1gina web de Alibaba:<a href=\"https:\/\/lckehuan.en.alibaba.com\/\" target=\"_blank\" rel=\"noopener\">https:\/\/lckehuan.en.alibaba.com\/<\/a><\/p>\n\n\n\n<h2 class=\"wp-block-heading\" id=\"product-parameters\">Par\u00e1metros del producto <\/h2>\n\n\n\n<figure class=\"wp-block-table\"><table class=\"has-fixed-layout\"><tbody><tr><td>Materias primas<\/td><td>tubos cuadrados de acero al carbono<\/td><\/tr><tr><td>Material<\/td><td>Acero al carbono \/ Galvanizado \/ Inoxidable<\/td><\/tr><tr><td>Est\u00e1ndar<\/td><td>ASTM A554, A249, A269 y A270<\/td><\/tr><tr><td>Certificaci\u00f3n<\/td><td>SGS, BV, etc.<\/td><\/tr><tr><td>Di\u00e1metro exterior<\/td><td>10mm-600mm, o seg\u00fan sus necesidades<\/td><\/tr><tr><td>Espesor<\/td><td>0,3 mm-100 mm, o seg\u00fan las necesidades<\/td><\/tr><tr><td>Longitud<\/td><td>6m o como lo soliciten los clientes<\/td><\/tr><tr><td>Superficie<\/td><td>180G, 240G, 320G Satinado 400G, 600G Acabado espejo<\/td><\/tr><tr><td>Plazo de entrega<\/td><td>7-15 d\u00edas despu\u00e9s de confirmar el pedido<\/td><\/tr><tr><td>Tolerancia<\/td><td>a)Di\u00e1metro: +\/- 0,2 mm<br>b)Espesor: +\/- 0,02 mm<br>c)Longitud: +\/- 5mm<\/td><\/tr><tr><td>T\u00e9rmino comercial<\/td><td>FOB, CIF, CFR<\/td><\/tr><tr><td>Plazo de pago<\/td><td>T\/T o L\/C<\/td><\/tr><tr><td>Aplicaci\u00f3n<\/td><td>pasamanos, barandillas, escaleras, pantallas de malla soldada, puertas, ventanas, balcones, vallas, bancos, muebles, etc.<\/td><\/tr><tr><td>Ventaja<\/td><td>Precio atractivo; Alta calidad superficial, limpia; Buena apariencia de<br>toda la bobina; Servicio de primera.<\/td><\/tr><tr><td>MQQ<\/td><td>5 toneladas<\/td><\/tr><\/tbody><\/table><\/figure>\n\n\n\n<h2 class=\"wp-block-heading\" id=\"carbon-steel-square-tubes\"><strong>tubos cuadrados de acero al carbono<\/strong><\/h2>\n\n\n\n<figure class=\"wp-block-table\"><table class=\"has-fixed-layout\"><tbody><tr><td colspan=\"2\">Tubo de acero al carbono rectangular y cuadrado<\/td><\/tr><tr><td>Nombre del producto<\/td><td>tubos cuadrados de acero al carbono<\/td><\/tr><tr><td>Normas<\/td><td>EN\/DIN\/JIS\/ASTM\/BS\/ASME\/AISI, etc.<\/td><\/tr><tr><td rowspan=\"2\">Di\u00e1metro exterior<\/td><td>Sin soldadura: 1\/4\u2033-36\u2033 Soldadura: 21.3mm-3620mm<\/td><\/tr><tr><td>Tubo redondo: 1\/2\u2033-10\u2033 Tubo cuadrado\/Tubo rectangular: 15x15mm-400x600mm<\/td><\/tr><tr><td>Espesor de pared<\/td><td>Sin soldadura: 1,25mm-50mm Soldadura: 1,65 mm-65 mm<\/td><\/tr><tr><td>Longitud<\/td><td>3-12 metros, Admite personalizaci\u00f3n<\/td><\/tr><tr><td>Proceso de superficie<\/td><td>Brillante, Pulido, Negro<\/td><\/tr><tr><td>Otros servicios<\/td><td>Mecanizado (cnc), Rectificado sin centros (cg), Tratamiento t\u00e9rmico, Recocido, Decapado, Pulido, Laminado, Forja, Corte, Doblado, Peque\u00f1o tama\u00f1o<br>Mecanizado, etc.<\/td><\/tr><tr><td>Ventajas<\/td><td>1. Precio razonable con excelente calidad<br>2. Abundantes existencias y entrega r\u00e1pida<br>3. Rica experiencia en suministro y exportaci\u00f3n, servicio sincero<\/td><\/tr><\/tbody><\/table><\/figure>\n\n\n\n<figure class=\"wp-block-image is-resized\"><img decoding=\"async\" src=\"https:\/\/sc04.alicdn.com\/kf\/Hfec2e0c79dab467c87f317077f942ef6b\/257431682\/Hfec2e0c79dab467c87f317077f942ef6b.png\" alt=\"\" style=\"width:762px;height:auto\" title=\"\"><\/figure>\n\n\n\n<p>Mostrar producto Tubo rectangular de acero al carbono<\/p>\n\n\n\n<figure class=\"wp-block-image\"><img decoding=\"async\" src=\"https:\/\/sc04.alicdn.com\/kf\/H5193d92ea6c24c518e23a095685727a1e\/224787246\/H5193d92ea6c24c518e23a095685727a1e.jpg\" alt=\"\" title=\"\"><\/figure>\n\n\n\n<p>Descripci\u00f3n del producto tubo rectangular de acero al carbono<\/p>\n\n\n\n<figure class=\"wp-block-image\"><img decoding=\"async\" src=\"https:\/\/sc04.alicdn.com\/kf\/H97daf7f2f0314cfa9d2d99f1678aa706j\/224787246\/H97daf7f2f0314cfa9d2d99f1678aa706j.jpeg\" alt=\"\" title=\"\"><\/figure>\n\n\n\n<p><\/p>","protected":false},"featured_media":3590,"parent":0,"template":"","meta":{"_acf_changed":true,"_gspb_post_css":"","_kad_blocks_custom_css":"","_kad_blocks_head_custom_js":"","_kad_blocks_body_custom_js":"","_kad_blocks_footer_custom_js":"","_kad_post_transparent":"","_kad_post_title":"","_kad_post_layout":"","_kad_post_sidebar_id":"","_kad_post_content_style":"","_kad_post_vertical_padding":"","_kad_post_feature":"","_kad_post_feature_position":"","_kad_post_header":false,"_kad_post_footer":false,"_kad_post_classname":""},"product-category":[68,63],"class_list":["post-3416","product","type-product","status-publish","has-post-thumbnail","hentry","product-category-irregular-and-rectangular-pipes","product-category-pipe"],"acf":[],"taxonomy_info":{"product-category":[{"value":68,"label":"Irregular and rectangular pipes"},{"value":63,"label":"PIPE"}]},"featured_image_src_large":["https:\/\/khsteel.net\/wp-content\/uploads\/2025\/06\/H35954241274546acaadd9bcc3983360bo_\u526f\u672c.jpg",800,800,false],"author_info":[],"comment_info":"","_links":{"self":[{"href":"https:\/\/khsteel.net\/es\/wp-json\/wp\/v2\/product\/3416","targetHints":{"allow":["GET"]}}],"collection":[{"href":"https:\/\/khsteel.net\/es\/wp-json\/wp\/v2\/product"}],"about":[{"href":"https:\/\/khsteel.net\/es\/wp-json\/wp\/v2\/types\/product"}],"wp:featuredmedia":[{"embeddable":true,"href":"https:\/\/khsteel.net\/es\/wp-json\/wp\/v2\/media\/3590"}],"wp:attachment":[{"href":"https:\/\/khsteel.net\/es\/wp-json\/wp\/v2\/media?parent=3416"}],"wp:term":[{"taxonomy":"product-category","embeddable":true,"href":"https:\/\/khsteel.net\/es\/wp-json\/wp\/v2\/product-category?post=3416"}],"curies":[{"name":"wp","href":"https:\/\/api.w.org\/{rel}","templated":true}]}}