{"id":3409,"date":"2025-06-24T07:28:07","date_gmt":"2025-06-24T07:28:07","guid":{"rendered":"https:\/\/khsteel.net\/?post_type=product&#038;p=3409"},"modified":"2025-06-24T07:28:22","modified_gmt":"2025-06-24T07:28:22","slug":"tubo-de-acero-rectangular","status":"publish","type":"product","link":"https:\/\/khsteel.net\/es\/product\/rectangular-steel-pipe\/","title":{"rendered":"Venta directa de f\u00e1brica de acero al carbono de alta calidad de metal soldado Ms ERW hierro negro hueco secci\u00f3n transversal tubo de acero rectangular"},"content":{"rendered":"<p>Sitio web de la empresa<\/p>\n\n\n\n<p>P\u00e1gina web de la oficina:<a href=\"https:\/\/khsteel.net\/es\/\">https:\/\/khsteel.net\/<\/a><br>P\u00e1gina web de Alibaba:<a href=\"https:\/\/lckehuan.en.alibaba.com\/\" target=\"_blank\" rel=\"noopener\">https:\/\/lckehuan.en.alibaba.com\/<\/a><\/p>\n\n\n\n<h2 class=\"wp-block-heading\" id=\"specification-rectangular-steel-pipe\">Especificaci\u00f3n tubo de acero rectangular <\/h2>\n\n\n\n<figure class=\"wp-block-table\"><table class=\"has-fixed-layout\"><tbody><tr><td>art\u00edculo<\/td><td>valor<\/td><\/tr><tr><td>Lugar de origen<\/td><td>China<\/td><\/tr><tr><td><\/td><td>ShanDong<\/td><\/tr><tr><td>Nombre del producto<\/td><td>tubo de acero rectangular<\/td><\/tr><tr><td>Aplicaci\u00f3n<\/td><td>Tubos de perforaci\u00f3n, Tubos hidr\u00e1ulicos, Tubos de gas, Tubos petrol\u00edferos<\/td><\/tr><tr><td>Aleaci\u00f3n o no<\/td><td>Sin aleaci\u00f3n<\/td><\/tr><tr><td>Secci\u00f3n Forma<\/td><td>Redondo<\/td><\/tr><tr><td>Est\u00e1ndar<\/td><td>ASTM<\/td><\/tr><tr><td>Longitud<\/td><td>12M, 6m<\/td><\/tr><tr><td>Certificado<\/td><td>ISO9001<\/td><\/tr><tr><td>T\u00e9cnica<\/td><td>ERW<\/td><\/tr><tr><td>Tratamiento de superficies<\/td><td>Laminado en caliente<\/td><\/tr><tr><td>Tolerancia<\/td><td>\u00b15%, \u00b11%<\/td><\/tr><tr><td>Servicio de tramitaci\u00f3n<\/td><td>Soldadura, punzonado, corte, plegado, desbobinado<\/td><\/tr><tr><td>Engrasado o no engrasado<\/td><td>Sin aceite<\/td><\/tr><tr><td>Plazo de entrega<\/td><td>22-30 d\u00edas<\/td><\/tr><tr><td>Nombre del producto<\/td><td>Tubo<\/td><\/tr><tr><td>Palabra clave<\/td><td>Tubo de acero redondo<\/td><\/tr><tr><td>Color<\/td><td>negro<\/td><\/tr><tr><td>Longitud<\/td><td>6-12m<\/td><\/tr><tr><td>Material<\/td><td>Q195~Q235,S235~S355<\/td><\/tr><tr><td>PAGO<\/td><td>T\/T30% Dep\u00f3sito+70% Anticipo<\/td><\/tr><tr><td>Proceso<\/td><td>soldadura<\/td><\/tr><tr><td>Tipo<\/td><td>Tubos de acero soldados<\/td><\/tr><tr><td>Tecnolog\u00eda<\/td><td>Laminado en caliente Laminado en fr\u00edo Erw<\/td><\/tr><tr><td>Forma<\/td><td>redondo<\/td><\/tr><\/tbody><\/table><\/figure>\n\n\n\n<figure class=\"wp-block-table\"><table class=\"has-fixed-layout\"><tbody><tr><td>GRADO DEL MATERIAL<\/td><td>Q195 = S195 \/ A53 Grado A<br>Q235 = S235 \/ A53 Grado B \/ A500 Grado A \/ STK400 \/ SS400 \/ ST42.2<br>Q355 = S355JR \/ A500 Grado B Grado C<\/td><\/tr><tr><td>EST\u00c1NDAR<\/td><td>ASTM A500 Gr.A \/ B\/ C<\/td><\/tr><tr><td>SUPERFICIE DE LA TUBER\u00cdA<\/td><td><strong>Galvanizado, pintado de negro o aceitado antioxidante<\/strong><\/td><\/tr><tr><td>NOMBRE DEL PRODUCTO<\/td><td>tubo de acero rectangular<\/td><\/tr><tr><td>CERTIFICADOS<\/td><td>ISO 9001 \/ BSI\/ UL \/ FM<\/td><\/tr><tr><td>CONDICIONES COMERCIALES<\/td><td>FOB\/ CFR\/ CIF\/ EXW\/ FCA<\/td><\/tr><tr><td>CONDICIONES DE PAGO<\/td><td>30%&amp;70% T\/T ; 100% LC A LA VISTA (otros se pueden negociar)<\/td><\/tr><tr><td>PLAZO DE ENTREGA<\/td><td>30-45 D\u00cdAS DESPU\u00c9S DE RECIBIR EL DEP\u00d3SITO O LC<\/td><\/tr><tr><td>PRODUCTO<\/td><td>tubo de acero rectangular<\/td><\/tr><tr><td>MERCADO DE VENTAS EN CALIENTE<\/td><td>Sudeste Asi\u00e1tico, Sur de Asia, Oriente Pr\u00f3ximo, Europa, Am\u00e9rica Central y del Sur, \u00c1frica y Ocean\u00eda.<\/td><\/tr><\/tbody><\/table><\/figure>\n\n\n\n<figure class=\"wp-block-image size-full is-resized\"><img loading=\"lazy\" decoding=\"async\" width=\"1000\" height=\"1000\" src=\"https:\/\/khsteel.net\/wp-content\/uploads\/2025\/06\/image-12.png\" alt=\"\" class=\"wp-image-3412\" style=\"width:1001px;height:auto\" title=\"\" srcset=\"https:\/\/khsteel.net\/wp-content\/uploads\/2025\/06\/image-12.png 1000w, https:\/\/khsteel.net\/wp-content\/uploads\/2025\/06\/image-12-300x300.png 300w, https:\/\/khsteel.net\/wp-content\/uploads\/2025\/06\/image-12-150x150.png 150w, https:\/\/khsteel.net\/wp-content\/uploads\/2025\/06\/image-12-768x768.png 768w, https:\/\/khsteel.net\/wp-content\/uploads\/2025\/06\/image-12-12x12.png 12w\" sizes=\"auto, (max-width: 1000px) 100vw, 1000px\" \/><\/figure>\n\n\n\n<figure class=\"wp-block-image size-full\"><img loading=\"lazy\" decoding=\"async\" width=\"1000\" height=\"563\" src=\"https:\/\/khsteel.net\/wp-content\/uploads\/2025\/06\/image-11.png\" alt=\"\" class=\"wp-image-3411\" title=\"\" srcset=\"https:\/\/khsteel.net\/wp-content\/uploads\/2025\/06\/image-11.png 1000w, https:\/\/khsteel.net\/wp-content\/uploads\/2025\/06\/image-11-300x169.png 300w, https:\/\/khsteel.net\/wp-content\/uploads\/2025\/06\/image-11-768x432.png 768w, https:\/\/khsteel.net\/wp-content\/uploads\/2025\/06\/image-11-18x10.png 18w\" sizes=\"auto, (max-width: 1000px) 100vw, 1000px\" \/><\/figure>\n\n\n\n<figure class=\"wp-block-image size-full\"><img loading=\"lazy\" decoding=\"async\" width=\"1000\" height=\"750\" src=\"https:\/\/khsteel.net\/wp-content\/uploads\/2025\/06\/image-13.png\" alt=\"\" class=\"wp-image-3413\" title=\"\" srcset=\"https:\/\/khsteel.net\/wp-content\/uploads\/2025\/06\/image-13.png 1000w, https:\/\/khsteel.net\/wp-content\/uploads\/2025\/06\/image-13-300x225.png 300w, https:\/\/khsteel.net\/wp-content\/uploads\/2025\/06\/image-13-768x576.png 768w, https:\/\/khsteel.net\/wp-content\/uploads\/2025\/06\/image-13-16x12.png 16w\" sizes=\"auto, (max-width: 1000px) 100vw, 1000px\" \/><\/figure>\n\n\n\n<figure class=\"wp-block-image size-full\"><img loading=\"lazy\" decoding=\"async\" width=\"1000\" height=\"750\" src=\"https:\/\/khsteel.net\/wp-content\/uploads\/2025\/06\/image-14.png\" alt=\"\" class=\"wp-image-3414\" title=\"\" srcset=\"https:\/\/khsteel.net\/wp-content\/uploads\/2025\/06\/image-14.png 1000w, https:\/\/khsteel.net\/wp-content\/uploads\/2025\/06\/image-14-300x225.png 300w, https:\/\/khsteel.net\/wp-content\/uploads\/2025\/06\/image-14-768x576.png 768w, https:\/\/khsteel.net\/wp-content\/uploads\/2025\/06\/image-14-16x12.png 16w\" sizes=\"auto, (max-width: 1000px) 100vw, 1000px\" \/><\/figure>\n\n\n\n<figure class=\"wp-block-table\"><table class=\"has-fixed-layout\"><tbody><tr><td colspan=\"2\"><strong>Especificaciones del tubo cuadrado (longitud*anchura*espesor)<\/strong><\/td><td colspan=\"2\"><strong>Especificaciones del tubo rectangular (longitud*anchura*espesor)<\/strong><\/td><\/tr><tr><td>16\u00d716\u00d70.4\uff5e1.5<\/td><td>380x380x8.0\uff5e14.0<\/td><td>10\u00d720\u00d70.6\uff5e1.5<\/td><td>250x150x6\uff5e12.0<\/td><\/tr><tr><td>18\u00d718\u00d70.4\uff5e1.5<\/td><td>400\u00d7400\u00d78.0\uff5e14.0<\/td><td>14\u00d721\u00d70.6\uff5e1.5<\/td><td>250\u00d7100\u00d76\uff5e12.0<\/td><\/tr><tr><td>20\u00d720\u00d70.4\uff5e1.5<\/td><td>420x420x10.0\uff5e14.0<\/td><td>15\u00d730\u00d71.5\uff5e1.5<\/td><td>250\u00d7200\u00d76\uff5e12.0<\/td><\/tr><tr><td>25\u00d725\u00d70.6\uff5e2.0<\/td><td>450\u00d7450\u00d710.0\uff5e14.0<\/td><td>15\u00d738\u00d70.6\uff5e1.5<\/td><td>300\u00d7150\u00d76\uff5e12.0<\/td><\/tr><tr><td>30\u00d730\u00d70.6\uff5e4.0<\/td><td>480\u00d7460\u00d710.0\uff5e14.0<\/td><td>20\u00d730\u00d70.6\uff5e2.0<\/td><td>300\u00d7200\u00d76\uff5e12.0<\/td><\/tr><tr><td>34x34x1.0\uff5e2.0<\/td><td>500x500x10.0\uff5e14.0<\/td><td>20\u00d740\u00d70.8\uff5e2.0<\/td><td>300\u00d7250\u00d76\uff5e12.0<\/td><\/tr><tr><td>35\u00d735\u00d71.0\uff5e4.0<\/td><td><strong>Las especificaciones personalizables son las siguientes<\/strong><\/td><td>20\u00d750\u00d71.0\uff5e2.0<\/td><td>400\u00d7250\u00d78\uff5e12.0<\/td><\/tr><tr><td>38x38x1.0\uff5e4.0<\/td><td>550\u00d7550\u00d710.0\uff5e40.0<\/td><td>22\u00d735\u00d70.9\uff5e2.0<\/td><td>400\u00d7300\u00d78\uff5e12.0<\/td><\/tr><tr><td>40\u00d740\u00d71.0\uff5e4.5<\/td><td>600\u00d7600\u00d710.0\uff5e40.0<\/td><td>25\u00d740\u00d70.9\uff5e3.75<\/td><td>450\u00d7200\u00d78\uff5e12.0<\/td><\/tr><tr><td>44\u00d744\u00d71.0\uff5e4.5<\/td><td>700\u00d7700\u00d710.0\uff5e40.0<\/td><td>25\u00d765\u00d71.0\uff5e2.0<\/td><td>450\u00d7250\u00d78\uff5e12.0<\/td><\/tr><tr><td>45x45x1.0\uff5e5.0<\/td><td>800\u00d7800\u00d710.0\uff5e50.0<\/td><td>30\u00d740\u00d71.0\uff5e3.75<\/td><td>400\u00d7300\u00d78\uff5e12.0<\/td><\/tr><tr><td>50\u00d750\u00d71.0\uff5e5.0<\/td><td>900\u00d7900\u00d710.0\uff5e50.0<\/td><td>30x45x1.0\uff5e3.75<\/td><td>400\u00d7350\u00d78\uff5e12.0<\/td><\/tr><tr><td>60\u00d760\u00d71.5\uff5e5.0<\/td><td><\/td><td>30x50x1.0\uff5e4.0<\/td><td>500\u00d7200\u00d710\uff5e12.0<\/td><\/tr><tr><td>70*70\u00d72.0\uff5e6.0<\/td><td><\/td><td>30\u00d760\u00d71.0\uff5e4.5<\/td><td>500\u00d7250\u00d710\uff5e12.0<\/td><\/tr><tr><td>75\u00d775\u00d72.0\uff5e6.0<\/td><td><\/td><td>40\u00d750\u00d71.0\uff5e4.5<\/td><td>500\u00d7300\u00d710\uff5e12.0<\/td><\/tr><tr><td>80x80x2.0\uff5e6.0<\/td><td><\/td><td>40\u00d760\u00d71.0\uff5e5.0<\/td><td>500\u00d7350\u00d710\uff5e12.0<\/td><\/tr><tr><td>85x85x2.0\uff5e6.0<\/td><td><\/td><td>40\u00d780\u00d71.5\uff5e5.0<\/td><td>500\u00d7400\u00d710\uff5e12.0<\/td><\/tr><tr><td>95\u00d795\u00d72.0\uff5e8.0<\/td><td><\/td><td>40\u00d7100\u00d72.0\uff5e5.0<\/td><td>500\u00d7450\u00d710\uff5e12.0<\/td><\/tr><tr><td>100x100x2.0\uff5e8.0<\/td><td><\/td><td>50\u00d760\u00d72.0\uff5e5.0<\/td><td><strong>Las especificaciones personalizables son las siguientes<\/strong><\/td><\/tr><tr><td>120\u00d7120\u00d74.0\uff5e8.0<\/td><td><\/td><td>50\u00d780\u00d72.0\uff5e5.0<\/td><td>600\u00d7200\u00d710\uff5e28.0<\/td><\/tr><tr><td>150x150x6.0\uff5e10.0<\/td><td><\/td><td>50x100x2.0\uff5e8.0<\/td><td>600\u00d7400\u00d710\uff5e28.0<\/td><\/tr><tr><td>180x180x6.0\uff5e12.0<\/td><td><\/td><td>60\u00d780\u00d72.0\uff5e6.0<\/td><td>600\u00d7500\u00d710\uff5e28.0<\/td><\/tr><tr><td>200\u00d7200\u00d76.0\uff5e12.0<\/td><td><\/td><td>80\u00d7100\u00d72.0\uff5e8.0<\/td><td>800x400x10\uff5e28.0<\/td><\/tr><tr><td>220\u00d7220\u00d76.0\uff5e14.0<\/td><td><\/td><td>120\u00d760\u00d72.5\uff5e10.0<\/td><td>800\u00d7600\u00d710\uff5e28.0<\/td><\/tr><tr><td>250\u00d7250\u00d76.0\uff5e14.0<\/td><td><\/td><td>120\u00d780\u00d72.5\uff5e10.0<\/td><td>800\u00d7700\u00d710\uff5e28.0<\/td><\/tr><tr><td>280\u00d7280\u00d76.0\uff5e14.0<\/td><td><\/td><td>150\u00d7100\u00d72.5\uff5e12.0<\/td><td>1000\u00d7400\u00d710\uff5e28.0<\/td><\/tr><tr><td>300\u00d7300\u00d78.0\uff5e14.0<\/td><td><\/td><td>180\u00d7150\u00d72.5\uff5e12.0<\/td><td>1000\u00d7500\u00d710\uff5e28.0<\/td><\/tr><tr><td>320\u00d7320\u00d78.0\uff5e14.0<\/td><td><\/td><td>200\u00d7100\u00d74\uff5e12.0<\/td><td>1000\u00d7600\u00d710\uff5e28.0<\/td><\/tr><tr><td>350x350x8.0\uff5e14.0<\/td><td><\/td><td>200\u00d7150\u00d74\uff5e12.0<\/td><td>1000\u00d7800\u00d710\uff5e28<\/td><\/tr><\/tbody><\/table><\/figure>","protected":false},"featured_media":3155,"parent":0,"template":"","meta":{"_acf_changed":true,"_gspb_post_css":"","_kad_blocks_custom_css":"","_kad_blocks_head_custom_js":"","_kad_blocks_body_custom_js":"","_kad_blocks_footer_custom_js":"","_kad_post_transparent":"","_kad_post_title":"","_kad_post_layout":"","_kad_post_sidebar_id":"","_kad_post_content_style":"","_kad_post_vertical_padding":"","_kad_post_feature":"","_kad_post_feature_position":"","_kad_post_header":false,"_kad_post_footer":false,"_kad_post_classname":""},"product-category":[68],"class_list":["post-3409","product","type-product","status-publish","has-post-thumbnail","hentry","product-category-irregular-and-rectangular-pipes"],"acf":[],"taxonomy_info":{"product-category":[{"value":68,"label":"Irregular and rectangular pipes"}]},"featured_image_src_large":["https:\/\/khsteel.net\/wp-content\/uploads\/2025\/06\/IMG_20200228_125742-1024x1024.jpg",1024,1024,true],"author_info":[],"comment_info":"","_links":{"self":[{"href":"https:\/\/khsteel.net\/es\/wp-json\/wp\/v2\/product\/3409","targetHints":{"allow":["GET"]}}],"collection":[{"href":"https:\/\/khsteel.net\/es\/wp-json\/wp\/v2\/product"}],"about":[{"href":"https:\/\/khsteel.net\/es\/wp-json\/wp\/v2\/types\/product"}],"wp:featuredmedia":[{"embeddable":true,"href":"https:\/\/khsteel.net\/es\/wp-json\/wp\/v2\/media\/3155"}],"wp:attachment":[{"href":"https:\/\/khsteel.net\/es\/wp-json\/wp\/v2\/media?parent=3409"}],"wp:term":[{"taxonomy":"product-category","embeddable":true,"href":"https:\/\/khsteel.net\/es\/wp-json\/wp\/v2\/product-category?post=3409"}],"curies":[{"name":"wp","href":"https:\/\/api.w.org\/{rel}","templated":true}]}}