{"id":3408,"date":"2025-06-24T07:01:04","date_gmt":"2025-06-24T07:01:04","guid":{"rendered":"https:\/\/khsteel.net\/?post_type=product&#038;p=3408"},"modified":"2025-06-25T03:11:39","modified_gmt":"2025-06-25T03:11:39","slug":"tubos-rectangulares-y-tubos-cuadrados","status":"publish","type":"product","link":"https:\/\/khsteel.net\/es\/product\/rectangular-tubes-and-square-tubes\/","title":{"rendered":"Venta directa de f\u00e1brica de alta calidad Q215, Q235, Q345 hierro negro tubos rectangulares de acero al carbono y tubos cuadrados"},"content":{"rendered":"<p>Sitio web de la empresa<\/p>\n\n\n\n<p>P\u00e1gina web de la oficina:<a href=\"https:\/\/khsteel.net\/es\/\">https:\/\/khsteel.net\/<\/a><br>P\u00e1gina web de Alibaba:<a href=\"https:\/\/lckehuan.en.alibaba.com\/\" target=\"_blank\" rel=\"noopener\">https:\/\/lckehuan.en.alibaba.com\/<\/a><\/p>\n\n\n\n<h2 class=\"wp-block-heading\" id=\"specification-rectangular-tubes-and-square-tubes\">Especificaci\u00f3n tubos rectangulares y tubos cuadrados<\/h2>\n\n\n\n<figure class=\"wp-block-table\"><table class=\"has-fixed-layout\"><tbody><tr><td><strong>art\u00edculo<\/strong><\/td><td><strong>valor<\/strong><\/td><\/tr><tr><td>Nombre del producto<\/td><td>tubos rectangulares y tubos cuadrados<\/td><\/tr><tr><td>Lugar de origen<\/td><td>Shandong, China<\/td><\/tr><tr><td>Secci\u00f3n Forma<\/td><td>Cuadrado<\/td><\/tr><tr><td>Espesor<\/td><td>0,8 - 12,75 mm o a medida<\/td><\/tr><tr><td>Longitud<\/td><td>12M, 6m, 6.4M, Personalizado<\/td><\/tr><tr><td>Certificado<\/td><td>ce, ISO9001<\/td><\/tr><tr><td>Producto<\/td><td>tubos rectangulares y tubos cuadrados<\/td><\/tr><tr><td>Tolerancia<\/td><td>\u00b11%<\/td><\/tr><tr><td>Servicio de tramitaci\u00f3n<\/td><td>Plegado, soldadura, desenrollado, punzonado, corte<\/td><\/tr><tr><td>Material<\/td><td>Q195\/Q215\/Q235\/Q345\/#20\/#45, etc.<\/td><\/tr><tr><td>Longitud<\/td><td>Petici\u00f3n de los clientes<\/td><\/tr><tr><td>MOQ<\/td><td>1 tonelada<\/td><\/tr><tr><td>Condiciones de pago<\/td><td>T\/T<\/td><\/tr><\/tbody><\/table><\/figure>\n\n\n\n<p><strong>tubos rectangulares y tubos cuadrados<\/strong> se utiliza ampliamente en mantenimiento industrial, implementos agr\u00edcolas, equipos de transporte, plataformas de camiones, remolques, bastidores, etc. Su configuraci\u00f3n en forma de caja permite una resistencia y rigidez mucho mayores en comparaci\u00f3n con \u00e1ngulos o canales.<\/p>\n\n\n\n<figure class=\"wp-block-image\"><img decoding=\"async\" src=\"https:\/\/sc04.alicdn.com\/kf\/H792b1dce74a342728b2bb478e7f2a105d\/251664376\/H792b1dce74a342728b2bb478e7f2a105d.png\" alt=\"\" title=\"\"><\/figure>\n\n\n\n<figure class=\"wp-block-image\"><img decoding=\"async\" src=\"https:\/\/sc04.alicdn.com\/kf\/Hea449cd9ec7b4a86b9964459a112f8a2v\/251664376\/Hea449cd9ec7b4a86b9964459a112f8a2v.png\" alt=\"\" title=\"\"><\/figure>\n\n\n\n<figure class=\"wp-block-image\"><img decoding=\"async\" src=\"https:\/\/sc04.alicdn.com\/kf\/Hc4e4a78cbe004ec9a96e09f9046eaad7q\/251664376\/Hc4e4a78cbe004ec9a96e09f9046eaad7q.png\" alt=\"\" title=\"\"><\/figure>\n\n\n\n<figure class=\"wp-block-image\"><img decoding=\"async\" src=\"https:\/\/sc04.alicdn.com\/kf\/Hc91c9a2d20b04d3bbf4e22dbc3e425d6f\/251664376\/Hc91c9a2d20b04d3bbf4e22dbc3e425d6f.jpg\" alt=\"\" title=\"\"><\/figure>\n\n\n\n<figure class=\"wp-block-image\"><img decoding=\"async\" src=\"https:\/\/sc04.alicdn.com\/kf\/H0d094fbda794491a9c9c37d480b5b6ea5\/251664376\/H0d094fbda794491a9c9c37d480b5b6ea5.jpg\" alt=\"\" title=\"\"><\/figure>\n\n\n\n<figure class=\"wp-block-image\"><img decoding=\"async\" src=\"https:\/\/sc04.alicdn.com\/kf\/H17d2b806cba547848705392e4c10c6bbm\/251664376\/H17d2b806cba547848705392e4c10c6bbm.jpg\" alt=\"\" title=\"\"><\/figure>\n\n\n\n<figure class=\"wp-block-image\"><img decoding=\"async\" src=\"https:\/\/sc04.alicdn.com\/kf\/H9c606f999bcb48c894048d8dc90aca70m\/251664376\/H9c606f999bcb48c894048d8dc90aca70m.jpg\" alt=\"\" title=\"\"><\/figure>\n\n\n\n<figure class=\"wp-block-image\"><img decoding=\"async\" src=\"https:\/\/sc04.alicdn.com\/kf\/H2481fcd15e064a72a2759ad2a01ecc0eq\/251664376\/H2481fcd15e064a72a2759ad2a01ecc0eq.jpg\" alt=\"\" title=\"\"><\/figure>\n\n\n\n<h2 class=\"wp-block-heading\" id=\"packing-rectangular-tubes-and-square-tubes\">embalaje de tubos rectangulares y cuadrados<\/h2>\n\n\n\n<figure class=\"wp-block-image\"><img decoding=\"async\" src=\"https:\/\/sc04.alicdn.com\/kf\/H9091ea2429e74299a8247e65dec7eb854\/251664376\/H9091ea2429e74299a8247e65dec7eb854.png\" alt=\"\" title=\"\"><\/figure>\n\n\n\n<figure class=\"wp-block-table\"><table class=\"has-fixed-layout\"><tbody><tr><td>GRADO DEL MATERIAL<\/td><td>Q195 = S195 \/ A53 Grado A<br>Q235 = S235 \/ A53 Grado B \/ A500 Grado A \/ STK400 \/ SS400 \/ ST42.2<br>Q355 = S355JR \/ A500 Grado B Grado C<\/td><\/tr><tr><td>EST\u00c1NDAR<\/td><td>ASTM A500 Gr.A \/ B\/ C<\/td><\/tr><tr><td>SUPERFICIE DE LA TUBER\u00cdA<\/td><td><strong>Galvanizado, pintado de negro o aceitado antioxidante<\/strong><\/td><\/tr><tr><td>NOMBRE DEL PRODUCTO<\/td><td>tubos rectangulares y tubos cuadrados<\/td><\/tr><tr><td>CERTIFICADOS<\/td><td>ISO 9001 \/ BSI\/ UL \/ FM<\/td><\/tr><tr><td>CONDICIONES COMERCIALES<\/td><td>FOB\/ CFR\/ CIF\/ EXW\/ FCA<\/td><\/tr><tr><td>CONDICIONES DE PAGO<\/td><td>30%&amp;70% T\/T ; 100% LC A LA VISTA (otros se pueden negociar)<\/td><\/tr><tr><td>PLAZO DE ENTREGA<\/td><td>30-45 D\u00cdAS DESPU\u00c9S DE RECIBIR EL DEP\u00d3SITO O LC<\/td><\/tr><tr><td>PRODUCTO<\/td><td>tubos rectangulares y tubos cuadrados<\/td><\/tr><tr><td>MERCADO DE VENTAS EN CALIENTE<\/td><td>Sudeste Asi\u00e1tico, Sur de Asia, Oriente Pr\u00f3ximo, Europa, Am\u00e9rica Central y del Sur, \u00c1frica y Ocean\u00eda.<\/td><\/tr><\/tbody><\/table><\/figure>\n\n\n\n<figure class=\"wp-block-image is-resized\"><img decoding=\"async\" src=\"https:\/\/sc04.alicdn.com\/kf\/H3562f68edef34a5a884b3fc66364f61aa\/276158325\/H3562f68edef34a5a884b3fc66364f61aa.jpg\" alt=\"\" style=\"width:750px;height:auto\" title=\"\"><\/figure>\n\n\n\n<figure class=\"wp-block-table\"><table class=\"has-fixed-layout\"><tbody><tr><td colspan=\"2\"><strong>Especificaciones del tubo cuadrado (longitud*anchura*espesor)<\/strong><\/td><td colspan=\"2\"><strong>Especificaciones del tubo rectangular (longitud*anchura*espesor)<\/strong><\/td><\/tr><tr><td>16\u00d716\u00d70.4\uff5e1.5<\/td><td>380x380x8.0\uff5e14.0<\/td><td>10\u00d720\u00d70.6\uff5e1.5<\/td><td>250x150x6\uff5e12.0<\/td><\/tr><tr><td>18\u00d718\u00d70.4\uff5e1.5<\/td><td>400\u00d7400\u00d78.0\uff5e14.0<\/td><td>14\u00d721\u00d70.6\uff5e1.5<\/td><td>250\u00d7100\u00d76\uff5e12.0<\/td><\/tr><tr><td>20\u00d720\u00d70.4\uff5e1.5<\/td><td>420x420x10.0\uff5e14.0<\/td><td>15\u00d730\u00d71.5\uff5e1.5<\/td><td>250\u00d7200\u00d76\uff5e12.0<\/td><\/tr><tr><td>25\u00d725\u00d70.6\uff5e2.0<\/td><td>450\u00d7450\u00d710.0\uff5e14.0<\/td><td>15\u00d738\u00d70.6\uff5e1.5<\/td><td>300\u00d7150\u00d76\uff5e12.0<\/td><\/tr><tr><td>30\u00d730\u00d70.6\uff5e4.0<\/td><td>480\u00d7460\u00d710.0\uff5e14.0<\/td><td>20\u00d730\u00d70.6\uff5e2.0<\/td><td>300\u00d7200\u00d76\uff5e12.0<\/td><\/tr><tr><td>34x34x1.0\uff5e2.0<\/td><td>500x500x10.0\uff5e14.0<\/td><td>20\u00d740\u00d70.8\uff5e2.0<\/td><td>300\u00d7250\u00d76\uff5e12.0<\/td><\/tr><tr><td>35\u00d735\u00d71.0\uff5e4.0<\/td><td><strong>Las especificaciones personalizables son las siguientes<\/strong><\/td><td>20\u00d750\u00d71.0\uff5e2.0<\/td><td>400\u00d7250\u00d78\uff5e12.0<\/td><\/tr><tr><td>38x38x1.0\uff5e4.0<\/td><td>550\u00d7550\u00d710.0\uff5e40.0<\/td><td>22\u00d735\u00d70.9\uff5e2.0<\/td><td>400\u00d7300\u00d78\uff5e12.0<\/td><\/tr><tr><td>40\u00d740\u00d71.0\uff5e4.5<\/td><td>600\u00d7600\u00d710.0\uff5e40.0<\/td><td>25\u00d740\u00d70.9\uff5e3.75<\/td><td>450\u00d7200\u00d78\uff5e12.0<\/td><\/tr><tr><td>44\u00d744\u00d71.0\uff5e4.5<\/td><td>700\u00d7700\u00d710.0\uff5e40.0<\/td><td>25\u00d765\u00d71.0\uff5e2.0<\/td><td>450\u00d7250\u00d78\uff5e12.0<\/td><\/tr><tr><td>45x45x1.0\uff5e5.0<\/td><td>800\u00d7800\u00d710.0\uff5e50.0<\/td><td>30\u00d740\u00d71.0\uff5e3.75<\/td><td>400\u00d7300\u00d78\uff5e12.0<\/td><\/tr><tr><td>50\u00d750\u00d71.0\uff5e5.0<\/td><td>900\u00d7900\u00d710.0\uff5e50.0<\/td><td>30x45x1.0\uff5e3.75<\/td><td>400\u00d7350\u00d78\uff5e12.0<\/td><\/tr><tr><td>60\u00d760\u00d71.5\uff5e5.0<\/td><td><\/td><td>30x50x1.0\uff5e4.0<\/td><td>500\u00d7200\u00d710\uff5e12.0<\/td><\/tr><tr><td>70*70\u00d72.0\uff5e6.0<\/td><td><\/td><td>30\u00d760\u00d71.0\uff5e4.5<\/td><td>500\u00d7250\u00d710\uff5e12.0<\/td><\/tr><tr><td>75\u00d775\u00d72.0\uff5e6.0<\/td><td><\/td><td>40\u00d750\u00d71.0\uff5e4.5<\/td><td>500\u00d7300\u00d710\uff5e12.0<\/td><\/tr><tr><td>80x80x2.0\uff5e6.0<\/td><td><\/td><td>40\u00d760\u00d71.0\uff5e5.0<\/td><td>500\u00d7350\u00d710\uff5e12.0<\/td><\/tr><tr><td>85x85x2.0\uff5e6.0<\/td><td><\/td><td>40\u00d780\u00d71.5\uff5e5.0<\/td><td>500\u00d7400\u00d710\uff5e12.0<\/td><\/tr><tr><td>95\u00d795\u00d72.0\uff5e8.0<\/td><td><\/td><td>40\u00d7100\u00d72.0\uff5e5.0<\/td><td>500\u00d7450\u00d710\uff5e12.0<\/td><\/tr><tr><td>100x100x2.0\uff5e8.0<\/td><td><\/td><td>50\u00d760\u00d72.0\uff5e5.0<\/td><td><strong>Las especificaciones personalizables son las siguientes<\/strong><\/td><\/tr><tr><td>120\u00d7120\u00d74.0\uff5e8.0<\/td><td><\/td><td>50\u00d780\u00d72.0\uff5e5.0<\/td><td>600\u00d7200\u00d710\uff5e28.0<\/td><\/tr><tr><td>150x150x6.0\uff5e10.0<\/td><td><\/td><td>50x100x2.0\uff5e8.0<\/td><td>600\u00d7400\u00d710\uff5e28.0<\/td><\/tr><tr><td>180x180x6.0\uff5e12.0<\/td><td><\/td><td>60\u00d780\u00d72.0\uff5e6.0<\/td><td>600\u00d7500\u00d710\uff5e28.0<\/td><\/tr><tr><td>200\u00d7200\u00d76.0\uff5e12.0<\/td><td><\/td><td>80\u00d7100\u00d72.0\uff5e8.0<\/td><td>800x400x10\uff5e28.0<\/td><\/tr><tr><td>220\u00d7220\u00d76.0\uff5e14.0<\/td><td><\/td><td>120\u00d760\u00d72.5\uff5e10.0<\/td><td>800\u00d7600\u00d710\uff5e28.0<\/td><\/tr><tr><td>250\u00d7250\u00d76.0\uff5e14.0<\/td><td><\/td><td>120\u00d780\u00d72.5\uff5e10.0<\/td><td>800\u00d7700\u00d710\uff5e28.0<\/td><\/tr><tr><td>280\u00d7280\u00d76.0\uff5e14.0<\/td><td><\/td><td>150\u00d7100\u00d72.5\uff5e12.0<\/td><td>1000\u00d7400\u00d710\uff5e28.0<\/td><\/tr><tr><td>300\u00d7300\u00d78.0\uff5e14.0<\/td><td><\/td><td>180\u00d7150\u00d72.5\uff5e12.0<\/td><td>1000\u00d7500\u00d710\uff5e28.0<\/td><\/tr><tr><td>320\u00d7320\u00d78.0\uff5e14.0<\/td><td><\/td><td>200\u00d7100\u00d74\uff5e12.0<\/td><td>1000\u00d7600\u00d710\uff5e28.0<\/td><\/tr><tr><td>350x350x8.0\uff5e14.0<\/td><td><\/td><td>200\u00d7150\u00d74\uff5e12.0<\/td><td>1000\u00d7800\u00d710\uff5e28<\/td><\/tr><\/tbody><\/table><\/figure>\n\n\n\n<p><\/p>","protected":false},"featured_media":3583,"parent":0,"template":"","meta":{"_acf_changed":true,"_gspb_post_css":"","_kad_blocks_custom_css":"","_kad_blocks_head_custom_js":"","_kad_blocks_body_custom_js":"","_kad_blocks_footer_custom_js":"","_kad_post_transparent":"","_kad_post_title":"","_kad_post_layout":"","_kad_post_sidebar_id":"","_kad_post_content_style":"","_kad_post_vertical_padding":"","_kad_post_feature":"","_kad_post_feature_position":"","_kad_post_header":false,"_kad_post_footer":false,"_kad_post_classname":""},"product-category":[68],"class_list":["post-3408","product","type-product","status-publish","has-post-thumbnail","hentry","product-category-irregular-and-rectangular-pipes"],"acf":[],"taxonomy_info":{"product-category":[{"value":68,"label":"Irregular and rectangular pipes"}]},"featured_image_src_large":["https:\/\/khsteel.net\/wp-content\/uploads\/2025\/06\/Hfc26cf88d52a41a0a732abaeb1165defT_\u526f\u672c.jpg",800,800,false],"author_info":[],"comment_info":"","_links":{"self":[{"href":"https:\/\/khsteel.net\/es\/wp-json\/wp\/v2\/product\/3408","targetHints":{"allow":["GET"]}}],"collection":[{"href":"https:\/\/khsteel.net\/es\/wp-json\/wp\/v2\/product"}],"about":[{"href":"https:\/\/khsteel.net\/es\/wp-json\/wp\/v2\/types\/product"}],"wp:featuredmedia":[{"embeddable":true,"href":"https:\/\/khsteel.net\/es\/wp-json\/wp\/v2\/media\/3583"}],"wp:attachment":[{"href":"https:\/\/khsteel.net\/es\/wp-json\/wp\/v2\/media?parent=3408"}],"wp:term":[{"taxonomy":"product-category","embeddable":true,"href":"https:\/\/khsteel.net\/es\/wp-json\/wp\/v2\/product-category?post=3408"}],"curies":[{"name":"wp","href":"https:\/\/api.w.org\/{rel}","templated":true}]}}