{"id":3402,"date":"2025-06-24T06:33:15","date_gmt":"2025-06-24T06:33:15","guid":{"rendered":"https:\/\/khsteel.net\/?post_type=product&#038;p=3402"},"modified":"2025-06-25T03:24:30","modified_gmt":"2025-06-25T03:24:30","slug":"tubos-cuadrados-de-hierro-laminado-en-caliente","status":"publish","type":"product","link":"https:\/\/khsteel.net\/es\/product\/hot-rolled-iron-square-pipes\/","title":{"rendered":"Venta directa de f\u00e1brica de tubos cuadrados y rectangulares de acero al carbono de alta calidad 40\u00d780 y tubos cuadrados y rectangulares de hierro laminado en caliente"},"content":{"rendered":"<p>Sitio web de la empresa<\/p>\n\n\n\n<p>P\u00e1gina web de la oficina:<a href=\"https:\/\/khsteel.net\/es\/\">https:\/\/khsteel.net\/<\/a><br>P\u00e1gina web de Alibaba:<a href=\"https:\/\/lckehuan.en.alibaba.com\/\" target=\"_blank\" rel=\"noopener\">https:\/\/lckehuan.en.alibaba.com\/<\/a><\/p>\n\n\n\n<h2 class=\"wp-block-heading\" id=\"specification-hot-rolled-iron-square-pipes\">Especificaci\u00f3n de los tubos cuadrados de hierro laminado en caliente<\/h2>\n\n\n\n<figure class=\"wp-block-table\"><table class=\"has-fixed-layout\"><tbody><tr><td>Nombre del producto<\/td><td>tubos cuadrados de hierro laminado en caliente<\/td><\/tr><tr><td>Grado<\/td><td>Q235B SM490 SS400 Q345B G300 G350 S275JR S355JR<\/td><\/tr><tr><td>Est\u00e1ndar<\/td><td>GB,ASTM,JIS,SUS,DIN,EN ETC.<\/td><\/tr><tr><td>T\u00e9cnica<\/td><td>Tubos soldados\/Tubos sin soldadura<\/td><\/tr><tr><td>Longitud<\/td><td>6m,12m,o personalizado seg\u00fan las necesidades del cliente<\/td><\/tr><tr><td>Talla<\/td><td>10*10 mm - 600*600 mm<\/td><\/tr><tr><td>Espesor<\/td><td>0,6 mm-25 mm<\/td><\/tr><tr><td>Aplicaci\u00f3n<\/td><td>Ampliamente utilizado en la fabricaci\u00f3n mec\u00e1nica, campo de la construcci\u00f3n, industria metal\u00fargica, veh\u00edculos agr\u00edcolas, invernadero de la agricultura, automotriz<br>industria, ferrocarril, barandilla de carretera, bastidor de contenedor, muebles, decoraci\u00f3n, estructura de acero, etc.<\/td><\/tr><tr><td>Paquete<\/td><td>En paquete de exportaci\u00f3n est\u00e1ndar o seg\u00fan se requiera<\/td><\/tr><tr><td>Acabado<\/td><td>Acabado fresado, pintado<\/td><\/tr><tr><td>Plazo de entrega<\/td><td>Entre 7 y 15 d\u00edas<\/td><\/tr><tr><td>T\u00e9rmino comercial<\/td><td>FOB CFR CIF<\/td><\/tr><tr><td>Pago<\/td><td>30%T\/T Anticipo + 70% Saldo antes del env\u00edo<\/td><\/tr><tr><td>MOQ<\/td><td>5Toneladas<\/td><\/tr><tr><td>Lugar de origen<\/td><td>China<\/td><\/tr><\/tbody><\/table><\/figure>\n\n\n\n<figure class=\"wp-block-image size-large\"><img loading=\"lazy\" decoding=\"async\" width=\"1024\" height=\"674\" src=\"https:\/\/khsteel.net\/wp-content\/uploads\/2025\/06\/image-10-1024x674.png\" alt=\"\" class=\"wp-image-3404\" title=\"\" srcset=\"https:\/\/khsteel.net\/wp-content\/uploads\/2025\/06\/image-10-1024x674.png 1024w, https:\/\/khsteel.net\/wp-content\/uploads\/2025\/06\/image-10-300x198.png 300w, https:\/\/khsteel.net\/wp-content\/uploads\/2025\/06\/image-10-768x506.png 768w, https:\/\/khsteel.net\/wp-content\/uploads\/2025\/06\/image-10-18x12.png 18w, https:\/\/khsteel.net\/wp-content\/uploads\/2025\/06\/image-10.png 1312w\" sizes=\"auto, (max-width: 1024px) 100vw, 1024px\" \/><\/figure>\n\n\n\n<p>Productos<\/p>\n\n\n\n<figure class=\"wp-block-image\"><img decoding=\"async\" src=\"https:\/\/sc04.alicdn.com\/kf\/H6b8ca7164c164071a78aee82627bdeb6i\/221572695\/H6b8ca7164c164071a78aee82627bdeb6i.png\" alt=\"\" title=\"\"><\/figure>\n\n\n\n<figure class=\"wp-block-image\"><img decoding=\"async\" src=\"https:\/\/sc04.alicdn.com\/kf\/Hfdd7de2879c04381ae438cb7209d154bI\/221572695\/Hfdd7de2879c04381ae438cb7209d154bI.png\" alt=\"\" title=\"\"><\/figure>\n\n\n\n<figure class=\"wp-block-image\"><img decoding=\"async\" src=\"https:\/\/sc04.alicdn.com\/kf\/H94e51d61d4ec4f82bba20a86e80048bcZ\/221572695\/H94e51d61d4ec4f82bba20a86e80048bcZ.png\" alt=\"\" title=\"\"><\/figure>\n\n\n\n<figure class=\"wp-block-image\"><img decoding=\"async\" src=\"https:\/\/sc04.alicdn.com\/kf\/HTB114b7eVHM8KJjSZJiq6zx3FXaS\/221572695\/HTB114b7eVHM8KJjSZJiq6zx3FXaS.jpg\" alt=\"\" title=\"\"><\/figure>\n\n\n\n<figure class=\"wp-block-image\"><img decoding=\"async\" src=\"https:\/\/sc04.alicdn.com\/kf\/Hd2aef6a7af4c429fbfdeaa7ae8fe21e7v\/221572695\/Hd2aef6a7af4c429fbfdeaa7ae8fe21e7v.png\" alt=\"\" title=\"\"><\/figure>\n\n\n\n<h3 class=\"wp-block-heading\" id=\"high-quality\">Alta calidad<\/h3>\n\n\n\n<p>Los productos est\u00e1n fabricados con materiales de alta calidad, la calidad est\u00e1 garantizada y la calidad es firme y fiable.<\/p>\n\n\n\n<h3 class=\"wp-block-heading\" id=\"different-specifications\">Diferentes especificaciones<\/h3>\n\n\n\n<p>Los potentes fabricantes admiten la personalizaci\u00f3n no est\u00e1ndar, producen con rapidez y garantizan la calidad del producto.<\/p>\n\n\n\n<p>Aplicaci\u00f3n del producto<\/p>\n\n\n\n<figure class=\"wp-block-image\"><img decoding=\"async\" src=\"https:\/\/sc04.alicdn.com\/kf\/Hc7497dacb91a4c91b23b39533d374e42a\/221572695\/Hc7497dacb91a4c91b23b39533d374e42a.png\" alt=\"\" title=\"\"><\/figure>\n\n\n\n<figure class=\"wp-block-image\"><img decoding=\"async\" src=\"https:\/\/sc04.alicdn.com\/kf\/H18789f9340b643de8ce67fdb959a5d36P\/221572695\/H18789f9340b643de8ce67fdb959a5d36P.png\" alt=\"\" title=\"\"><\/figure>\n\n\n\n<figure class=\"wp-block-image\"><img decoding=\"async\" src=\"https:\/\/sc04.alicdn.com\/kf\/Hefc2b0cc2cc249b3892469f24cce63584\/221572695\/Hefc2b0cc2cc249b3892469f24cce63584.png\" alt=\"\" title=\"\"><\/figure>","protected":false},"featured_media":3591,"parent":0,"template":"","meta":{"_acf_changed":true,"_gspb_post_css":"","_kad_blocks_custom_css":"","_kad_blocks_head_custom_js":"","_kad_blocks_body_custom_js":"","_kad_blocks_footer_custom_js":"","_kad_post_transparent":"","_kad_post_title":"","_kad_post_layout":"","_kad_post_sidebar_id":"","_kad_post_content_style":"","_kad_post_vertical_padding":"","_kad_post_feature":"","_kad_post_feature_position":"","_kad_post_header":false,"_kad_post_footer":false,"_kad_post_classname":""},"product-category":[68,63],"class_list":["post-3402","product","type-product","status-publish","has-post-thumbnail","hentry","product-category-irregular-and-rectangular-pipes","product-category-pipe"],"acf":[],"taxonomy_info":{"product-category":[{"value":68,"label":"Irregular and rectangular pipes"},{"value":63,"label":"PIPE"}]},"featured_image_src_large":["https:\/\/khsteel.net\/wp-content\/uploads\/2025\/06\/H7662806898ef47dca8ae543bb6938020f_\u526f\u672c.jpg",800,800,false],"author_info":[],"comment_info":"","_links":{"self":[{"href":"https:\/\/khsteel.net\/es\/wp-json\/wp\/v2\/product\/3402","targetHints":{"allow":["GET"]}}],"collection":[{"href":"https:\/\/khsteel.net\/es\/wp-json\/wp\/v2\/product"}],"about":[{"href":"https:\/\/khsteel.net\/es\/wp-json\/wp\/v2\/types\/product"}],"wp:featuredmedia":[{"embeddable":true,"href":"https:\/\/khsteel.net\/es\/wp-json\/wp\/v2\/media\/3591"}],"wp:attachment":[{"href":"https:\/\/khsteel.net\/es\/wp-json\/wp\/v2\/media?parent=3402"}],"wp:term":[{"taxonomy":"product-category","embeddable":true,"href":"https:\/\/khsteel.net\/es\/wp-json\/wp\/v2\/product-category?post=3402"}],"curies":[{"name":"wp","href":"https:\/\/api.w.org\/{rel}","templated":true}]}}