{"id":340,"date":"2024-07-08T09:15:04","date_gmt":"2024-07-08T09:15:04","guid":{"rendered":"https:\/\/kehuan.easiwin.com\/?post_type=product&#038;p=340"},"modified":"2025-04-28T06:25:41","modified_gmt":"2025-04-28T06:25:41","slug":"china-al-por-mayor-negro-recocido-crc-5mm-de-espesor-ms-laminado-en-frio-chapa-de-acero-suave-hr-cr-precio-de-la-hoja","status":"publish","type":"product","link":"https:\/\/khsteel.net\/es\/product\/china-wholesale-black-annealed-crc-5mm-thick-ms-cold-rolled-mild-steel-plate-hr-cr-sheet-price\/","title":{"rendered":"China al por mayor Negro recocido Crc 5mm de espesor Ms laminado en fr\u00edo de chapa de acero templado \/ HR \/ Cr Hoja Precio"},"content":{"rendered":"<h3 class=\"wp-block-heading\" id=\"key-attributes\">Atributos clave<\/h3>\n\n\n\n<h4 class=\"wp-block-heading\">Atributos espec\u00edficos del sector<\/h4>\n\n\n\n<figure class=\"wp-block-table\"><table><tbody><tr><td>Tipo<\/td><td>Chapa de acero<\/td><\/tr><tr><td>Espesor<\/td><td>0,2-5,0 mm<\/td><\/tr><tr><td>Tratamiento de superficies<\/td><td>Normal Engrasado<\/td><\/tr><tr><td>Dureza<\/td><td>Medio Duro<\/td><\/tr><tr><td>Pase de piel<\/td><td>S\u00ed<\/td><\/tr><\/tbody><\/table><\/figure>\n\n\n\n<p>Otros atributos<\/p>\n\n\n\n<figure class=\"wp-block-table\"><table><tbody><tr><td>Lugar de origen<\/td><td>Shandong, China<\/td><\/tr><tr><td>Est\u00e1ndar<\/td><td>AiSi<\/td><\/tr><tr><td>Grado<\/td><td>PCC,SPCD,SPCE,ST12-15;DC01-06<\/td><\/tr><tr><td>Engrasado o no engrasado<\/td><td>Ligeramente aceitado<\/td><\/tr><tr><td>Aleaci\u00f3n o no<\/td><td>Es aleaci\u00f3n<\/td><\/tr><tr><td>Plazo de entrega<\/td><td>15-21 d\u00edas<\/td><\/tr><tr><td>Marca<\/td><td>Kuhuan<\/td><\/tr><tr><td>Aplicaci\u00f3n<\/td><td>Fabricaci\u00f3n de componentes<\/td><\/tr><tr><td>Anchura<\/td><td>400mm-1500mm<\/td><\/tr><tr><td>Longitud<\/td><td>personalizado<\/td><\/tr><tr><td>Certificado<\/td><td>CE, BIS, SASO, tisi, JIS, GS, ISO9001<\/td><\/tr><tr><td>Tolerancia<\/td><td>\u00b11%<\/td><\/tr><tr><td>Servicio de tramitaci\u00f3n<\/td><td>Soldadura, punzonado, corte, plegado, recocido, recocido negro<\/td><\/tr><tr><td>Grado<\/td><td>SPCC<\/td><\/tr><tr><td>Nombre del producto<\/td><td>Chapa de acero laminado en fr\u00edo<\/td><\/tr><tr><td>Material<\/td><td>SPCC\/SPCD\/SPCE\/DC01\/DC03\/DC04\/St12\/St13\/St14\/CS A\/DS<\/td><\/tr><tr><td>Tecnolog\u00eda<\/td><td>Laminado en fr\u00edo.Laminado en caliente<\/td><\/tr><tr><td>Forma<\/td><td>Placa de acero plana<\/td><\/tr><tr><td>MOQ<\/td><td>1 tonelada<\/td><\/tr><tr><td>Superficie<\/td><td>Regular<\/td><\/tr><tr><td>Plazo de pago<\/td><td>TT LC<\/td><\/tr><tr><td>Ventaja<\/td><td>Entrega r\u00e1pida<\/td><\/tr><tr><td>Utilizaci\u00f3n<\/td><td>Material de cubierta<\/td><\/tr><\/tbody><\/table><\/figure>\n\n\n\n<figure class=\"wp-block-table\"><table><tbody><tr><td>Material<\/td><td>Q195,Q215,Q235,08AL,SPCC,SPCD,SPCE,SPCEN,ST12,ST13,ST14,ST15,ST16,DC01, DC03,DC04,DC05,DC06<\/td><td><\/td><td><\/td><\/tr><tr><td>Espesor<\/td><td>0,12-6,0 mm<\/td><td><\/td><td><\/td><\/tr><tr><td>Anchura<\/td><td>600mm-1500mm, seg\u00fan los requisitos del cliente<\/td><td><\/td><td><\/td><\/tr><tr><td>Peso de la bobina<\/td><td>3-8MT\/Bobina o seg\u00fan su petici\u00f3n<\/td><td><\/td><td><\/td><\/tr><tr><td>MOQ<\/td><td>5MT<\/td><td><\/td><td><\/td><\/tr><tr><td>Tratamiento de superficies<\/td><td>Pasivado(C), Aceitado(O), Lacado(L), Fosfatado(P), Sin tratar(U)<\/td><td><\/td><td><\/td><\/tr><tr><td>Estructura de la superficie<\/td><td>Tubo de acero redondo soldado galvanizado en caliente<\/td><td><\/td><td><\/td><\/tr><tr><td>Plazo de entrega<\/td><td>15-35 d\u00edas tras la confirmaci\u00f3n del pedido<\/td><td><\/td><td><\/td><\/tr><tr><td>Est\u00e1ndar<\/td><td>ISO,JIS,ASTM,AS ES<\/td><td><\/td><td><\/td><\/tr><tr><td>T\u00e9cnica<\/td><td>Laminado en caliente \/ Laminado en fr\u00edo<\/td><td><\/td><td><\/td><\/tr><tr><td>Aplicaci\u00f3n del producto<\/td><td>1. Cerca, invernadero, tubo de la puerta, invernadero 2. 2. Para la construcci\u00f3n de edificios tanto en interiores como en exteriores. Ampliamente utilizado en la construcci\u00f3n de andamios que es mucho m\u00e1s barato y conveniente<\/td><td><\/td><td><\/td><\/tr><\/tbody><\/table><\/figure>","protected":false},"featured_media":347,"parent":0,"template":"","meta":{"_acf_changed":true,"_gspb_post_css":"","_kad_blocks_custom_css":"","_kad_blocks_head_custom_js":"","_kad_blocks_body_custom_js":"","_kad_blocks_footer_custom_js":"","_kad_post_transparent":"","_kad_post_title":"","_kad_post_layout":"","_kad_post_sidebar_id":"","_kad_post_content_style":"","_kad_post_vertical_padding":"","_kad_post_feature":"","_kad_post_feature_position":"","_kad_post_header":false,"_kad_post_footer":false,"_kad_post_classname":""},"product-category":[],"class_list":["post-340","product","type-product","status-publish","has-post-thumbnail","hentry"],"acf":[],"taxonomy_info":[],"featured_image_src_large":["https:\/\/khsteel.net\/wp-content\/uploads\/2024\/07\/10006.jpg",800,800,false],"author_info":[],"comment_info":"","_links":{"self":[{"href":"https:\/\/khsteel.net\/es\/wp-json\/wp\/v2\/product\/340","targetHints":{"allow":["GET"]}}],"collection":[{"href":"https:\/\/khsteel.net\/es\/wp-json\/wp\/v2\/product"}],"about":[{"href":"https:\/\/khsteel.net\/es\/wp-json\/wp\/v2\/types\/product"}],"wp:featuredmedia":[{"embeddable":true,"href":"https:\/\/khsteel.net\/es\/wp-json\/wp\/v2\/media\/347"}],"wp:attachment":[{"href":"https:\/\/khsteel.net\/es\/wp-json\/wp\/v2\/media?parent=340"}],"wp:term":[{"taxonomy":"product-category","embeddable":true,"href":"https:\/\/khsteel.net\/es\/wp-json\/wp\/v2\/product-category?post=340"}],"curies":[{"name":"wp","href":"https:\/\/api.w.org\/{rel}","templated":true}]}}