{"id":3336,"date":"2025-06-24T01:41:34","date_gmt":"2025-06-24T01:41:34","guid":{"rendered":"https:\/\/khsteel.net\/?post_type=product&#038;p=3336"},"modified":"2025-06-24T01:41:34","modified_gmt":"2025-06-24T01:41:34","slug":"tubo-de-acero-al-carbono-cuadrado-y-rectangular","status":"publish","type":"product","link":"https:\/\/khsteel.net\/es\/product\/square-and-rectangular-carbon-steel-pipe\/","title":{"rendered":"Tubos cuadrados de estructura de acero de alta calidad materiales de construcci\u00f3n met\u00e1licos secci\u00f3n transversal hueca cuadrada y rectangular Tubo de acero al carbono"},"content":{"rendered":"<p>Sitio web de la empresa<\/p>\n\n\n\n<p>P\u00e1gina web de la oficina:<a href=\"https:\/\/khsteel.net\/es\/\">https:\/\/khsteel.net\/<\/a><br>P\u00e1gina web de Alibaba:<a href=\"https:\/\/lckehuan.en.alibaba.com\/\" target=\"_blank\" rel=\"noopener\">https:\/\/lckehuan.en.alibaba.com\/<\/a><\/p>\n\n\n\n<h2 class=\"wp-block-heading\" id=\"product-parameters-rectangular-carbon-steel-pipe\">Par\u00e1metros del producto Tubo rectangular de acero al carbono<\/h2>\n\n\n\n<figure class=\"wp-block-table\"><table class=\"has-fixed-layout\"><tbody><tr><td>GRADO DEL MATERIAL<\/td><td>Q195 = S195 \/ A53 Grado A<br>Q235 = S235 \/ A53 Grado B \/ A500 Grado A \/ STK400 \/ SS400 \/ ST42.2<br>Q355 = S355JR \/ A500 Grado B Grado C<\/td><\/tr><tr><td>EST\u00c1NDAR<\/td><td>ASTM A500 Gr.A \/ B\/ C<\/td><\/tr><tr><td>SUPERFICIE DE LA TUBER\u00cdA<\/td><td><strong>Galvanizado, pintado de negro o aceitado antioxidante<\/strong><\/td><\/tr><tr><td>NOMBRE DEL PRODUCTO<\/td><td>tubo rectangular de acero al carbono<\/td><\/tr><tr><td>CERTIFICADOS<\/td><td>ISO 9001 \/ BSI\/ UL \/ FM<\/td><\/tr><tr><td>CONDICIONES COMERCIALES<\/td><td>FOB\/ CFR\/ CIF\/ EXW\/ FCA<\/td><\/tr><tr><td>CONDICIONES DE PAGO<\/td><td>30%&amp;70% T\/T ; 100% LC A LA VISTA (otros se pueden negociar)<\/td><\/tr><tr><td>PLAZO DE ENTREGA<\/td><td>30-45 D\u00cdAS DESPU\u00c9S DE RECIBIR EL DEP\u00d3SITO O LC<\/td><\/tr><tr><td>PRODUCTO<\/td><td>Tubo rectangular de acero al carbono<\/td><\/tr><tr><td>MERCADO DE VENTAS EN CALIENTE<\/td><td>Sudeste Asi\u00e1tico, Sur de Asia, Oriente Pr\u00f3ximo, Europa, Am\u00e9rica Central y del Sur, \u00c1frica y Ocean\u00eda.<\/td><\/tr><\/tbody><\/table><\/figure>\n\n\n\n<figure class=\"wp-block-table\"><table class=\"has-fixed-layout\"><tbody><tr><td colspan=\"3\"><strong>TALLA REGULAR<\/strong><\/td><\/tr><tr><td>TAMA\u00d1O (DI\u00c1METRO EXTERIOR)<\/td><td>GROSOR DE LA PARED<\/td><td>LONGITUD<\/td><\/tr><tr><td>20\u00d720 \/ 25\u00d725<\/td><td>1,2MM -2,75MM<\/td><td>6 M EN STOCK (O PERSONALIZADOS)<\/td><\/tr><tr><td>30\u00d730 \/ 20\u00d740 \/ 30\u00d740 \/ 25\u00d740<\/td><td>1,2MM - 3,5MM<\/td><td>6 M EN STOCK (O PERSONALIZADOS)<\/td><\/tr><tr><td>40\u00d740 \/ 50x5030x50 \/ 25\u00d750 \/ 30\u00d760 \/ 40\u00d760<\/td><td>1,2 MM - 4,75 MM<\/td><td>6 M EN STOCK (O PERSONALIZADOS)<\/td><\/tr><tr><td>60\u00d760 \/ 50\u00d770 \/ 40\u00d780 \/ 40\u00d750<\/td><td>1,2 MM - 5,75 MM<\/td><td>6 M EN STOCK (O PERSONALIZADOS)<\/td><\/tr><tr><td>70\u00d770 \/ 60\u00d780 \/ 50\u00d780 \/ 100\u00d740 \/ 50\u00d790<\/td><td>1,5 MM - 5,75 MM<\/td><td>6 M EN STOCK (O PERSONALIZADOS)<\/td><\/tr><tr><td>75\u00d775 \/ 80\u00d780 \/ 90\u00d790<br>60\u00d7100 \/ 50\u00d7100 \/ 120\u00d760 \/ 100\u00d780 \/ 60\u00d790<\/td><td>1,5 MM - 7,75 MM<\/td><td>6 M EN STOCK (O PERSONALIZADOS)<\/td><\/tr><tr><td>100\u00d7100 \/ 120\u00d780<\/td><td>1,8 MM - 7,75 MM<\/td><td>6 M EN STOCK (O PERSONALIZADOS)<\/td><\/tr><tr><td>120\u00d7120 \/ 130\u00d7130<br>180\u00d780 \/ 160\u00d780 \/ 100\u00d7150 \/ 140\u00d780 \/ 140\u00d760<\/td><td>2,5 MM - 10,0 MM<\/td><td>6 M EN STOCK (O PERSONALIZADOS)<\/td><\/tr><tr><td>140\u00d7140 \/ 150\u00d7150 \/ 100\u00d7180 \/ 200\u00d7100<\/td><td>2,5 MM - 10,0 MM<\/td><td>6 M EN STOCK (O PERSONALIZADOS)<\/td><\/tr><tr><td>160\u00d7160 \/ 180\u00d7180 \/ 200\u00d7150<\/td><td>3,5 MM - 11,0 MM<\/td><td>6 M EN STOCK (O PERSONALIZADOS)<\/td><\/tr><tr><td>200\u00d7200 \/ 250\u00d7150 \/ 100\u00d7250<\/td><td>3,5 MM - 11,0 MM<\/td><td>6 M EN STOCK (O PERSONALIZADOS)<\/td><\/tr><tr><td>250\u00d7250 \/ 250\u00d7200 \/ 300\u00d7150 \/ 300\u00d7200<\/td><td>4,5 MM - 15,0 MM<\/td><td>6 M EN STOCK (O PERSONALIZADOS)<\/td><\/tr><tr><td>300\u00d7300 \/ 350\u00d7200 \/ 350\u00d7250 \/300\u00d7150<\/td><td>4,5 MM - 15,0 MM<\/td><td>6 M EN STOCK (O PERSONALIZADOS)<\/td><\/tr><tr><td>350\u00d7350<br>350\u00d7300 \/ 450\u00d7250 \/ 400\u00d7300 \/ 500\u00d7200<\/td><td>4,5 MM - 15,75 MM<\/td><td>6 M EN STOCK (O PERSONALIZADOS)<\/td><\/tr><tr><td>400\u00d7400 \/ 280\u00d7280<br>450\u00d7300 \/ 450\u00d7200 \/ 400\u00d7350 \/ 400\u00d7250 \/ 500\u00d7250 \/ 500\u00d7300<\/td><td>4,5 MM - 15,75 MM<\/td><td>6 M EN STOCK (O PERSONALIZADOS)<\/td><\/tr><\/tbody><\/table><\/figure>\n\n\n\n<p>Mostrar producto Tubo rectangular de acero al carbono<\/p>\n\n\n\n<figure class=\"wp-block-image\"><img decoding=\"async\" src=\"https:\/\/sc04.alicdn.com\/kf\/H5193d92ea6c24c518e23a095685727a1e\/224787246\/H5193d92ea6c24c518e23a095685727a1e.jpg\" alt=\"\" title=\"\"><\/figure>\n\n\n\n<p>Descripci\u00f3n del producto tubo rectangular de acero al carbono<\/p>\n\n\n\n<figure class=\"wp-block-image\"><img decoding=\"async\" src=\"https:\/\/sc04.alicdn.com\/kf\/H97daf7f2f0314cfa9d2d99f1678aa706j\/224787246\/H97daf7f2f0314cfa9d2d99f1678aa706j.jpeg\" alt=\"\" title=\"\"><\/figure>\n\n\n\n<p><strong>MATERIALES DE ALTA OUALIDAD<\/strong><br>Utilizamos materias primas de alta calidad.<br><\/p>\n\n\n\n<p><strong>ESPECIFICACIONES COMPLETAS<\/strong><br>Especificaciones completas, existencias suficientes, adquisici\u00f3n \u00fanica, el producto lo tiene todo.<\/p>\n\n\n\n<p><strong>TECNOLOG\u00cdA AVANZADA<\/strong><br>Buena calidad+precio de f\u00e1brica+respuesta r\u00e1pida+servicio fiable,nos esforzamos por ofrecerle<br><\/p>\n\n\n\n<p><strong>AMPLIAS APLICACIONES<\/strong><br>Los tubos de acero pueden utilizarse en muchas aplicaciones, como calderas,<\/p>\n\n\n\n<p>flotante, decoraci\u00f3n, gas, petr\u00f3leo, etc.<\/p>\n\n\n\n<figure class=\"wp-block-image\"><img decoding=\"async\" src=\"https:\/\/sc04.alicdn.com\/kf\/Hf0743182d8fb4c7bbb18afd335015cbbz\/224787246\/Hf0743182d8fb4c7bbb18afd335015cbbz.jpg\" alt=\"\" title=\"\"><\/figure>\n\n\n\n<figure class=\"wp-block-table\"><table class=\"has-fixed-layout\"><tbody><tr><td colspan=\"2\"><strong>Especificaciones del tubo cuadrado (longitud*anchura*espesor)<\/strong><\/td><td colspan=\"2\"><strong>Especificaciones del tubo rectangular (longitud*anchura*espesor)<\/strong><\/td><\/tr><tr><td>16\u00d716\u00d70.4\uff5e1.5<\/td><td>380x380x8.0\uff5e14.0<\/td><td>10\u00d720\u00d70.6\uff5e1.5<\/td><td>250x150x6\uff5e12.0<\/td><\/tr><tr><td>18\u00d718\u00d70.4\uff5e1.5<\/td><td>400\u00d7400\u00d78.0\uff5e14.0<\/td><td>14\u00d721\u00d70.6\uff5e1.5<\/td><td>250\u00d7100\u00d76\uff5e12.0<\/td><\/tr><tr><td>20\u00d720\u00d70.4\uff5e1.5<\/td><td>420x420x10.0\uff5e14.0<\/td><td>15\u00d730\u00d71.5\uff5e1.5<\/td><td>250\u00d7200\u00d76\uff5e12.0<\/td><\/tr><tr><td>25\u00d725\u00d70.6\uff5e2.0<\/td><td>450\u00d7450\u00d710.0\uff5e14.0<\/td><td>15\u00d738\u00d70.6\uff5e1.5<\/td><td>300\u00d7150\u00d76\uff5e12.0<\/td><\/tr><tr><td>30\u00d730\u00d70.6\uff5e4.0<\/td><td>480\u00d7460\u00d710.0\uff5e14.0<\/td><td>20\u00d730\u00d70.6\uff5e2.0<\/td><td>300\u00d7200\u00d76\uff5e12.0<\/td><\/tr><tr><td>34x34x1.0\uff5e2.0<\/td><td>500x500x10.0\uff5e14.0<\/td><td>20\u00d740\u00d70.8\uff5e2.0<\/td><td>300\u00d7250\u00d76\uff5e12.0<\/td><\/tr><tr><td>35\u00d735\u00d71.0\uff5e4.0<\/td><td><strong>Las especificaciones personalizables son las siguientes<\/strong><\/td><td>20\u00d750\u00d71.0\uff5e2.0<\/td><td>400\u00d7250\u00d78\uff5e12.0<\/td><\/tr><tr><td>38x38x1.0\uff5e4.0<\/td><td>550\u00d7550\u00d710.0\uff5e40.0<\/td><td>22\u00d735\u00d70.9\uff5e2.0<\/td><td>400\u00d7300\u00d78\uff5e12.0<\/td><\/tr><tr><td>40\u00d740\u00d71.0\uff5e4.5<\/td><td>600\u00d7600\u00d710.0\uff5e40.0<\/td><td>25\u00d740\u00d70.9\uff5e3.75<\/td><td>450\u00d7200\u00d78\uff5e12.0<\/td><\/tr><tr><td>44\u00d744\u00d71.0\uff5e4.5<\/td><td>700\u00d7700\u00d710.0\uff5e40.0<\/td><td>25\u00d765\u00d71.0\uff5e2.0<\/td><td>450\u00d7250\u00d78\uff5e12.0<\/td><\/tr><tr><td>45x45x1.0\uff5e5.0<\/td><td>800\u00d7800\u00d710.0\uff5e50.0<\/td><td>30\u00d740\u00d71.0\uff5e3.75<\/td><td>400\u00d7300\u00d78\uff5e12.0<\/td><\/tr><tr><td>50\u00d750\u00d71.0\uff5e5.0<\/td><td>900\u00d7900\u00d710.0\uff5e50.0<\/td><td>30x45x1.0\uff5e3.75<\/td><td>400\u00d7350\u00d78\uff5e12.0<\/td><\/tr><tr><td>60\u00d760\u00d71.5\uff5e5.0<\/td><td><\/td><td>30x50x1.0\uff5e4.0<\/td><td>500\u00d7200\u00d710\uff5e12.0<\/td><\/tr><tr><td>70*70\u00d72.0\uff5e6.0<\/td><td><\/td><td>30\u00d760\u00d71.0\uff5e4.5<\/td><td>500\u00d7250\u00d710\uff5e12.0<\/td><\/tr><tr><td>75\u00d775\u00d72.0\uff5e6.0<\/td><td><\/td><td>40\u00d750\u00d71.0\uff5e4.5<\/td><td>500\u00d7300\u00d710\uff5e12.0<\/td><\/tr><tr><td>80x80x2.0\uff5e6.0<\/td><td><\/td><td>40\u00d760\u00d71.0\uff5e5.0<\/td><td>500\u00d7350\u00d710\uff5e12.0<\/td><\/tr><tr><td>85x85x2.0\uff5e6.0<\/td><td><\/td><td>40\u00d780\u00d71.5\uff5e5.0<\/td><td>500\u00d7400\u00d710\uff5e12.0<\/td><\/tr><tr><td>95\u00d795\u00d72.0\uff5e8.0<\/td><td><\/td><td>40\u00d7100\u00d72.0\uff5e5.0<\/td><td>500\u00d7450\u00d710\uff5e12.0<\/td><\/tr><tr><td>100x100x2.0\uff5e8.0<\/td><td><\/td><td>50\u00d760\u00d72.0\uff5e5.0<\/td><td><strong>Las especificaciones personalizables son las siguientes<\/strong><\/td><\/tr><tr><td>120\u00d7120\u00d74.0\uff5e8.0<\/td><td><\/td><td>50\u00d780\u00d72.0\uff5e5.0<\/td><td>600\u00d7200\u00d710\uff5e28.0<\/td><\/tr><tr><td>150x150x6.0\uff5e10.0<\/td><td><\/td><td>50x100x2.0\uff5e8.0<\/td><td>600\u00d7400\u00d710\uff5e28.0<\/td><\/tr><tr><td>180x180x6.0\uff5e12.0<\/td><td><\/td><td>60\u00d780\u00d72.0\uff5e6.0<\/td><td>600\u00d7500\u00d710\uff5e28.0<\/td><\/tr><tr><td>200\u00d7200\u00d76.0\uff5e12.0<\/td><td><\/td><td>80\u00d7100\u00d72.0\uff5e8.0<\/td><td>800x400x10\uff5e28.0<\/td><\/tr><tr><td>220\u00d7220\u00d76.0\uff5e14.0<\/td><td><\/td><td>120\u00d760\u00d72.5\uff5e10.0<\/td><td>800\u00d7600\u00d710\uff5e28.0<\/td><\/tr><tr><td>250\u00d7250\u00d76.0\uff5e14.0<\/td><td><\/td><td>120\u00d780\u00d72.5\uff5e10.0<\/td><td>800\u00d7700\u00d710\uff5e28.0<\/td><\/tr><tr><td>280\u00d7280\u00d76.0\uff5e14.0<\/td><td><\/td><td>150\u00d7100\u00d72.5\uff5e12.0<\/td><td>1000\u00d7400\u00d710\uff5e28.0<\/td><\/tr><tr><td>300\u00d7300\u00d78.0\uff5e14.0<\/td><td><\/td><td>180\u00d7150\u00d72.5\uff5e12.0<\/td><td>1000\u00d7500\u00d710\uff5e28.0<\/td><\/tr><tr><td>320\u00d7320\u00d78.0\uff5e14.0<\/td><td><\/td><td>200\u00d7100\u00d74\uff5e12.0<\/td><td>1000\u00d7600\u00d710\uff5e28.0<\/td><\/tr><tr><td>350x350x8.0\uff5e14.0<\/td><td><\/td><td>200\u00d7150\u00d74\uff5e12.0<\/td><td>1000\u00d7800\u00d710\uff5e28<\/td><\/tr><\/tbody><\/table><\/figure>\n\n\n\n<p>Proceso de producci\u00f3n<\/p>\n\n\n\n<figure class=\"wp-block-image\"><img decoding=\"async\" src=\"https:\/\/sc04.alicdn.com\/kf\/H3562f68edef34a5a884b3fc66364f61aa\/276158325\/H3562f68edef34a5a884b3fc66364f61aa.jpg\" alt=\"\" title=\"\"><\/figure>\n\n\n\n<p><\/p>","protected":false},"featured_media":3147,"parent":0,"template":"","meta":{"_acf_changed":false,"_gspb_post_css":"","_kad_blocks_custom_css":"","_kad_blocks_head_custom_js":"","_kad_blocks_body_custom_js":"","_kad_blocks_footer_custom_js":"","_kad_post_transparent":"","_kad_post_title":"","_kad_post_layout":"","_kad_post_sidebar_id":"","_kad_post_content_style":"","_kad_post_vertical_padding":"","_kad_post_feature":"","_kad_post_feature_position":"","_kad_post_header":false,"_kad_post_footer":false,"_kad_post_classname":""},"product-category":[68],"class_list":["post-3336","product","type-product","status-publish","has-post-thumbnail","hentry","product-category-irregular-and-rectangular-pipes"],"acf":[],"taxonomy_info":{"product-category":[{"value":68,"label":"Irregular and rectangular pipes"}]},"featured_image_src_large":["https:\/\/khsteel.net\/wp-content\/uploads\/2025\/06\/1709020342225.png",750,750,false],"author_info":[],"comment_info":"","_links":{"self":[{"href":"https:\/\/khsteel.net\/es\/wp-json\/wp\/v2\/product\/3336","targetHints":{"allow":["GET"]}}],"collection":[{"href":"https:\/\/khsteel.net\/es\/wp-json\/wp\/v2\/product"}],"about":[{"href":"https:\/\/khsteel.net\/es\/wp-json\/wp\/v2\/types\/product"}],"wp:featuredmedia":[{"embeddable":true,"href":"https:\/\/khsteel.net\/es\/wp-json\/wp\/v2\/media\/3147"}],"wp:attachment":[{"href":"https:\/\/khsteel.net\/es\/wp-json\/wp\/v2\/media?parent=3336"}],"wp:term":[{"taxonomy":"product-category","embeddable":true,"href":"https:\/\/khsteel.net\/es\/wp-json\/wp\/v2\/product-category?post=3336"}],"curies":[{"name":"wp","href":"https:\/\/api.w.org\/{rel}","templated":true}]}}