{"id":3200,"date":"2025-06-23T03:21:15","date_gmt":"2025-06-23T03:21:15","guid":{"rendered":"https:\/\/khsteel.net\/?post_type=product&#038;p=3200"},"modified":"2025-06-25T01:54:50","modified_gmt":"2025-06-25T01:54:50","slug":"tubo-de-acero-de-precision-sin-soldadura-mas-vendido","status":"publish","type":"product","link":"https:\/\/khsteel.net\/es\/product\/best-selling-seamless-precision-steel-pipe\/","title":{"rendered":"Tubos de acero de precisi\u00f3n sin soldadura m\u00e1s vendidos Precio bajo de tubos sin soldadura Precio al por mayor de tubos de acero de precisi\u00f3n sin soldadura Espesor de 1-50 mm"},"content":{"rendered":"\n<h2>Key attributes about Seamless precision steel pipe <\/h2>\n\n\n\n<p>Industry-specific attributes<\/p>\n\n\n\n<figure class=\"wp-block-table\"><table class=\"has-fixed-layout\"><tbody><tr><td>Section Shape<\/td><td>ROUND<\/td><\/tr><tr><td>Surface Treatment<\/td><td>Hot Rolled<\/td><\/tr><tr><td>Tolerance<\/td><td>\u00b11%<\/td><\/tr><tr><td>Oiled or Non-oiled<\/td><td>by actual weight<\/td><\/tr><\/tbody><\/table><\/figure>\n\n\n\n<p>Other attributes<\/p>\n\n\n\n<figure class=\"wp-block-table\"><table class=\"has-fixed-layout\"><tbody><tr><td>Place of Origin<\/td><td>Shandong, China<\/td><\/tr><tr><td>Alloy Or Not<\/td><td>Non-Alloy<\/td><\/tr><tr><td>Standard<\/td><td>ASTM, JIS, AISI, ASTM, GB, DIN, EN, etc<\/td><\/tr><tr><td>Grade<\/td><td>L245,L360,A53,J55,N80 ,X42,X46,X52,X56,X60,X65,X70<\/td><\/tr><tr><td>Delivery Time<\/td><td>15-20 days<\/td><\/tr><tr><td>Brand Name<\/td><td>Kehuan<\/td><\/tr><tr><td>Application<\/td><td>Fluid Pipe, Boiler Pipe, Drill Pipe, Gas Pipe, OIL PIPE, Hydraulic Pipe, Structure Pipe<\/td><\/tr><tr><td>Special Pipe<\/td><td>Thick Wall Pipe<\/td><\/tr><tr><td>Thickness<\/td><td>1-50mm<\/td><\/tr><tr><td>Length<\/td><td><br>3-12m<\/td><\/tr><tr><td>Certificate<\/td><td>JIS, GS, ISO9001, ce, API<\/td><\/tr><tr><td>Processing Service<\/td><td>Welding, Punching, Cutting, Bending, Decoiling<\/td><\/tr><tr><td>Product name<\/td><td>Seamless precision steel pipe <\/td><\/tr><tr><td>Type<\/td><td>Seamless Round Steel Pipe<\/td><\/tr><tr><td>MOQ<\/td><td>1 Ton<\/td><\/tr><tr><td>Keyword<\/td><td>Steel Pipe Round<\/td><\/tr><tr><td>Surface<\/td><td>Black Bright Galvanized Painted &amp; Consumer&#8217;s Requirement<\/td><\/tr><tr><td>Advantage<\/td><td>Quality+Competitive Price+Professional Service<\/td><\/tr><tr><td>Technique<\/td><td>Hot Rolled Cold Drawn<\/td><\/tr><tr><td>Grade<\/td><td>10#.20#.45#15Mn.20Mn.45Mn.30Mn2<\/td><\/tr><tr><td>Packing<\/td><td>Standard Packing<\/td><\/tr><\/tbody><\/table><\/figure>\n\n\n<style>.kb-row-layout-id3200_77e058-db > .kt-row-column-wrap{align-content:start;}:where(.kb-row-layout-id3200_77e058-db > .kt-row-column-wrap) > .wp-block-kadence-column{justify-content:start;}.kb-row-layout-id3200_77e058-db > .kt-row-column-wrap{column-gap:var(--global-kb-gap-sm, 1rem);row-gap:var(--global-kb-gap-md, 2rem);max-width:var( --global-content-width, 1500px );padding-left:var(--global-content-edge-padding);padding-right:var(--global-content-edge-padding);padding-top:var(--global-kb-spacing-sm, 1.5rem);padding-bottom:var(--global-kb-spacing-xl, 4rem);}.kb-row-layout-id3200_77e058-db > .kt-row-column-wrap > div:not(.added-for-specificity){grid-column:initial;}.kb-row-layout-id3200_77e058-db > .kt-row-column-wrap{grid-template-columns:minmax(0, 1fr) minmax(0, 1fr) minmax(0, 2fr);}.kb-row-layout-id3200_77e058-db > .kt-row-layout-overlay{opacity:0.30;}@media all and (max-width: 1024px){.kb-row-layout-id3200_77e058-db > .kt-row-column-wrap{padding-top:var(--global-kb-spacing-xl, 4rem);grid-template-columns:minmax(0, 1fr) minmax(0, 1fr) minmax(0, 2fr);}}@media all and (max-width: 1024px){.kb-row-layout-id3200_77e058-db > .kt-row-column-wrap > div:not(.added-for-specificity){grid-column:initial;}}@media all and (max-width: 767px){.kb-row-layout-id3200_77e058-db > .kt-row-column-wrap > div:not(.added-for-specificity){grid-column:initial;}.kb-row-layout-id3200_77e058-db > .kt-row-column-wrap{grid-template-columns:minmax(0, 1fr);}.kb-row-layout-id3200_77e058-db > .kt-row-column-wrap > .wp-block-kadence-column:nth-child(1 of *:not(style)){order:3;}.kb-row-layout-id3200_77e058-db > .kt-row-column-wrap > .wp-block-kadence-column:nth-child(2 of *:not(style)){order:2;}.kb-row-layout-id3200_77e058-db > .kt-row-column-wrap > .wp-block-kadence-column:nth-child(3 of *:not(style)){order:1;}.kb-row-layout-id3200_77e058-db > .kt-row-column-wrap > .wp-block-kadence-column:nth-child(4 of *:not(style)){order:13;}.kb-row-layout-id3200_77e058-db > .kt-row-column-wrap > .wp-block-kadence-column:nth-child(5 of *:not(style)){order:12;}.kb-row-layout-id3200_77e058-db > .kt-row-column-wrap > .wp-block-kadence-column:nth-child(6 of *:not(style)){order:11;}.kb-row-layout-id3200_77e058-db > .kt-row-column-wrap > .wp-block-kadence-column:nth-child(7 of *:not(style)){order:23;}.kb-row-layout-id3200_77e058-db > .kt-row-column-wrap > .wp-block-kadence-column:nth-child(8 of *:not(style)){order:22;}.kb-row-layout-id3200_77e058-db > .kt-row-column-wrap > .wp-block-kadence-column:nth-child(9 of *:not(style)){order:21;}.kb-row-layout-id3200_77e058-db > .kt-row-column-wrap > .wp-block-kadence-column:nth-child(10 of *:not(style)){order:33;}.kb-row-layout-id3200_77e058-db > .kt-row-column-wrap > .wp-block-kadence-column:nth-child(11 of *:not(style)){order:32;}.kb-row-layout-id3200_77e058-db > .kt-row-column-wrap > .wp-block-kadence-column:nth-child(12 of *:not(style)){order:31;}}<\/style><div class=\"kb-row-layout-wrap kb-row-layout-id3200_77e058-db alignfull has-theme-palette8-background-color kt-row-has-bg wp-block-kadence-rowlayout\"><div class=\"kt-row-column-wrap kt-has-3-columns kt-row-layout-right-half kt-tab-layout-inherit kt-mobile-layout-row kt-row-valign-top kb-theme-content-width\">\n<style>.kadence-column3200_25f75a-02 > .kt-inside-inner-col{display:flex;}.kadence-column3200_25f75a-02 > .kt-inside-inner-col,.kadence-column3200_25f75a-02 > .kt-inside-inner-col:before{border-top-left-radius:0px;border-top-right-radius:0px;border-bottom-right-radius:0px;border-bottom-left-radius:0px;}.kadence-column3200_25f75a-02 > .kt-inside-inner-col{column-gap:var(--global-kb-gap-sm, 1rem);}.kadence-column3200_25f75a-02 > .kt-inside-inner-col{flex-direction:column;justify-content:flex-end;}.kadence-column3200_25f75a-02 > .kt-inside-inner-col > .aligncenter{width:100%;}.kt-row-column-wrap > .kadence-column3200_25f75a-02{align-self:flex-end;}.kt-inner-column-height-full:not(.kt-has-1-columns) > .wp-block-kadence-column.kadence-column3200_25f75a-02{align-self:auto;}.kt-inner-column-height-full:not(.kt-has-1-columns) > .wp-block-kadence-column.kadence-column3200_25f75a-02 > .kt-inside-inner-col{flex-direction:column;justify-content:flex-end;}.kadence-column3200_25f75a-02 > .kt-inside-inner-col:before{opacity:0.3;}.kadence-column3200_25f75a-02{position:relative;}@media all and (max-width: 1024px){.kt-row-column-wrap > .kadence-column3200_25f75a-02{align-self:flex-end;}}@media all and (max-width: 1024px){.kt-inner-column-height-full:not(.kt-has-1-columns) > .wp-block-kadence-column.kadence-column3200_25f75a-02{align-self:auto;}}@media all and (max-width: 1024px){.kt-inner-column-height-full:not(.kt-has-1-columns) > .wp-block-kadence-column.kadence-column3200_25f75a-02 > .kt-inside-inner-col{flex-direction:column;justify-content:flex-end;}}@media all and (max-width: 1024px){.kadence-column3200_25f75a-02 > .kt-inside-inner-col{flex-direction:column;justify-content:flex-end;}}@media all and (max-width: 767px){.kt-row-column-wrap > .kadence-column3200_25f75a-02{align-self:flex-end;}.kt-inner-column-height-full:not(.kt-has-1-columns) > .wp-block-kadence-column.kadence-column3200_25f75a-02{align-self:auto;}.kt-inner-column-height-full:not(.kt-has-1-columns) > .wp-block-kadence-column.kadence-column3200_25f75a-02 > .kt-inside-inner-col{flex-direction:column;justify-content:flex-end;}.kadence-column3200_25f75a-02 > .kt-inside-inner-col{flex-direction:column;justify-content:flex-end;}}<\/style>\n<div class=\"wp-block-kadence-column kadence-column3200_25f75a-02\"><div class=\"kt-inside-inner-col\">\n<figure class=\"wp-block-image size-full\"><img loading=\"lazy\" decoding=\"async\" width=\"750\" height=\"632\" src=\"https:\/\/khsteel.net\/wp-content\/uploads\/2025\/06\/\u5ba2\u6237\u63a5\u5f85.png\" alt=\"\" class=\"wp-image-2525\" title=\"\" srcset=\"https:\/\/khsteel.net\/wp-content\/uploads\/2025\/06\/\u5ba2\u6237\u63a5\u5f85.png 750w, https:\/\/khsteel.net\/wp-content\/uploads\/2025\/06\/\u5ba2\u6237\u63a5\u5f85-300x253.png 300w, https:\/\/khsteel.net\/wp-content\/uploads\/2025\/06\/\u5ba2\u6237\u63a5\u5f85-14x12.png 14w\" sizes=\"auto, (max-width: 750px) 100vw, 750px\" \/><\/figure>\n<\/div><\/div>\n\n\n<style>.kadence-column3200_799dd0-56 > .kt-inside-inner-col{display:flex;}.kadence-column3200_799dd0-56 > .kt-inside-inner-col,.kadence-column3200_799dd0-56 > .kt-inside-inner-col:before{border-top-left-radius:0px;border-top-right-radius:0px;border-bottom-right-radius:0px;border-bottom-left-radius:0px;}.kadence-column3200_799dd0-56 > .kt-inside-inner-col{column-gap:var(--global-kb-gap-sm, 1rem);}.kadence-column3200_799dd0-56 > .kt-inside-inner-col{flex-direction:column;justify-content:flex-end;}.kadence-column3200_799dd0-56 > .kt-inside-inner-col > .aligncenter{width:100%;}.kt-row-column-wrap > .kadence-column3200_799dd0-56{align-self:flex-end;}.kt-inner-column-height-full:not(.kt-has-1-columns) > .wp-block-kadence-column.kadence-column3200_799dd0-56{align-self:auto;}.kt-inner-column-height-full:not(.kt-has-1-columns) > .wp-block-kadence-column.kadence-column3200_799dd0-56 > .kt-inside-inner-col{flex-direction:column;justify-content:flex-end;}.kadence-column3200_799dd0-56 > .kt-inside-inner-col:before{opacity:0.3;}.kadence-column3200_799dd0-56{position:relative;}@media all and (max-width: 1024px){.kt-row-column-wrap > .kadence-column3200_799dd0-56{align-self:flex-end;}}@media all and (max-width: 1024px){.kt-inner-column-height-full:not(.kt-has-1-columns) > .wp-block-kadence-column.kadence-column3200_799dd0-56{align-self:auto;}}@media all and (max-width: 1024px){.kt-inner-column-height-full:not(.kt-has-1-columns) > .wp-block-kadence-column.kadence-column3200_799dd0-56 > .kt-inside-inner-col{flex-direction:column;justify-content:flex-end;}}@media all and (max-width: 1024px){.kadence-column3200_799dd0-56 > .kt-inside-inner-col{flex-direction:column;justify-content:flex-end;}}@media all and (max-width: 767px){.kt-row-column-wrap > .kadence-column3200_799dd0-56{align-self:flex-end;}.kt-inner-column-height-full:not(.kt-has-1-columns) > .wp-block-kadence-column.kadence-column3200_799dd0-56{align-self:auto;}.kt-inner-column-height-full:not(.kt-has-1-columns) > .wp-block-kadence-column.kadence-column3200_799dd0-56 > .kt-inside-inner-col{flex-direction:column;justify-content:flex-end;}.kadence-column3200_799dd0-56 > .kt-inside-inner-col{flex-direction:column;justify-content:flex-end;}}<\/style>\n<div class=\"wp-block-kadence-column kadence-column3200_799dd0-56\"><div class=\"kt-inside-inner-col\"><style>.kadence-column3200_529d55-5e > .kt-inside-inner-col{display:flex;}.kadence-column3200_529d55-5e > .kt-inside-inner-col{padding-top:var(--global-kb-spacing-sm, 1.5rem);padding-bottom:var(--global-kb-spacing-sm, 1.5rem);}.kadence-column3200_529d55-5e > .kt-inside-inner-col{box-shadow:0px 0px 60px 5px rgba(0, 0, 0, 0.09);}.kadence-column3200_529d55-5e > .kt-inside-inner-col,.kadence-column3200_529d55-5e > .kt-inside-inner-col:before{border-top-left-radius:500px;border-top-right-radius:500px;border-bottom-right-radius:500px;border-bottom-left-radius:500px;}.kadence-column3200_529d55-5e > .kt-inside-inner-col{column-gap:var(--global-kb-gap-sm, 1rem);}.kadence-column3200_529d55-5e > .kt-inside-inner-col{flex-direction:column;align-items:center;}.kadence-column3200_529d55-5e > .kt-inside-inner-col > .kb-image-is-ratio-size{align-self:stretch;}.kadence-column3200_529d55-5e > .kt-inside-inner-col > .wp-block-kadence-advancedgallery{align-self:stretch;}.kadence-column3200_529d55-5e > .kt-inside-inner-col > .aligncenter{width:100%;}.kadence-column3200_529d55-5e > .kt-inside-inner-col{background-color:var(--global-palette9, #ffffff);}.kadence-column3200_529d55-5e > .kt-inside-inner-col:before{opacity:0.3;}.kadence-column3200_529d55-5e{z-index:100;position:relative;}.kadence-column3200_529d55-5e, .kt-inside-inner-col > .kadence-column3200_529d55-5e:not(.specificity){margin-top:300px;margin-right:-60px;margin-bottom:-370px;margin-left:160px;}@media all and (max-width: 1024px){.kadence-column3200_529d55-5e > .kt-inside-inner-col{flex-direction:column;justify-content:center;align-items:center;}}@media all and (max-width: 1024px){.kadence-column3200_529d55-5e, .kt-inside-inner-col > .kadence-column3200_529d55-5e:not(.specificity){margin-top:200px;margin-bottom:-290px;margin-left:110px;}}@media all and (max-width: 767px){.kadence-column3200_529d55-5e > .kt-inside-inner-col{flex-direction:column;justify-content:center;align-items:center;}.kadence-column3200_529d55-5e, .kt-inside-inner-col > .kadence-column3200_529d55-5e:not(.specificity){margin-top:210px;margin-right:10px;margin-bottom:-300px;margin-left:190px;}}<\/style>\n<div class=\"wp-block-kadence-column kadence-column3200_529d55-5e\"><div class=\"kt-inside-inner-col\"><style>.kb-count-up-3200_67ec92-73 .kb-count-up-title{color:var(--global-palette1, #3182CE);font-size:var(--global-kb-font-size-sm, 0.9rem);}.kb-count-up-3200_67ec92-73 .kb-count-up-title{text-align:center;}.kb-count-up-3200_67ec92-73 .kb-count-up-number{color:var(--global-palette3, #1A202C);font-size:var(--global-kb-font-size-lg, 2rem);}.kb-count-up-3200_67ec92-73 .kb-count-up-number{text-align:center;}<\/style>\n<div class=\"wp-block-kadence-countup kb-count-up-3200_67ec92-73 kb-count-up\" data-start=\"0\" data-end=\"20\" data-prefix=\"\" data-suffix=\"+\" data-duration=\"2.5\" data-separator=\"\"><div class=\"kb-count-up-process kb-count-up-number\"><\/div><div class=\"kb-count-up-title\">Stat Title<\/div><\/div>\n<\/div><\/div>\n\n\n<style>.kb-image3200_0beaab-f3 .kb-image-has-overlay:after{opacity:0.3;border-top-left-radius:10px;border-top-right-radius:10px;border-bottom-right-radius:10px;border-bottom-left-radius:10px;}.kb-image3200_0beaab-f3 img.kb-img, .kb-image3200_0beaab-f3 .kb-img img{border-top-left-radius:10px;border-top-right-radius:10px;border-bottom-right-radius:10px;border-bottom-left-radius:10px;object-position:54% 41%;}<\/style>\n<figure class=\"wp-block-kadence-image kb-image3200_0beaab-f3 size-large kb-image-is-ratio-size\"><div class=\"kb-is-ratio-image kb-image-ratio-port23\"><img loading=\"lazy\" decoding=\"async\" width=\"1024\" height=\"768\" src=\"https:\/\/khsteel.net\/wp-content\/uploads\/2025\/06\/\u5382\u95e8\u53e3-1024x768.jpg\" alt=\"\" class=\"kb-img wp-image-2482\" title=\"\" srcset=\"https:\/\/khsteel.net\/wp-content\/uploads\/2025\/06\/\u5382\u95e8\u53e3-1024x768.jpg 1024w, https:\/\/khsteel.net\/wp-content\/uploads\/2025\/06\/\u5382\u95e8\u53e3-300x225.jpg 300w, https:\/\/khsteel.net\/wp-content\/uploads\/2025\/06\/\u5382\u95e8\u53e3-768x576.jpg 768w, https:\/\/khsteel.net\/wp-content\/uploads\/2025\/06\/\u5382\u95e8\u53e3-1536x1152.jpg 1536w, https:\/\/khsteel.net\/wp-content\/uploads\/2025\/06\/\u5382\u95e8\u53e3-2048x1536.jpg 2048w, https:\/\/khsteel.net\/wp-content\/uploads\/2025\/06\/\u5382\u95e8\u53e3-16x12.jpg 16w\" sizes=\"auto, (max-width: 1024px) 100vw, 1024px\" \/><\/div><\/figure>\n<\/div><\/div>\n\n\n<style>.kadence-column3200_1987ce-0a > .kt-inside-inner-col{display:flex;}.kadence-column3200_1987ce-0a > .kt-inside-inner-col{padding-left:var(--global-kb-spacing-lg, 3rem);}.kadence-column3200_1987ce-0a > .kt-inside-inner-col,.kadence-column3200_1987ce-0a > .kt-inside-inner-col:before{border-top-left-radius:0px;border-top-right-radius:0px;border-bottom-right-radius:0px;border-bottom-left-radius:0px;}.kadence-column3200_1987ce-0a > .kt-inside-inner-col{column-gap:var(--global-kb-gap-sm, 1rem);}.kadence-column3200_1987ce-0a > .kt-inside-inner-col{flex-direction:column;justify-content:center;}.kadence-column3200_1987ce-0a > .kt-inside-inner-col > .aligncenter{width:100%;}.kt-row-column-wrap > .kadence-column3200_1987ce-0a{align-self:center;}.kt-inner-column-height-full:not(.kt-has-1-columns) > .wp-block-kadence-column.kadence-column3200_1987ce-0a{align-self:auto;}.kt-inner-column-height-full:not(.kt-has-1-columns) > .wp-block-kadence-column.kadence-column3200_1987ce-0a > .kt-inside-inner-col{flex-direction:column;justify-content:center;}.kadence-column3200_1987ce-0a > .kt-inside-inner-col:before{opacity:0.3;}.kadence-column3200_1987ce-0a{position:relative;}@media all and (max-width: 1024px){.kt-row-column-wrap > .kadence-column3200_1987ce-0a{align-self:center;}}@media all and (max-width: 1024px){.kt-inner-column-height-full:not(.kt-has-1-columns) > .wp-block-kadence-column.kadence-column3200_1987ce-0a{align-self:auto;}}@media all and (max-width: 1024px){.kt-inner-column-height-full:not(.kt-has-1-columns) > .wp-block-kadence-column.kadence-column3200_1987ce-0a > .kt-inside-inner-col{flex-direction:column;justify-content:center;}}@media all and (max-width: 1024px){.kadence-column3200_1987ce-0a > .kt-inside-inner-col{flex-direction:column;justify-content:center;}}@media all and (max-width: 767px){.kt-row-column-wrap > .kadence-column3200_1987ce-0a{align-self:center;}.kt-inner-column-height-full:not(.kt-has-1-columns) > .wp-block-kadence-column.kadence-column3200_1987ce-0a{align-self:auto;}.kt-inner-column-height-full:not(.kt-has-1-columns) > .wp-block-kadence-column.kadence-column3200_1987ce-0a > .kt-inside-inner-col{flex-direction:column;justify-content:center;}.kadence-column3200_1987ce-0a > .kt-inside-inner-col{flex-direction:column;justify-content:center;}}<\/style>\n<div class=\"wp-block-kadence-column kadence-column3200_1987ce-0a\"><div class=\"kt-inside-inner-col\"><style>.wp-block-kadence-advancedheading.kt-adv-heading3200_d006c1-73, .wp-block-kadence-advancedheading.kt-adv-heading3200_d006c1-73[data-kb-block=\"kb-adv-heading3200_d006c1-73\"]{padding-bottom:0px;margin-bottom:0px;text-align:left;font-size:20px;font-weight:500;font-style:normal;}.wp-block-kadence-advancedheading.kt-adv-heading3200_d006c1-73 mark.kt-highlight, .wp-block-kadence-advancedheading.kt-adv-heading3200_d006c1-73[data-kb-block=\"kb-adv-heading3200_d006c1-73\"] mark.kt-highlight{font-style:normal;color:#f76a0c;-webkit-box-decoration-break:clone;box-decoration-break:clone;padding-top:0px;padding-right:0px;padding-bottom:0px;padding-left:0px;}.wp-block-kadence-advancedheading.kt-adv-heading3200_d006c1-73 img.kb-inline-image, .wp-block-kadence-advancedheading.kt-adv-heading3200_d006c1-73[data-kb-block=\"kb-adv-heading3200_d006c1-73\"] img.kb-inline-image{width:150px;vertical-align:baseline;}@media all and (max-width: 1024px){.wp-block-kadence-advancedheading.kt-adv-heading3200_d006c1-73, .wp-block-kadence-advancedheading.kt-adv-heading3200_d006c1-73[data-kb-block=\"kb-adv-heading3200_d006c1-73\"]{text-align:left!important;}}<\/style>\n<div class=\"kt-adv-heading3200_d006c1-73 wp-block-kadence-advancedheading has-theme-palette-3-color has-text-color\" data-kb-block=\"kb-adv-heading3200_d006c1-73\"><a href=\"https:\/\/lckehuan.en.alibaba.com\/\" data-type=\"link\" data-id=\"https:\/\/lckehuan.en.alibaba.com\/\" target=\"_blank\" rel=\"noopener\">https:\/\/lckehuan.en.alibaba.com\/<\/a><\/div>\n\n\n<style>.wp-block-kadence-advancedheading.kt-adv-heading3200_f3be36-2d, .wp-block-kadence-advancedheading.kt-adv-heading3200_f3be36-2d[data-kb-block=\"kb-adv-heading3200_f3be36-2d\"]{padding-top:0px;margin-top:var(--global-kb-spacing-xs, 1rem);font-size:var(--global-kb-font-size-lg, 2rem);line-height:1.2em;font-style:normal;}.wp-block-kadence-advancedheading.kt-adv-heading3200_f3be36-2d mark.kt-highlight, .wp-block-kadence-advancedheading.kt-adv-heading3200_f3be36-2d[data-kb-block=\"kb-adv-heading3200_f3be36-2d\"] mark.kt-highlight{font-style:normal;color:#f76a0c;-webkit-box-decoration-break:clone;box-decoration-break:clone;padding-top:0px;padding-right:0px;padding-bottom:0px;padding-left:0px;}.wp-block-kadence-advancedheading.kt-adv-heading3200_f3be36-2d img.kb-inline-image, .wp-block-kadence-advancedheading.kt-adv-heading3200_f3be36-2d[data-kb-block=\"kb-adv-heading3200_f3be36-2d\"] img.kb-inline-image{width:150px;vertical-align:baseline;}@media all and (max-width: 1024px){.wp-block-kadence-advancedheading.kt-adv-heading3200_f3be36-2d, .wp-block-kadence-advancedheading.kt-adv-heading3200_f3be36-2d[data-kb-block=\"kb-adv-heading3200_f3be36-2d\"]{font-size:var(--global-kb-font-size-lg, 2rem);text-align:left!important;}}<\/style>\n<h2 class=\"kt-adv-heading3200_f3be36-2d wp-block-kadence-advancedheading has-theme-palette-3-color has-text-color\" data-kb-block=\"kb-adv-heading3200_f3be36-2d\">Shandong Kehuan Steel Company<\/h2>\n\n\n<style>.wp-block-kadence-advancedheading.kt-adv-heading3200_a960f9-60, .wp-block-kadence-advancedheading.kt-adv-heading3200_a960f9-60[data-kb-block=\"kb-adv-heading3200_a960f9-60\"]{font-style:normal;}.wp-block-kadence-advancedheading.kt-adv-heading3200_a960f9-60 mark.kt-highlight, .wp-block-kadence-advancedheading.kt-adv-heading3200_a960f9-60[data-kb-block=\"kb-adv-heading3200_a960f9-60\"] mark.kt-highlight{font-style:normal;color:#f76a0c;-webkit-box-decoration-break:clone;box-decoration-break:clone;padding-top:0px;padding-right:0px;padding-bottom:0px;padding-left:0px;}.wp-block-kadence-advancedheading.kt-adv-heading3200_a960f9-60 img.kb-inline-image, .wp-block-kadence-advancedheading.kt-adv-heading3200_a960f9-60[data-kb-block=\"kb-adv-heading3200_a960f9-60\"] img.kb-inline-image{width:150px;vertical-align:baseline;}@media all and (max-width: 1024px){.wp-block-kadence-advancedheading.kt-adv-heading3200_a960f9-60, .wp-block-kadence-advancedheading.kt-adv-heading3200_a960f9-60[data-kb-block=\"kb-adv-heading3200_a960f9-60\"]{text-align:left!important;}}<\/style>\n<p class=\"kt-adv-heading3200_a960f9-60 wp-block-kadence-advancedheading has-theme-palette-5-color has-text-color\" data-kb-block=\"kb-adv-heading3200_a960f9-60\">Use this space to add a medium length description. Be brief and give enough information to earn their attention.<\/p>\n\n\n<style>.wp-block-kadence-advancedbtn.kb-btns3200_49ca37-b8{gap:var(--global-kb-gap-xs, 0.5rem );justify-content:flex-start;align-items:center;}.kt-btns3200_49ca37-b8 .kt-button{font-weight:normal;font-style:normal;}<\/style>\n<div class=\"wp-block-kadence-advancedbtn kb-buttons-wrap kb-btns3200_49ca37-b8\"><style>ul.menu .wp-block-kadence-advancedbtn .kb-btn3200_6bf57a-67.kb-button{width:initial;}.wp-block-kadence-advancedbtn .kb-btn3200_6bf57a-67.kb-button{padding-top:5px;padding-right:14px;padding-bottom:5px;padding-left:14px;}<\/style><a class=\"kb-button kt-button button kb-btn3200_6bf57a-67 kt-btn-size-standard kt-btn-width-type-auto kb-btn-global-inherit  kt-btn-has-text-true kt-btn-has-svg-false  wp-block-button__link wp-block-kadence-singlebtn\" href=\"https:\/\/khsteel.net\/product\/seamless-octg-9-5-8-inch-13-3-8-inch-hot-sale-api-5ct-casing-pipe\/\"><span class=\"kt-btn-inner-text\">Call To Action<\/span><\/a><\/div>\n<\/div><\/div>\n\n<\/div><\/div>\n\n\n<p><\/p>\n","protected":false},"featured_media":3506,"parent":0,"template":"","meta":{"_acf_changed":true,"_gspb_post_css":"","_kad_blocks_custom_css":"","_kad_blocks_head_custom_js":"","_kad_blocks_body_custom_js":"","_kad_blocks_footer_custom_js":"","_kad_post_transparent":"","_kad_post_title":"","_kad_post_layout":"","_kad_post_sidebar_id":"","_kad_post_content_style":"","_kad_post_vertical_padding":"","_kad_post_feature":"","_kad_post_feature_position":"","_kad_post_header":false,"_kad_post_footer":false,"_kad_post_classname":""},"product-category":[70],"class_list":["post-3200","product","type-product","status-publish","has-post-thumbnail","hentry","product-category-precision-tube"],"acf":[],"taxonomy_info":{"product-category":[{"value":70,"label":"Precision tube"}]},"featured_image_src_large":["https:\/\/khsteel.net\/wp-content\/uploads\/2025\/06\/4.png",466,398,false],"author_info":[],"comment_info":"","_links":{"self":[{"href":"https:\/\/khsteel.net\/es\/wp-json\/wp\/v2\/product\/3200","targetHints":{"allow":["GET"]}}],"collection":[{"href":"https:\/\/khsteel.net\/es\/wp-json\/wp\/v2\/product"}],"about":[{"href":"https:\/\/khsteel.net\/es\/wp-json\/wp\/v2\/types\/product"}],"wp:featuredmedia":[{"embeddable":true,"href":"https:\/\/khsteel.net\/es\/wp-json\/wp\/v2\/media\/3506"}],"wp:attachment":[{"href":"https:\/\/khsteel.net\/es\/wp-json\/wp\/v2\/media?parent=3200"}],"wp:term":[{"taxonomy":"product-category","embeddable":true,"href":"https:\/\/khsteel.net\/es\/wp-json\/wp\/v2\/product-category?post=3200"}],"curies":[{"name":"wp","href":"https:\/\/api.w.org\/{rel}","templated":true}]}}