{"id":2926,"date":"2025-06-16T08:03:21","date_gmt":"2025-06-16T08:03:21","guid":{"rendered":"https:\/\/khsteel.net\/?post_type=product&#038;p=2926"},"modified":"2025-06-23T01:37:35","modified_gmt":"2025-06-23T01:37:35","slug":"tubo-corrugado-rombico-de-acero-inoxidable","status":"publish","type":"product","link":"https:\/\/khsteel.net\/es\/product\/stainless-steel-rhombic-corrugated-pipe\/","title":{"rendered":"Barandilla antideslizante para autob\u00fas de tubo soldado con patr\u00f3n de diamante. Tubo de acero inoxidable."},"content":{"rendered":"<h2><\/h2>\n\n\n\n<h2 class=\"wp-block-heading\" id=\"key-attributes-about-stainless-steel-pipe\"> Atributos clave de los tubos de acero inoxidable<\/h2>\n\n\n\n<p>Nuestros tubos de acero inoxidable se han exportado a m\u00e1s de 100 pa\u00edses y \u00e1reas, incluyendo Am\u00e9rica del Norte (Estados Unidos, Canad\u00e1, M\u00e9xico), Am\u00e9rica del Sur (Colombia, Venezuela, Brasil, Chile, Argentina, Per\u00fa), \u00c1frica (Sud\u00e1frica, Egipto, Argelia), Asia(Corea del Sur, Rusia, Myanmar, Brunei, Camboya, Indonesia, Malasia, Filipinas, Singapur, Tailandia, Vietnam, Bangladesh, India, Pakist\u00e1n, Sri Lanka, Israel, Kazajst\u00e1n, Tayikist\u00e1n), Oriente Pr\u00f3ximo(Ir\u00e1n, Jordania, Kuwait, L\u00edbano, Om\u00e1n, Arabia Saud\u00ed, U.E.A., Yemen), Europa (Pa\u00edses Bajos, Inglaterra, B\u00e9lgica, Francia, Austria, Alemania, Italia, Suiza), Ocean\u00eda (Australia, Nueva Zelanda), etc.<\/p>\n\n\n\n<figure class=\"wp-block-table\"><table class=\"has-fixed-layout\"><tbody><tr><td>art\u00edculo<\/td><td>valor<\/td><\/tr><tr><td>Tolerancia<\/td><td>\u00b11%<\/td><\/tr><tr><td>Grado<\/td><td>Serie 300<\/td><\/tr><tr><td>Grado de acero<\/td><td>304, 316, 316L<\/td><\/tr><tr><td>Acabado superficial<\/td><td>2B<\/td><\/tr><tr><td>Facturaci\u00f3n<\/td><td>por peso te\u00f3rico<\/td><\/tr><tr><td>Est\u00e1ndar<\/td><td>AiSi<\/td><\/tr><tr><td>Lugar de origen<\/td><td>China<\/td><\/tr><tr><td><\/td><td>Jiangsu<\/td><\/tr><tr><td>Secci\u00f3n Forma<\/td><td>RONDA<\/td><\/tr><tr><td><\/td><td>20 mm<\/td><\/tr><tr><td>Aleaci\u00f3n o no<\/td><td>Es aleaci\u00f3n<\/td><\/tr><tr><td>Plazo de entrega<\/td><td>8-14 d\u00edas<\/td><\/tr><tr><td>Tipo<\/td><td>Soldado<\/td><\/tr><tr><td>Grado de acero<\/td><td>Serie 300<\/td><\/tr><tr><td>Marca<\/td><td>PENGBO<\/td><\/tr><tr><td>Aplicaci\u00f3n<\/td><td>Industria<\/td><\/tr><tr><td>Tipo de l\u00ednea de soldadura<\/td><td>ERW<\/td><\/tr><tr><td>Servicio de tramitaci\u00f3n<\/td><td>Doblado, soldadura, desbobinado, corte, punzonado, moldeado<\/td><\/tr><tr><td>Nombre del producto<\/td><td>Tubos de acero inoxidable<\/td><\/tr><\/tbody><\/table><\/figure>\n\n\n<style>.kb-row-layout-id2926_123849-fa > .kt-row-column-wrap{align-content:start;}:where(.kb-row-layout-id2926_123849-fa > .kt-row-column-wrap) > .wp-block-kadence-column{justify-content:start;}.kb-row-layout-id2926_123849-fa > .kt-row-column-wrap{column-gap:var(--global-kb-gap-md, 2rem);row-gap:var(--global-kb-gap-md, 2rem);padding-top:var(--global-kb-spacing-sm, 1.5rem);padding-bottom:var(--global-kb-spacing-sm, 1.5rem);grid-template-columns:repeat(2, minmax(0, 1fr));}.kb-row-layout-id2926_123849-fa > .kt-row-layout-overlay{opacity:0.30;}@media all and (max-width: 1024px){.kb-row-layout-id2926_123849-fa > .kt-row-column-wrap{grid-template-columns:repeat(2, minmax(0, 1fr));}}@media all and (max-width: 767px){.kb-row-layout-id2926_123849-fa > .kt-row-column-wrap{grid-template-columns:minmax(0, 1fr);}}<\/style><div class=\"kb-row-layout-wrap kb-row-layout-id2926_123849-fa alignnone wp-block-kadence-rowlayout\"><div class=\"kt-row-column-wrap kt-has-2-columns kt-row-layout-equal kt-tab-layout-inherit kt-mobile-layout-row kt-row-valign-top\">\n\n<div class=\"wp-block-kadence-column kadence-column2926_6a8910-07\"><div class=\"kt-inside-inner-col\">\n<figure class=\"wp-block-kadence-image kb-image2926_5230fb-8f size-full kb-image-is-ratio-size\"><div class=\"kb-is-ratio-image kb-image-ratio-square\"><img loading=\"lazy\" decoding=\"async\" width=\"100\" height=\"100\" src=\"https:\/\/khsteel.net\/wp-content\/uploads\/2024\/07\/Kehuan-Logo-1.png\" alt=\"\" class=\"kb-img wp-image-1447\" title=\"\"><\/div><\/figure>\n<\/div><\/div>\n\n\n\n<div class=\"wp-block-kadence-column kadence-column2926_f7ee15-f0\"><div class=\"kt-inside-inner-col\">\n<figure class=\"wp-block-kadence-image kb-image2926_52b1bc-78 size-large kb-image-is-ratio-size\"><div class=\"kb-is-ratio-image kb-image-ratio-port23\"><img loading=\"lazy\" decoding=\"async\" width=\"1024\" height=\"1024\" src=\"https:\/\/khsteel.net\/wp-content\/uploads\/2025\/06\/1-1-3-1024x1024.png\" alt=\"\" class=\"kb-img wp-image-3034\" title=\"\" srcset=\"https:\/\/khsteel.net\/wp-content\/uploads\/2025\/06\/1-1-3-1024x1024.png 1024w, https:\/\/khsteel.net\/wp-content\/uploads\/2025\/06\/1-1-3-300x300.png 300w, https:\/\/khsteel.net\/wp-content\/uploads\/2025\/06\/1-1-3-150x150.png 150w, https:\/\/khsteel.net\/wp-content\/uploads\/2025\/06\/1-1-3-768x768.png 768w, https:\/\/khsteel.net\/wp-content\/uploads\/2025\/06\/1-1-3-12x12.png 12w, https:\/\/khsteel.net\/wp-content\/uploads\/2025\/06\/1-1-3.png 1200w\" sizes=\"auto, (max-width: 1024px) 100vw, 1024px\" \/><\/div><\/figure>\n<\/div><\/div>\n\n\n\n<div class=\"wp-block-kadence-column kadence-column2926_60e062-ec\"><div class=\"kt-inside-inner-col\">\n<div class=\"kt-adv-heading2926_e98946-6a wp-block-kadence-advancedheading has-theme-palette-3-color has-text-color\" data-kb-block=\"kb-adv-heading2926_e98946-6a\"><a href=\"https:\/\/lckehuan.en.alibaba.com\/\" target=\"_blank\" rel=\"noopener\">https:\/\/lckehuan.en.alibaba.com\/<\/a><\/div>\n\n\n\n<h2 class=\"kt-adv-heading2926_f345d1-8c wp-block-kadence-advancedheading has-theme-palette-3-color has-text-color\" data-kb-block=\"kb-adv-heading2926_f345d1-8c\">Perfil de la empresa<\/h2>\n\n\n\n<p class=\"kt-adv-heading2926_d5381e-dc wp-block-kadence-advancedheading has-theme-palette-5-color has-text-color\" data-kb-block=\"kb-adv-heading2926_d5381e-dc\">Shandong Kehuan Petroleum Equipment Co. fue fundada en 2011. Nuestra empresa ha pasado la certificaci\u00f3n de API5L yAPI5CT emitido por American Petroleum Institute , obtuvo IS09001 nacional, ISO18001, ISO14001 y pas\u00f3 3C nacional productcertification.<\/p>\n\n\n\n<div class=\"wp-block-kadence-advancedbtn kb-buttons-wrap kb-btns2926_efc2cc-4d\"><\/div>\n<\/div><\/div>\n\n<\/div><\/div>\n\n\n<ul class=\"wp-block-list\">\n<li>Expositor de productos<\/li>\n<\/ul>\n\n\n\n<figure class=\"wp-block-image size-large\"><img loading=\"lazy\" decoding=\"async\" width=\"1024\" height=\"693\" src=\"https:\/\/khsteel.net\/wp-content\/uploads\/2025\/06\/7309ca0da057d109dbc14049de02d20-1-1024x693.png\" alt=\"\" class=\"wp-image-2928\" title=\"\" srcset=\"https:\/\/khsteel.net\/wp-content\/uploads\/2025\/06\/7309ca0da057d109dbc14049de02d20-1-1024x693.png 1024w, https:\/\/khsteel.net\/wp-content\/uploads\/2025\/06\/7309ca0da057d109dbc14049de02d20-1-300x203.png 300w, https:\/\/khsteel.net\/wp-content\/uploads\/2025\/06\/7309ca0da057d109dbc14049de02d20-1-768x519.png 768w, https:\/\/khsteel.net\/wp-content\/uploads\/2025\/06\/7309ca0da057d109dbc14049de02d20-1-18x12.png 18w, https:\/\/khsteel.net\/wp-content\/uploads\/2025\/06\/7309ca0da057d109dbc14049de02d20-1.png 1072w\" sizes=\"auto, (max-width: 1024px) 100vw, 1024px\" \/><\/figure>\n\n\n\n<figure class=\"wp-block-image size-large\"><img loading=\"lazy\" decoding=\"async\" width=\"1024\" height=\"343\" src=\"https:\/\/khsteel.net\/wp-content\/uploads\/2025\/06\/00ae9ca5f38d055387d463fa28ab155-1-1024x343.png\" alt=\"\" class=\"wp-image-2929\" title=\"\" srcset=\"https:\/\/khsteel.net\/wp-content\/uploads\/2025\/06\/00ae9ca5f38d055387d463fa28ab155-1-1024x343.png 1024w, https:\/\/khsteel.net\/wp-content\/uploads\/2025\/06\/00ae9ca5f38d055387d463fa28ab155-1-300x100.png 300w, https:\/\/khsteel.net\/wp-content\/uploads\/2025\/06\/00ae9ca5f38d055387d463fa28ab155-1-768x257.png 768w, https:\/\/khsteel.net\/wp-content\/uploads\/2025\/06\/00ae9ca5f38d055387d463fa28ab155-1-18x6.png 18w, https:\/\/khsteel.net\/wp-content\/uploads\/2025\/06\/00ae9ca5f38d055387d463fa28ab155-1.png 1063w\" sizes=\"auto, (max-width: 1024px) 100vw, 1024px\" \/><\/figure>\n\n\n\n<figure class=\"wp-block-image size-large\"><img loading=\"lazy\" decoding=\"async\" width=\"1024\" height=\"635\" src=\"https:\/\/khsteel.net\/wp-content\/uploads\/2025\/06\/c835a8a41cea84f378df44fd1b9c51b-1-1024x635.png\" alt=\"\" class=\"wp-image-2930\" title=\"\" srcset=\"https:\/\/khsteel.net\/wp-content\/uploads\/2025\/06\/c835a8a41cea84f378df44fd1b9c51b-1-1024x635.png 1024w, https:\/\/khsteel.net\/wp-content\/uploads\/2025\/06\/c835a8a41cea84f378df44fd1b9c51b-1-300x186.png 300w, https:\/\/khsteel.net\/wp-content\/uploads\/2025\/06\/c835a8a41cea84f378df44fd1b9c51b-1-768x476.png 768w, https:\/\/khsteel.net\/wp-content\/uploads\/2025\/06\/c835a8a41cea84f378df44fd1b9c51b-1-18x12.png 18w, https:\/\/khsteel.net\/wp-content\/uploads\/2025\/06\/c835a8a41cea84f378df44fd1b9c51b-1.png 1071w\" sizes=\"auto, (max-width: 1024px) 100vw, 1024px\" \/><\/figure>\n\n\n\n<ul class=\"wp-block-list\">\n<li>Embalaje del producto<\/li>\n<\/ul>\n\n\n\n<figure class=\"wp-block-image size-large\"><img loading=\"lazy\" decoding=\"async\" width=\"1024\" height=\"670\" src=\"https:\/\/khsteel.net\/wp-content\/uploads\/2025\/06\/a997627aadf618fe785b71f314ad60a-1-1024x670.png\" alt=\"\" class=\"wp-image-2931\" title=\"\" srcset=\"https:\/\/khsteel.net\/wp-content\/uploads\/2025\/06\/a997627aadf618fe785b71f314ad60a-1-1024x670.png 1024w, https:\/\/khsteel.net\/wp-content\/uploads\/2025\/06\/a997627aadf618fe785b71f314ad60a-1-300x196.png 300w, https:\/\/khsteel.net\/wp-content\/uploads\/2025\/06\/a997627aadf618fe785b71f314ad60a-1-768x503.png 768w, https:\/\/khsteel.net\/wp-content\/uploads\/2025\/06\/a997627aadf618fe785b71f314ad60a-1-18x12.png 18w, https:\/\/khsteel.net\/wp-content\/uploads\/2025\/06\/a997627aadf618fe785b71f314ad60a-1.png 1100w\" sizes=\"auto, (max-width: 1024px) 100vw, 1024px\" \/><\/figure>\n\n\n\n<figure class=\"wp-block-image size-large\"><img loading=\"lazy\" decoding=\"async\" width=\"1024\" height=\"338\" src=\"https:\/\/khsteel.net\/wp-content\/uploads\/2025\/06\/4cafa33f07cde98373df5086f085094-1-1024x338.png\" alt=\"\" class=\"wp-image-2932\" title=\"\" srcset=\"https:\/\/khsteel.net\/wp-content\/uploads\/2025\/06\/4cafa33f07cde98373df5086f085094-1-1024x338.png 1024w, https:\/\/khsteel.net\/wp-content\/uploads\/2025\/06\/4cafa33f07cde98373df5086f085094-1-300x99.png 300w, https:\/\/khsteel.net\/wp-content\/uploads\/2025\/06\/4cafa33f07cde98373df5086f085094-1-768x253.png 768w, https:\/\/khsteel.net\/wp-content\/uploads\/2025\/06\/4cafa33f07cde98373df5086f085094-1-18x6.png 18w, https:\/\/khsteel.net\/wp-content\/uploads\/2025\/06\/4cafa33f07cde98373df5086f085094-1.png 1070w\" sizes=\"auto, (max-width: 1024px) 100vw, 1024px\" \/><\/figure>\n\n\n\n<p><br><\/p>\n\n\n\n<a> <\/a>\n\n\n\n<p><\/p>","protected":false},"featured_media":2920,"parent":0,"template":"","meta":{"_acf_changed":true,"_gspb_post_css":"","_kad_blocks_custom_css":"","_kad_blocks_head_custom_js":"","_kad_blocks_body_custom_js":"","_kad_blocks_footer_custom_js":"","_kad_post_transparent":"","_kad_post_title":"","_kad_post_layout":"","_kad_post_sidebar_id":"","_kad_post_content_style":"","_kad_post_vertical_padding":"","_kad_post_feature":"","_kad_post_feature_position":"","_kad_post_header":false,"_kad_post_footer":false,"_kad_post_classname":""},"product-category":[66],"class_list":["post-2926","product","type-product","status-publish","has-post-thumbnail","hentry","product-category-stainless-steel-tube-stainless-steel-square-tube"],"acf":[],"taxonomy_info":{"product-category":[{"value":66,"label":"Stainless steel tube"}]},"featured_image_src_large":["https:\/\/khsteel.net\/wp-content\/uploads\/2025\/06\/1-6-1.png",800,800,false],"author_info":[],"comment_info":"","_links":{"self":[{"href":"https:\/\/khsteel.net\/es\/wp-json\/wp\/v2\/product\/2926","targetHints":{"allow":["GET"]}}],"collection":[{"href":"https:\/\/khsteel.net\/es\/wp-json\/wp\/v2\/product"}],"about":[{"href":"https:\/\/khsteel.net\/es\/wp-json\/wp\/v2\/types\/product"}],"wp:featuredmedia":[{"embeddable":true,"href":"https:\/\/khsteel.net\/es\/wp-json\/wp\/v2\/media\/2920"}],"wp:attachment":[{"href":"https:\/\/khsteel.net\/es\/wp-json\/wp\/v2\/media?parent=2926"}],"wp:term":[{"taxonomy":"product-category","embeddable":true,"href":"https:\/\/khsteel.net\/es\/wp-json\/wp\/v2\/product-category?post=2926"}],"curies":[{"name":"wp","href":"https:\/\/api.w.org\/{rel}","templated":true}]}}