{"id":2898,"date":"2025-06-14T06:29:42","date_gmt":"2025-06-14T06:29:42","guid":{"rendered":"https:\/\/khsteel.net\/?post_type=product&#038;p=2898"},"modified":"2025-06-14T06:29:42","modified_gmt":"2025-06-14T06:29:42","slug":"astm-asme-carbon-seamless-steel-pipe-manufacturer-api-5l-x42-x62-x70-line-pipe-seamless-steel-pipeline-for-oil-gas-pipe","status":"publish","type":"product","link":"https:\/\/khsteel.net\/es\/product\/astm-asme-carbon-seamless-steel-pipe-manufacturer-api-5l-x42-x62-x70-line-pipe-seamless-steel-pipeline-for-oil-gas-pipe\/","title":{"rendered":"Fabricante de tubos de acero sin soldadura ASTM\/ASME API 5L x42 x62 x70 tuber\u00eda de acero sin soldadura para oleoductos y gasoductos"},"content":{"rendered":"<h3 class=\"wp-block-heading\" id=\"key-attributes\">Atributos clave<\/h3>\n\n\n\n<h4 class=\"wp-block-heading\" id=\"industry-specific-attributes\">Atributos espec\u00edficos del sector<\/h4>\n\n\n\n<figure class=\"wp-block-table\"><table><tbody><tr><td>Secci\u00f3n Forma<\/td><td>Redondo<\/td><\/tr><tr><td>Tratamiento de superficies<\/td><td>pintura negra, anticorrosi\u00f3n<\/td><\/tr><tr><td>Tolerancia<\/td><td>\u00b11%<\/td><\/tr><tr><td>Engrasado o no engrasado<\/td><td>Sin aceite<\/td><\/tr><tr><td>Facturaci\u00f3n<\/td><td>por peso te\u00f3rico<\/td><\/tr><\/tbody><\/table><\/figure>\n\n\n\n<p>Otros atributos<\/p>\n\n\n\n<p>Especificaci\u00f3n<\/p>\n\n\n\n<figure class=\"wp-block-table\"><table class=\"has-fixed-layout\"><tbody><tr><td>art\u00edculo<\/td><td>valor<\/td><\/tr><tr><td>Lugar de origen<\/td><td>China<\/td><\/tr><tr><td><\/td><td>Shandong<\/td><\/tr><tr><td>Marca<\/td><td>Kehuan<\/td><\/tr><tr><td>Aplicaci\u00f3n<\/td><td>Tubos para fluidos, tubos para calderas, tubos para gas, tubos para petr\u00f3leo, otros<\/td><\/tr><tr><td>Aleaci\u00f3n o no<\/td><td>Sin aleaci\u00f3n, Aleaci\u00f3n<\/td><\/tr><tr><td>Secci\u00f3n Forma<\/td><td>Redondo<\/td><\/tr><tr><td><\/td><td>50 mm - 1300 mm<\/td><\/tr><tr><td>Tuber\u00eda especial<\/td><td>Tubos API<\/td><\/tr><tr><td>Espesor<\/td><td>6-120 mm<\/td><\/tr><tr><td>Est\u00e1ndar<\/td><td>DIN<\/td><\/tr><tr><td>Longitud<\/td><td>12M, 6m, 6.4M<\/td><\/tr><tr><td>Certificado<\/td><td>API, CE, BIS, SASO, SABS, sirm, JIS, ISO9001<\/td><\/tr><tr><td>Grado<\/td><td>L245\u3001L290\u3001L360\u3001L415\u3001L480\u3001GR.B\u3001X42\u3001X46\u3001X56\u3001X65\u3001X70\u3001X80\u3001X100<\/td><\/tr><tr><td>Tratamiento de superficies<\/td><td>Laminado en caliente<\/td><\/tr><tr><td>Tolerancia<\/td><td>\u00b11%<\/td><\/tr><tr><td>Servicio de tramitaci\u00f3n<\/td><td>Soldadura, punzonado, corte, plegado<\/td><\/tr><tr><td>Engrasado o no engrasado<\/td><td>Sin aceite, o seg\u00fan las necesidades<\/td><\/tr><tr><td>Facturaci\u00f3n<\/td><td>por peso te\u00f3rico<\/td><\/tr><tr><td>Plazo de entrega<\/td><td>15-21 d\u00edas<\/td><\/tr><tr><td>Grado<\/td><td>A53-A369<\/td><\/tr><tr><td>Aplicaci\u00f3n<\/td><td>Tuber\u00eda de fluidos<\/td><\/tr><tr><td>Nombre del producto<\/td><td>Tubos de acero al carbono sin soldadura<\/td><\/tr><tr><td>Lugar de origen<\/td><td>Shandong (China)<\/td><\/tr><tr><td>Longitud<\/td><td>3-12m<\/td><\/tr><tr><td>Secci\u00f3n Forma<\/td><td>Redondo<\/td><\/tr><tr><td>Plazo de entrega<\/td><td>8-14 d\u00edas<\/td><\/tr><tr><td>Di\u00e1metro exterior<\/td><td>10 - 1000 Mm<\/td><\/tr><tr><td>Material<\/td><td>ST37\/ST45\/ST52\/25Mn\/27SiMn\/E355\/SAE1026\/STKM13C<\/td><\/tr><tr><td>Palabra clave<\/td><td>tuber\u00eda<\/td><\/tr><\/tbody><\/table><\/figure>\n\n\n\n<p><\/p>\n\n\n\n<p><strong>Introducci\u00f3n<\/strong><\/p>\n\n\n\n<p>Tubos para oleoductos: Se utilizan para transportar petr\u00f3leo, gas o agua extra\u00eddos del subsuelo a las empresas industriales de petr\u00f3leo y gas natural a trav\u00e9s de tubos de oleoducto. <\/p>\n\n\n\n<p>Los tubos para tuber\u00edas son de dos tipos: sin soldadura y soldados. Sus extremos de tuber\u00eda pueden ser extremos planos, extremos roscados y extremos de enchufe. Sus m\u00e9todos de conexi\u00f3n incluyen la soldadura de los extremos, la conexi\u00f3n por abrazadera y la conexi\u00f3n por enchufe,<\/p>\n\n\n\n<p><strong>Visi\u00f3n general de los tubos de conducci\u00f3n<\/strong><\/p>\n\n\n\n<p>Aplicaci\u00f3n: Se utiliza para el transporte de gas, agua y petr\u00f3leo en las industrias del petr\u00f3leo y el gas natural.<\/p>\n\n\n\n<p>Prop\u00f3sito:<br>Tuber\u00edas de transporte de ox\u00edgeno, agua y aceite utilizadas en las industrias del petr\u00f3leo y el gas natural<br>API SPEC 5L-2011 (Pipeline Tube Specification), recopilada y publicada por el Instituto Americano del Petr\u00f3leo, es aplicable en todo el mundo. Los principales materiales de este tubo son L245, L290, L360, L415, L480, GR.B, X42, X46, X56, X65, X70, X80, X100 y otros grados de acero.<\/p>\n\n\n\n<p><strong>Productos<\/strong><\/p>\n\n\n\n<p>La tuber\u00eda de X42<\/p>\n\n\n\n<p>La tuber\u00eda de conducci\u00f3n X42 es un tipo de tuber\u00eda de conducci\u00f3n con un grado de acero X42. Los tubos de tuber\u00eda se utilizan para transportar petr\u00f3leo, gas y agua extra\u00eddos del suelo a las empresas industriales de petr\u00f3leo y gas natural a trav\u00e9s de tuber\u00edas de conducci\u00f3n.<\/p>\n\n\n\n<p><\/p>","protected":false},"featured_media":0,"parent":0,"template":"","meta":{"_acf_changed":true,"_gspb_post_css":"","_kad_blocks_custom_css":"","_kad_blocks_head_custom_js":"","_kad_blocks_body_custom_js":"","_kad_blocks_footer_custom_js":"","_kad_post_transparent":"","_kad_post_title":"","_kad_post_layout":"","_kad_post_sidebar_id":"","_kad_post_content_style":"","_kad_post_vertical_padding":"","_kad_post_feature":"","_kad_post_feature_position":"","_kad_post_header":false,"_kad_post_footer":false,"_kad_post_classname":""},"product-category":[],"class_list":["post-2898","product","type-product","status-publish","hentry"],"acf":[],"taxonomy_info":[],"featured_image_src_large":false,"author_info":[],"comment_info":"","_links":{"self":[{"href":"https:\/\/khsteel.net\/es\/wp-json\/wp\/v2\/product\/2898","targetHints":{"allow":["GET"]}}],"collection":[{"href":"https:\/\/khsteel.net\/es\/wp-json\/wp\/v2\/product"}],"about":[{"href":"https:\/\/khsteel.net\/es\/wp-json\/wp\/v2\/types\/product"}],"wp:attachment":[{"href":"https:\/\/khsteel.net\/es\/wp-json\/wp\/v2\/media?parent=2898"}],"wp:term":[{"taxonomy":"product-category","embeddable":true,"href":"https:\/\/khsteel.net\/es\/wp-json\/wp\/v2\/product-category?post=2898"}],"curies":[{"name":"wp","href":"https:\/\/api.w.org\/{rel}","templated":true}]}}