{"id":2887,"date":"2025-06-13T09:53:58","date_gmt":"2025-06-13T09:53:58","guid":{"rendered":"https:\/\/khsteel.net\/?post_type=product&#038;p=2887"},"modified":"2025-06-13T09:53:59","modified_gmt":"2025-06-13T09:53:59","slug":"octg-sin-soldadura-9-5-8-pulgadas-13-3-8-pulgadas-venta-caliente-api-5ct-tuberia-de-revestimiento","status":"publish","type":"product","link":"https:\/\/khsteel.net\/es\/product\/seamless-octg-9-5-8-inch-13-3-8-inch-hot-sale-api-5ct-casing-pipe\/","title":{"rendered":"OCTG sin soldadura 9 5\/8 pulgadas 13 3\/8 pulgadas Venta caliente API 5CT Casing Pipe"},"content":{"rendered":"<figure class=\"wp-block-table\"><table class=\"has-fixed-layout\"><tbody><tr><td>est\u00e1ndar<\/td><td>n\u00famero de modelo<\/td><td>Resistencia a la tracci\u00f3n (MPa)<\/td><td>l\u00edmite el\u00e1stico (MPa)<\/td><td>dur\u00f3metro<\/td><\/tr><tr><td rowspan=\"5\">API SPEC 5CT<\/td><td>J55<\/td><td>\u2265517<\/td><td>379~552<\/td><td><\/td><\/tr><tr><td>K55<\/td><td>\u2265517<\/td><td>\u2265655<\/td><td><\/td><\/tr><tr><td>N80<\/td><td>\u2265689<\/td><td>552~758<\/td><td><\/td><\/tr><tr><td>L80(13Cr)<\/td><td>\u2265655<\/td><td>552~655<\/td><td>\u2264241HB<\/td><\/tr><tr><td>P110<\/td><td>\u2265862<\/td><td>758~965<\/td><td><\/td><\/tr><tr><td>MOQ<\/td><td colspan=\"4\">1 tonelada<\/td><\/tr><tr><td>Condiciones de pago<\/td><td colspan=\"4\">L\/C a la vista o T\/T (30% como dep\u00f3sito)<\/td><\/tr><tr><td>Embalaje<\/td><td colspan=\"4\">Embalaje est\u00e1ndar para exportaci\u00f3n o a petici\u00f3n del cliente<\/td><\/tr><tr><td>Plazo de entrega<\/td><td colspan=\"4\">Por lo general, de 7 a 15 d\u00edas, o previa negociaci\u00f3n.<\/td><\/tr><tr><td>Condiciones de precio<\/td><td colspan=\"4\">FOB, CRF, CIF, EXW todos aceptables<\/td><\/tr><tr><td>Muestras<\/td><td colspan=\"4\">Se facilitan muestras gratuitas, pero el susto corre a cargo del comprador<\/td><\/tr><\/tbody><\/table><\/figure>\n\n\n\n<figure class=\"wp-block-table\"><table class=\"has-fixed-layout\"><tbody><tr><td>Grado<\/td><td>Tipo<\/td><td>Alargamiento total<br>bajo carga (%)<\/td><td>L\u00edmite el\u00e1stico<br>(min)Mpa<\/td><td>L\u00edmite el\u00e1stico<br>(m\u00e1x)Mpa<\/td><td>Resistencia a la tracci\u00f3n<br>min Mpa<\/td><td>Dureza<br>Max (HRC)<\/td><td>Dureza<br>Max (HBW)<\/td><\/tr><tr><td>J55<\/td><td>\u2013<\/td><td>0.5<\/td><td>379<\/td><td>552<\/td><td>517<\/td><td>\u2013<\/td><td>\u2013<\/td><\/tr><tr><td>K55<\/td><td>\u2013<\/td><td>0.5<\/td><td>379<\/td><td>552<\/td><td>655<\/td><td>\u2013<\/td><td>\u2013<\/td><\/tr><tr><td>N80<\/td><td>1<\/td><td>0.5<\/td><td>552<\/td><td>758<\/td><td>689<\/td><td>\u2013<\/td><td>\u2013<\/td><\/tr><tr><td>N80<\/td><td>Q<\/td><td>0.5<\/td><td>552<\/td><td>758<\/td><td>689<\/td><td>\u2013<\/td><td>\u2013<\/td><\/tr><tr><td>L80<\/td><td>1<\/td><td>0.5<\/td><td>552<\/td><td>655<\/td><td>655<\/td><td>23<\/td><td>241<\/td><\/tr><tr><td>L80<\/td><td>9Cr<\/td><td>0.5<\/td><td>552<\/td><td>655<\/td><td>655<\/td><td>23<\/td><td>241<\/td><\/tr><tr><td>L80<\/td><td>13Cr<\/td><td>0.5<\/td><td>552<\/td><td>655<\/td><td>655<\/td><td>23<\/td><td>241<\/td><\/tr><tr><td>C90<\/td><td>\u2013<\/td><td>0.5<\/td><td>621<\/td><td>724<\/td><td>689<\/td><td>25.4<\/td><td>255<\/td><\/tr><tr><td>C95<\/td><td>\u2013<\/td><td>0.5<\/td><td>655<\/td><td>758<\/td><td>724<\/td><td>\u2013<\/td><td>\u2013<\/td><\/tr><tr><td>T95<\/td><td>\u2013<\/td><td>0.5<\/td><td>655<\/td><td>758<\/td><td>724<\/td><td>25.4<\/td><td>255<\/td><\/tr><tr><td>P110<\/td><td>\u2013<\/td><td>0.6<\/td><td>758<\/td><td>965<\/td><td>862<\/td><td>\u2013<\/td><td>\u2013<\/td><\/tr><tr><td>Q125<\/td><td>Todos<\/td><td>0.65<\/td><td>862<\/td><td>1034<\/td><td>931<\/td><td>\u2013<\/td><td>\u2013<\/td><\/tr><\/tbody><\/table><\/figure>\n\n\n\n<figure class=\"wp-block-image size-full is-resized\"><img loading=\"lazy\" decoding=\"async\" width=\"679\" height=\"601\" src=\"https:\/\/khsteel.net\/wp-content\/uploads\/2025\/06\/1749808268600.png\" alt=\"\" class=\"wp-image-2889\" style=\"width:1500px;height:auto\" title=\"\" srcset=\"https:\/\/khsteel.net\/wp-content\/uploads\/2025\/06\/1749808268600.png 679w, https:\/\/khsteel.net\/wp-content\/uploads\/2025\/06\/1749808268600-300x266.png 300w, https:\/\/khsteel.net\/wp-content\/uploads\/2025\/06\/1749808268600-14x12.png 14w\" sizes=\"auto, (max-width: 679px) 100vw, 679px\" \/><\/figure>\n\n\n\n<figure class=\"wp-block-image size-full is-resized\"><img loading=\"lazy\" decoding=\"async\" width=\"567\" height=\"566\" src=\"https:\/\/khsteel.net\/wp-content\/uploads\/2025\/06\/9362f98a4671aaff3a215a57f052b02.png\" alt=\"\" class=\"wp-image-2890\" style=\"width:1500px;height:auto\" title=\"\" srcset=\"https:\/\/khsteel.net\/wp-content\/uploads\/2025\/06\/9362f98a4671aaff3a215a57f052b02.png 567w, https:\/\/khsteel.net\/wp-content\/uploads\/2025\/06\/9362f98a4671aaff3a215a57f052b02-300x300.png 300w, https:\/\/khsteel.net\/wp-content\/uploads\/2025\/06\/9362f98a4671aaff3a215a57f052b02-150x150.png 150w, https:\/\/khsteel.net\/wp-content\/uploads\/2025\/06\/9362f98a4671aaff3a215a57f052b02-12x12.png 12w\" sizes=\"auto, (max-width: 567px) 100vw, 567px\" \/><\/figure>\n\n\n\n<p>El est\u00e1ndar de la carcasa de petr\u00f3leo api es api5l es las normas del Instituto Americano del Petr\u00f3leo, las normas generales de exportaci\u00f3n de carcasa de petr\u00f3leo se basan en esto, por lo que se llama carcasa de petr\u00f3leo api, carcasa de petr\u00f3leo api de acuerdo con los puntos de material principalmente k55 carcasa de petr\u00f3leo, j55 carcasa de petr\u00f3leo, n80 carcasa de petr\u00f3leo, p110 carcasa de petr\u00f3leo, etc, hebilla de tuber\u00eda de revestimiento de petr\u00f3leo incluyendo hebilla redonda corta (stc), hebilla redonda larga (ltc), trapezoidal parcial (btc) la m\u00e1s importante y m\u00e1s com\u00fan en estos tres tipos de hebilla, adem\u00e1s de hebilla herm\u00e9tica, hebilla roscada y otras hebillas especiales. (ltc), trapezoidal parcial (btc) el m\u00e1s importante y m\u00e1s com\u00fan en estos tres, adem\u00e1s de la hebilla herm\u00e9tica, hebilla roscada y otra forma especial hebilla. api carcasa de aceite principal base de producci\u00f3n en el norte de China, la carcasa de aceite se puede dividir en tubos sin costura y soldada, el precio de la tuber\u00eda sin costura que la tuber\u00eda soldada es caro, material de la carcasa de aceite que el otro material de la tuber\u00eda de acero al carbono ordinario en las propiedades mec\u00e1nicas y propiedades mec\u00e1nicas. El material de la tuber\u00eda de revestimiento de petr\u00f3leo es mejor que otros tubos de acero al carbono ordinario en t\u00e9rminos de propiedades mec\u00e1nicas y mec\u00e1nicas, que es ampliamente utilizado en el campo de la perforaci\u00f3n de petr\u00f3leo. Los principales clientes de la tuber\u00eda de revestimiento de petr\u00f3leo se encuentran en el sudeste de Asia, Asia Oriental, Oriente Medio, Asia Occidental, Am\u00e9rica Latina y otras regiones.<\/p>\n\n\n\n<figure class=\"wp-block-image size-full is-resized\"><img loading=\"lazy\" decoding=\"async\" width=\"674\" height=\"405\" src=\"https:\/\/khsteel.net\/wp-content\/uploads\/2025\/06\/image-6.png\" alt=\"\" class=\"wp-image-2891\" style=\"width:1500px;height:auto\" title=\"\" srcset=\"https:\/\/khsteel.net\/wp-content\/uploads\/2025\/06\/image-6.png 674w, https:\/\/khsteel.net\/wp-content\/uploads\/2025\/06\/image-6-300x180.png 300w, https:\/\/khsteel.net\/wp-content\/uploads\/2025\/06\/image-6-18x12.png 18w\" sizes=\"auto, (max-width: 674px) 100vw, 674px\" \/><\/figure>\n\n\n\n<p><\/p>","protected":false},"featured_media":2890,"parent":0,"template":"","meta":{"_acf_changed":true,"_gspb_post_css":"","_kad_blocks_custom_css":"","_kad_blocks_head_custom_js":"","_kad_blocks_body_custom_js":"","_kad_blocks_footer_custom_js":"","_kad_post_transparent":"","_kad_post_title":"","_kad_post_layout":"","_kad_post_sidebar_id":"","_kad_post_content_style":"","_kad_post_vertical_padding":"","_kad_post_feature":"","_kad_post_feature_position":"","_kad_post_header":false,"_kad_post_footer":false,"_kad_post_classname":""},"product-category":[],"class_list":["post-2887","product","type-product","status-publish","has-post-thumbnail","hentry"],"acf":[],"taxonomy_info":[],"featured_image_src_large":["https:\/\/khsteel.net\/wp-content\/uploads\/2025\/06\/9362f98a4671aaff3a215a57f052b02.png",567,566,false],"author_info":[],"comment_info":"","_links":{"self":[{"href":"https:\/\/khsteel.net\/es\/wp-json\/wp\/v2\/product\/2887","targetHints":{"allow":["GET"]}}],"collection":[{"href":"https:\/\/khsteel.net\/es\/wp-json\/wp\/v2\/product"}],"about":[{"href":"https:\/\/khsteel.net\/es\/wp-json\/wp\/v2\/types\/product"}],"wp:featuredmedia":[{"embeddable":true,"href":"https:\/\/khsteel.net\/es\/wp-json\/wp\/v2\/media\/2890"}],"wp:attachment":[{"href":"https:\/\/khsteel.net\/es\/wp-json\/wp\/v2\/media?parent=2887"}],"wp:term":[{"taxonomy":"product-category","embeddable":true,"href":"https:\/\/khsteel.net\/es\/wp-json\/wp\/v2\/product-category?post=2887"}],"curies":[{"name":"wp","href":"https:\/\/api.w.org\/{rel}","templated":true}]}}