{"id":2847,"date":"2025-06-13T09:40:53","date_gmt":"2025-06-13T09:40:53","guid":{"rendered":"https:\/\/khsteel.net\/?post_type=product&#038;p=2847"},"modified":"2025-06-20T06:40:06","modified_gmt":"2025-06-20T06:40:06","slug":"barra-de-acero-inoxidable-303-430-316-304","status":"publish","type":"product","link":"https:\/\/khsteel.net\/es\/product\/stainless-steel-bar-303-430-316-304\/","title":{"rendered":"Alta calidad Astm 2mm 3mm 6mm para la construcci\u00f3n de edificios 2507 724l Sus 724l 303 430 316 304 barra de acero inoxidable"},"content":{"rendered":"<p>Sitio web de la empresa<\/p>\n\n\n\n<p>P\u00e1gina web de la oficina:<a href=\"https:\/\/khsteel.net\/es\/\">https:\/\/khsteel.net\/<\/a><br>P\u00e1gina web de Alibaba:<a href=\"https:\/\/lckehuan.en.alibaba.com\/\" target=\"_blank\" rel=\"noopener\">https:\/\/lckehuan.en.alibaba.com\/<\/a><\/p>\n\n\n\n<h4 class=\"wp-block-heading\" id=\"industry-specific-attributes-stainless-steel-bar\">Atributos espec\u00edficos de la industria Barra de acero inoxidable<\/h4>\n\n\n\n<figure class=\"wp-block-table\"><table><tbody><tr><td>Nombre del producto<\/td><td>Barra de acero inoxidable<\/td><\/tr><tr><td>Grado<\/td><td>Serie 200\/300\/400<\/td><\/tr><tr><td>Forma<\/td><td>Redondo<\/td><\/tr><tr><td>Tolerancia<\/td><td>\u00b11%<\/td><\/tr><tr><td>Grado de acero<\/td><td>301L, 301, 304N, 310S, 410, 316L, 316, 314, 304, 304L<\/td><\/tr><tr><td>Acabado superficial<\/td><td>Personalizado<\/td><\/tr><tr><td>Producto<\/td><td>Barra redonda de acero inoxidable<\/td><\/tr><\/tbody><\/table><\/figure>\n\n\n\n<p>Otros atributos<\/p>\n\n\n\n<figure class=\"wp-block-table\"><table><tbody><tr><td>Lugar de origen<\/td><td>Shandong, China<\/td><\/tr><tr><td>Plazo de entrega<\/td><td>8-14 d\u00edas<\/td><\/tr><tr><td>Marca<\/td><td>Kehuan<\/td><\/tr><tr><td>N\u00famero de modelo<\/td><td>Barra de acero inoxidable<\/td><\/tr><tr><td>Tipo<\/td><td>Redondo<\/td><\/tr><tr><td>Aplicaci\u00f3n<\/td><td>industria qu\u00edmica,construcci\u00f3n,nuclear,energ\u00eda,maquinaria,construcci\u00f3n naval<\/td><\/tr><tr><td>Servicio de tramitaci\u00f3n<\/td><td>Plegado, soldadura, desenrollado, punzonado, corte<\/td><\/tr><tr><td>Grado<\/td><td>201, 202 , 304 , 304L , 316, 316L, 316Ti, 317 ,etc.<\/td><\/tr><tr><td>Acabado superficial<\/td><td>Personalizado<\/td><\/tr><tr><td>T\u00e9cnica<\/td><td>Laminado en fr\u00edo; Laminado en caliente<\/td><\/tr><tr><td>Longitud<\/td><td>Personalizado<\/td><\/tr><tr><td>Condiciones de pago<\/td><td>TT,LC,etc<\/td><\/tr><tr><td>Marca<\/td><td>Kehuan<\/td><\/tr><tr><td>Condiciones de precio<\/td><td>FOB, EXW, CIF, CFR<\/td><\/tr><tr><td>Nombre del producto<\/td><td>Barra de acero inoxidable<\/td><\/tr><\/tbody><\/table><\/figure>\n\n\n\n<p>Aplicaci\u00f3n del producto:Barra de acero inoxidable<\/p>\n\n\n\n<figure class=\"wp-block-table\"><table class=\"has-fixed-layout\"><tbody><tr><td><strong><br><br><\/strong><strong>Grado<\/strong><\/td><td>Serie 300: 304,304L,309,309s,310,310S,316,316L,316Ti,317L,321,347<br>Serie 200: 201,202<br>Serie 400: 409,409L,410,420,430,431,439,440,441,444<br>Otros: 2205,2507,2906,330,660,630,631,17-4ph,17-7ph, S318039 904L,etc.<br>Acero inoxidable d\u00faplex: S22053,S25073,S22253,S31803,S32205,S32304<\/td><\/tr><tr><td><strong>Est\u00e1ndar<\/strong><\/td><td>ASME, ASTM, EN, BS, GB, DIN, JIS, etc.<\/td><\/tr><tr><td><strong>T\u00e9cnica<\/strong><\/td><td>Laminado en fr\u00edo, Laminado en caliente<\/td><\/tr><tr><td><strong>Superficie<\/strong><\/td><td>Recocido y decapado, brillante, pulido, HL, negro<\/td><\/tr><tr><td><strong><br><\/strong><strong><br><\/strong><strong>Talla<\/strong><\/td><td>Varilla redonda: Di\u00e1metro: 3mm~800mm<br>Varilla cuadrada: 5x5mm - 200x200mm<br>Barra plana: 20x2mm - 200x20mm<br>Varilla hexagonal: 8 mm - 200 mm<br>\u00c1ngulo: 20x20x2mm - 200x200x15mm<br>Longitud:4-6m o a medida<\/td><\/tr><tr><td><strong>Embalaje<\/strong><\/td><td>Empaquetado, caja de madera para el paquete est\u00e1ndar de la exportaci\u00f3n<\/td><\/tr><tr><td><strong>Plazo de entrega<\/strong><\/td><td>7-15 d\u00edas,o seg\u00fan la cantidad del pedido o previa negociaci\u00f3n<\/td><\/tr><tr><td><strong>MOQ<\/strong><\/td><td>500 KGS<\/td><\/tr><\/tbody><\/table><\/figure>\n\n\n\n<figure class=\"wp-block-image size-full\"><img loading=\"lazy\" decoding=\"async\" width=\"482\" height=\"96\" src=\"https:\/\/khsteel.net\/wp-content\/uploads\/2025\/06\/image-2.png\" alt=\"\" class=\"wp-image-2840\" title=\"\" srcset=\"https:\/\/khsteel.net\/wp-content\/uploads\/2025\/06\/image-2.png 482w, https:\/\/khsteel.net\/wp-content\/uploads\/2025\/06\/image-2-300x60.png 300w, https:\/\/khsteel.net\/wp-content\/uploads\/2025\/06\/image-2-18x4.png 18w\" sizes=\"auto, (max-width: 482px) 100vw, 482px\" \/><\/figure>\n\n\n\n<figure class=\"wp-block-table\"><table class=\"has-fixed-layout\"><tbody><tr><td>Acabado superficial<\/td><td>Caracter\u00edsticas y aplicaci\u00f3n<\/td><\/tr><tr><td>N\u00ba 1<\/td><td>La superficie laminada en caliente, recocida y decapada, puede utilizarse como material de laminaci\u00f3n en fr\u00edo, dep\u00f3sitos industriales y dispositivos qu\u00edmicos.<\/td><\/tr><tr><td>2D<\/td><td>Laminados en fr\u00edo, recocidos y decapados, los productos sin brillo pueden utilizarse como piezas de autom\u00f3viles, materiales de construcci\u00f3n y tuber\u00edas.<\/td><\/tr><tr><td>2B<\/td><td>El brillo y la planitud de la superficie del NO.2B son mejores que los del NO.2D. Mediante un tratamiento especial de la superficie para mejorar sus propiedades mec\u00e1nicas, el N02B puede satisfacer pr\u00e1cticamente todos los usos previstos.<\/td><\/tr><tr><td>N\u00ba 3<\/td><td>Pulido con cinta abrasiva de grano #100#120, tiene mayor brillo con estr\u00edas gruesas discontinuas.<br>ter nal o na mentos para edificios, ap pli anc es elec tr icos y s uten silos de cocina, etc.<\/td><\/tr><tr><td>N\u00ba 4<\/td><td>Pulido con banda abrasiva de grano #150#180, tienen mejor brillo con estr\u00edas gruesas discontinuas, pero m\u00e1s fino que el NO.3, son<br>se utilizan para la construcci\u00f3n de ba\u00f1eras y ornamentos exteriores electrodom\u00e9sticos, utensilios de cocina y equipos de procesamiento de alimentos, etc.<\/td><\/tr><tr><td>HL<\/td><td>Pulido con cinta abrasiva de grano #150-320 en el acabado n.\u00ba 4 y presenta vetas continuas, se utiliza principalmente como ornamento para la construcci\u00f3n,<br>ascensores, puerta del edificio, placa frontal, etc.<\/td><\/tr><tr><td>BA<\/td><td>Laminado en fr\u00edo, brillante y sellado, el producto tiene un brillo ex celente y una buena flexibilidad como un espejo, usado.<br>para electrodom\u00e9sticos, espejos, aparatos de cocina, m\u00e1quinas nucleares, etc.<\/td><\/tr><\/tbody><\/table><\/figure>\n\n\n\n\n\n<figure class=\"wp-block-image\"><img decoding=\"async\" src=\"https:\/\/sc04.alicdn.com\/kf\/Haef7fe706a38439683e71fa6713b9d7em\/245885696\/Haef7fe706a38439683e71fa6713b9d7em.jpg\" alt=\"\" title=\"\"><\/figure>\n\n\n\n<figure class=\"wp-block-image\"><img decoding=\"async\" src=\"https:\/\/sc04.alicdn.com\/kf\/H21084ec2b20a45dbaeb69fa80be847d3A\/245885696\/H21084ec2b20a45dbaeb69fa80be847d3A.jpg\" alt=\"\u6b64\u56fe\u7247\u7684 alt \u5c5e\u6027\u4e3a\u7a7a\uff1b\u6587\u4ef6\u540d\u4e3a H21084ec2b20a45dbaeb69fa80be847d3A.jpg\" title=\"\"><\/figure>\n\n\n\n\n\n<figure class=\"wp-block-image\"><img decoding=\"async\" src=\"https:\/\/sc04.alicdn.com\/kf\/H7d6f9000bd1a4cea8f4ecc9754acb44di\/245885696\/H7d6f9000bd1a4cea8f4ecc9754acb44di.jpg\" alt=\"\" title=\"\"><\/figure>\n\n\n\n<p><\/p>","protected":false},"featured_media":2875,"parent":0,"template":"","meta":{"_acf_changed":false,"_gspb_post_css":"","_kad_blocks_custom_css":"","_kad_blocks_head_custom_js":"","_kad_blocks_body_custom_js":"","_kad_blocks_footer_custom_js":"","_kad_post_transparent":"","_kad_post_title":"","_kad_post_layout":"","_kad_post_sidebar_id":"","_kad_post_content_style":"","_kad_post_vertical_padding":"","_kad_post_feature":"","_kad_post_feature_position":"","_kad_post_header":false,"_kad_post_footer":false,"_kad_post_classname":""},"product-category":[91],"class_list":["post-2847","product","type-product","status-publish","has-post-thumbnail","hentry","product-category-the-stainless-steel-rod"],"acf":[],"taxonomy_info":{"product-category":[{"value":91,"label":"The stainless steel rod"}]},"featured_image_src_large":["https:\/\/khsteel.net\/wp-content\/uploads\/2025\/06\/8.jpeg",750,750,false],"author_info":[],"comment_info":"","_links":{"self":[{"href":"https:\/\/khsteel.net\/es\/wp-json\/wp\/v2\/product\/2847","targetHints":{"allow":["GET"]}}],"collection":[{"href":"https:\/\/khsteel.net\/es\/wp-json\/wp\/v2\/product"}],"about":[{"href":"https:\/\/khsteel.net\/es\/wp-json\/wp\/v2\/types\/product"}],"wp:featuredmedia":[{"embeddable":true,"href":"https:\/\/khsteel.net\/es\/wp-json\/wp\/v2\/media\/2875"}],"wp:attachment":[{"href":"https:\/\/khsteel.net\/es\/wp-json\/wp\/v2\/media?parent=2847"}],"wp:term":[{"taxonomy":"product-category","embeddable":true,"href":"https:\/\/khsteel.net\/es\/wp-json\/wp\/v2\/product-category?post=2847"}],"curies":[{"name":"wp","href":"https:\/\/api.w.org\/{rel}","templated":true}]}}