{"id":2844,"date":"2025-06-13T09:31:44","date_gmt":"2025-06-13T09:31:44","guid":{"rendered":"https:\/\/khsteel.net\/?post_type=product&#038;p=2844"},"modified":"2025-06-20T06:39:28","modified_gmt":"2025-06-20T06:39:28","slug":"barra-redonda-de-acero-inoxidable-4762s44600-estirado-en-frio","status":"publish","type":"product","link":"https:\/\/khsteel.net\/es\/product\/cold-drawn4762s44600-stainless-steel-round-bar\/","title":{"rendered":"Barra redonda SS 1.4762 estirada en fr\u00edo de alta calidad, S44600 , di\u00e1metro exterior 3-50mm barra redonda de acero inoxidable"},"content":{"rendered":"<p>Sitio web de la empresa<\/p>\n\n\n\n<p>P\u00e1gina web de la oficina:<a href=\"https:\/\/khsteel.net\/es\/\">https:\/\/khsteel.net\/<\/a><br>P\u00e1gina web de Alibaba:<a href=\"https:\/\/lckehuan.en.alibaba.com\/\" target=\"_blank\" rel=\"noopener\">https:\/\/lckehuan.en.alibaba.com\/<\/a><\/p>\n\n\n\n<h3 class=\"wp-block-heading\" id=\"key-attributes\">Atributos clave<\/h3>\n\n\n\n<h4 class=\"wp-block-heading\" id=\"industry-specific-attributes-stainless-steel-round-bar\">Atributos espec\u00edficos de la industria: barra redonda de acero inoxidable<\/h4>\n\n\n\n<figure class=\"wp-block-table\"><table><tbody><tr><td>Nombre del producto<\/td><td>barra redonda de acero inoxidable<\/td><\/tr><tr><td>Grado<\/td><td>Serie 300<\/td><\/tr><tr><td>Forma<\/td><td>Redondo<\/td><\/tr><tr><td>Tolerancia<\/td><td>\u00b11%<\/td><\/tr><tr><td>Grado de acero<\/td><td>301L, 301, 304N, 310S, 410, 316L, 316, 314, 304, 304L<\/td><\/tr><tr><td>Acabado superficial<\/td><td>2B<\/td><\/tr><\/tbody><\/table><\/figure>\n\n\n\n<p>Otros atributos<\/p>\n\n\n\n<figure class=\"wp-block-table\"><table><tbody><tr><td>Lugar de origen<\/td><td>Shandong, China<\/td><\/tr><tr><td>Plazo de entrega<\/td><td>15-21 d\u00edas<\/td><\/tr><tr><td>Marca<\/td><td>Kehuan<\/td><\/tr><tr><td>N\u00famero de modelo<\/td><td>Barra redonda de acero inoxidable<\/td><\/tr><tr><td>Tipo<\/td><td>Redondo<\/td><\/tr><tr><td>Aplicaci\u00f3n<\/td><td>industria, maquinaria<\/td><\/tr><tr><td>Uso especial<\/td><td>Aceros para v\u00e1lvulas<\/td><\/tr><tr><td>Servicio de tramitaci\u00f3n<\/td><td>Plegado, soldadura, desenrollado, punzonado, corte<\/td><\/tr><tr><td>Grado<\/td><td>201, 202 , 304 , 304L , 316, 316L, 316Ti, 317 ,etc.<\/td><\/tr><tr><td>Acabado superficial<\/td><td>abrillantador brillante<\/td><\/tr><tr><td>T\u00e9cnica<\/td><td>Laminado en fr\u00edo; Laminado en caliente<\/td><\/tr><tr><td>Longitud<\/td><td>5800mm,6000mm,12000mm<\/td><\/tr><tr><td>Condiciones de pago<\/td><td>30% TT para dep\u00f3sito,70% TT \/70% LC a la vista<\/td><\/tr><tr><td>Aplicaci\u00f3n<\/td><td>industria qu\u00edmica,construcci\u00f3n,nuclear,energ\u00eda,maquinaria,construcci\u00f3n naval<\/td><\/tr><tr><td>Est\u00e1ndar<\/td><td>JIS\/SUS\/GB\/DIN\/ASTM\/AISI\/ES<\/td><\/tr><tr><td>Marca<\/td><td>Kehuan<\/td><\/tr><tr><td>Condiciones de precio<\/td><td>FOB, EXW, CIF, CFR<\/td><\/tr><tr><td>Embalaje<\/td><td>Paquete marinero est\u00e1ndar<\/td><\/tr><\/tbody><\/table><\/figure>\n\n\n\n<p>Aplicaci\u00f3n del producto<\/p>\n\n\n\n<figure class=\"wp-block-table\"><table><tbody><tr><td>Producto<\/td><td>Barra redonda de acero inoxidable<\/td><\/tr><tr><td>Superficie<\/td><td>No.1,Decapado,Negro,Pelado,Brillante,Pulido,Granallado<\/td><\/tr><tr><td>Di\u00e1metro exterior<\/td><td>4mm-350mm, o seg\u00fan se requiera<\/td><\/tr><tr><td>Material<\/td><td>201 202 301 303 303Cu 304 304L 316 316L 310S 316Ti 321 430 904L, etc.<\/td><\/tr><\/tbody><\/table><\/figure>\n\n\n\n<figure class=\"wp-block-table\"><table class=\"has-fixed-layout\"><tbody><tr><td><strong><br><br><\/strong><strong>Grado<\/strong><\/td><td>Serie 300: 304,304L,309,309s,310,310S,316,316L,316Ti,317L,321,347<br>Serie 200: 201,202<br>Serie 400: 409,409L,410,420,430,431,439,440,441,444<br>Otros: 2205,2507,2906,330,660,630,631,17-4ph,17-7ph, S318039 904L,etc.<br>Acero inoxidable d\u00faplex: S22053,S25073,S22253,S31803,S32205,S32304<\/td><\/tr><tr><td><strong>Est\u00e1ndar<\/strong><\/td><td>ASME, ASTM, EN, BS, GB, DIN, JIS, etc.<\/td><\/tr><tr><td><strong>T\u00e9cnica<\/strong><\/td><td>Laminado en fr\u00edo, Laminado en caliente<\/td><\/tr><tr><td><strong>Superficie<\/strong><\/td><td>Recocido y decapado, brillante, pulido, HL, negro<\/td><\/tr><tr><td><strong><br><\/strong><strong><br><\/strong><strong>Talla<\/strong><\/td><td>Varilla redonda: Di\u00e1metro: 3mm~800mm<br>Varilla cuadrada: 5x5mm - 200x200mm<br>Barra plana: 20x2mm - 200x20mm<br>Varilla hexagonal: 8 mm - 200 mm<br>\u00c1ngulo: 20x20x2mm - 200x200x15mm<br>Longitud:4-6m o a medida<\/td><\/tr><tr><td><strong>Embalaje<\/strong><\/td><td>Empaquetado, caja de madera para el paquete est\u00e1ndar de la exportaci\u00f3n<\/td><\/tr><tr><td><strong>Plazo de entrega<\/strong><\/td><td>7-15 d\u00edas,o seg\u00fan la cantidad del pedido o previa negociaci\u00f3n<\/td><\/tr><tr><td><strong>MOQ<\/strong><\/td><td>500 KGS<\/td><\/tr><\/tbody><\/table><\/figure>\n\n\n\n<figure class=\"wp-block-table\"><table class=\"has-fixed-layout\"><tbody><tr><td>Producto<\/td><td colspan=\"4\">Barra\/varilla de acero inoxidable<\/td><\/tr><tr><td>Forma<\/td><td colspan=\"4\">Barras redondas, barras angulares, barras en U, barras cuadradas, barras planas, barras hexagonales y perfiles.<\/td><\/tr><tr><td>Est\u00e1ndar<\/td><td colspan=\"4\">ASTM A240, GB\/T3280-2007, JIS4304-2005, ASTM A167<\/td><\/tr><tr><td><br><br>Grado<\/td><td colspan=\"4\"><strong>Serie 300<\/strong>: 301, 303\/Cu, 304\/L\/H, 304Cu, 305,309\/S, 310\/S, 316\/L\/H\/Ti, 321\/H, 347\/H, 330,<strong>serie 400<\/strong>: 409\/L, 410, 416\/F, 420\/F, 430, 431, 440C, 441, 444, 446,<br><strong>Serie 600<\/strong>: 13-8ph, 15-5ph, 17-4ph, 17-7ph (630, 631), 660A\/B\/C\/D,<br><strong>D\u00faplex<\/strong>: 2205 (UNS S31803\/S32205), 2507 (UNS S32750), UNS S32760, 2304, LDX2101, LDX2404, LDX4404, 904L.<\/td><\/tr><tr><td>Superficie<\/td><td colspan=\"4\">Encurtido, brillante, l\u00ednea del cabello, espejo, pulido, mancha, etc.<\/td><\/tr><tr><td>Acero inoxidable&nbsp;<\/td><td><strong>Barra redonda<\/strong><\/td><td><strong>Barra cuadrada<\/strong><\/td><td><strong>Barra plana<\/strong><\/td><td><strong>Barra hexagonal<\/strong><\/td><\/tr><tr><td>Talla<\/td><td>4-400 mm<\/td><td>10 \u00d7 10 \u00d7 300 \u00d7 300 mm<\/td><td>3*12-30*200 mm<\/td><td>12*12-65*65 mm<\/td><\/tr><tr><td>Tecnolog\u00eda<\/td><td colspan=\"4\">Laminado en caliente, laminado en fr\u00edo, estirado en fr\u00edo, forjado<\/td><\/tr><tr><td>Tolerancia<\/td><td colspan=\"4\">H8, H9 o seg\u00fan sea necesario<\/td><\/tr><tr><td>Paquete<\/td><td colspan=\"4\">Cubierto con una capa de pel\u00edcula pl\u00e1stica y cart\u00f3n, embalado en pal\u00e9s de madera\/embalaje de hierro, atado con cinta de hierro, cargado en los contenedores.<\/td><\/tr><tr><td>Condiciones de precio<\/td><td colspan=\"4\">Ex-Work, FOB, CFR, CIF, FCA, etc.<\/td><\/tr><tr><td>Condiciones de pago<\/td><td colspan=\"4\">TT, L\/C a la vista, Western Union, etc.<\/td><\/tr><tr><td><br><br>Aplicaci\u00f3n<\/td><td colspan=\"4\">1. Intercambiadores de calor y calentadores. 2. Decoraciones, construcciones. 2. Industria petrolera y qu\u00edmica. 3. Industria alimentaria y farmac\u00e9utica. 4. Construcci\u00f3n naval y fabricaci\u00f3n de autom\u00f3viles. 5. Sistemas de transporte por agua.<\/td><\/tr><\/tbody><\/table><\/figure>\n\n\n\n<p>Caracter\u00edsticas<\/p>\n\n\n\n<p>1. Existen diferentes grados de acero inoxidable que se utilizan en diversas industrias. 2. Las barras de acero inoxidable se utilizan por sus propiedades de resistencia y resistencia a la corrosi\u00f3n. Todos los aceros inoxidables contienen cromo. La composici\u00f3n puede variar y el contenido de cromo tambi\u00e9n. Cuanto mayor es el contenido de cromo, mayor es la resistencia a la corrosi\u00f3n. 3. El acero inoxidable es duradero, fuerte y maleable. Es resistente a la oxidaci\u00f3n, la corrosi\u00f3n y el \u00e1cido.<\/p>\n\n\n\n<figure class=\"wp-block-image size-full is-resized\"><img loading=\"lazy\" decoding=\"async\" width=\"750\" height=\"750\" src=\"https:\/\/khsteel.net\/wp-content\/uploads\/2024\/07\/10005-32.jpg\" alt=\"\" class=\"wp-image-737\" style=\"width:349px;height:auto\" title=\"\" srcset=\"https:\/\/khsteel.net\/wp-content\/uploads\/2024\/07\/10005-32.jpg 750w, https:\/\/khsteel.net\/wp-content\/uploads\/2024\/07\/10005-32-300x300.jpg 300w, https:\/\/khsteel.net\/wp-content\/uploads\/2024\/07\/10005-32-150x150.jpg 150w\" sizes=\"auto, (max-width: 750px) 100vw, 750px\" \/><\/figure>\n\n\n\n<p>Las barras redondas brillantes de acero inoxidable se pueden cortar y mecanizar f\u00e1cilmente para fabricar herramientas, y se pueden elegir para crear piezas de maquinaria y componentes automovil\u00edsticos.<\/p>\n\n\n\n<figure class=\"wp-block-image size-large is-resized\"><img loading=\"lazy\" decoding=\"async\" width=\"1024\" height=\"652\" src=\"https:\/\/khsteel.net\/wp-content\/uploads\/2024\/07\/10006-19-1024x652.jpg\" alt=\"\" class=\"wp-image-736\" style=\"width:358px;height:auto\" title=\"\" srcset=\"https:\/\/khsteel.net\/wp-content\/uploads\/2024\/07\/10006-19-1024x652.jpg 1024w, https:\/\/khsteel.net\/wp-content\/uploads\/2024\/07\/10006-19-300x191.jpg 300w, https:\/\/khsteel.net\/wp-content\/uploads\/2024\/07\/10006-19-768x489.jpg 768w, https:\/\/khsteel.net\/wp-content\/uploads\/2024\/07\/10006-19.jpg 1256w\" sizes=\"auto, (max-width: 1024px) 100vw, 1024px\" \/><\/figure>\n\n\n\n\n\n<p><\/p>\n\n\n\n<p><\/p>","protected":false},"featured_media":737,"parent":0,"template":"","meta":{"_acf_changed":true,"_gspb_post_css":"","_kad_blocks_custom_css":"","_kad_blocks_head_custom_js":"","_kad_blocks_body_custom_js":"","_kad_blocks_footer_custom_js":"","_kad_post_transparent":"","_kad_post_title":"","_kad_post_layout":"","_kad_post_sidebar_id":"","_kad_post_content_style":"","_kad_post_vertical_padding":"","_kad_post_feature":"","_kad_post_feature_position":"","_kad_post_header":false,"_kad_post_footer":false,"_kad_post_classname":""},"product-category":[91],"class_list":["post-2844","product","type-product","status-publish","has-post-thumbnail","hentry","product-category-the-stainless-steel-rod"],"acf":[],"taxonomy_info":{"product-category":[{"value":91,"label":"The stainless steel rod"}]},"featured_image_src_large":["https:\/\/khsteel.net\/wp-content\/uploads\/2024\/07\/10005-32.jpg",750,750,false],"author_info":[],"comment_info":"","_links":{"self":[{"href":"https:\/\/khsteel.net\/es\/wp-json\/wp\/v2\/product\/2844","targetHints":{"allow":["GET"]}}],"collection":[{"href":"https:\/\/khsteel.net\/es\/wp-json\/wp\/v2\/product"}],"about":[{"href":"https:\/\/khsteel.net\/es\/wp-json\/wp\/v2\/types\/product"}],"wp:featuredmedia":[{"embeddable":true,"href":"https:\/\/khsteel.net\/es\/wp-json\/wp\/v2\/media\/737"}],"wp:attachment":[{"href":"https:\/\/khsteel.net\/es\/wp-json\/wp\/v2\/media?parent=2844"}],"wp:term":[{"taxonomy":"product-category","embeddable":true,"href":"https:\/\/khsteel.net\/es\/wp-json\/wp\/v2\/product-category?post=2844"}],"curies":[{"name":"wp","href":"https:\/\/api.w.org\/{rel}","templated":true}]}}