{"id":2833,"date":"2025-06-13T09:20:32","date_gmt":"2025-06-13T09:20:32","guid":{"rendered":"https:\/\/khsteel.net\/?post_type=product&#038;p=2833"},"modified":"2025-06-19T09:43:48","modified_gmt":"2025-06-19T09:43:48","slug":"redondos-de-acero-al-carbono","status":"publish","type":"product","link":"https:\/\/khsteel.net\/es\/product\/carbon-steel-round-bars\/","title":{"rendered":"Barras redondas de acero al carbono S45C 4140 laminadas en caliente de primera calidad SS400 S20C Barras redondas"},"content":{"rendered":"<div class=\"wp-block-group is-vertical is-layout-flex wp-container-core-group-is-layout-8cf370e7 wp-block-group-is-layout-flex\">\n<h3 class=\"wp-block-heading\" id=\"carbon-steel-round-bars-applied-rangehttps-khsteel-net-product-hot-rolled-carbon-steel-round-bar-q235-mild-carbon-steel-round-bar\">Gama aplicada de barras redondas de acero al carbono<a href=\"https:\/\/khsteel.net\/es\/producto\/hot-rolled-carbon-steel-round-bar-q235-mild-carbon-steel-round-bar\/\">https:\/\/khsteel.net\/product\/hot-rolled-carbon-steel-round-bar-q235-mild-carbon-steel-round-bar\/<\/a><\/h3>\n\n\n\n<p><strong>Acero para herramientas<br>El acero para herramientas puede clasificarse en funci\u00f3n de su composici\u00f3n qu\u00edmica y su uso, incluyendo principalmente las siguientes categor\u00edas:<\/strong><\/p>\n\n\n\n<p><strong>Acero al carbono para herramientas: Este tipo de acero tiene un alto contenido en carbono, normalmente entre 0,65% y 1,35%. El acero al carbono para herramientas tiene gran dureza y resistencia al desgaste, pero poca dureza al rojo, y es adecuado para herramientas que requieren gran dureza y resistencia al desgaste, como martillos, cinceles, etc.<\/strong>Barra redonda de acero al carbono<\/p>\n\n\n\n<p><strong>Acero aleado para herramientas: Los elementos de aleaci\u00f3n como el cromo, el molibdeno y el tungsteno se a\u00f1aden al acero al carbono para herramientas para mejorar la templabilidad y la dureza. El acero aleado para herramientas es adecuado para herramientas de corte de alta velocidad, moldes y otros campos, con mayor dureza y resistencia al desgaste.<\/strong><\/p>\n\n\n\n<p><strong>Acero r\u00e1pido: Contiene una variedad de elementos de aleaci\u00f3n como tungsteno, molibdeno y cobalto, tiene una dureza y resistencia al desgaste extremadamente altas, y es adecuado para herramientas de corte de alta velocidad y moldes de forja.<\/strong><\/p>\n\n\n\n<p><strong>Acero inoxidable: Tiene una excelente resistencia a la corrosi\u00f3n y es adecuado para moldes, cuchillos, cojinetes y otros campos. Los escenarios de aplicaci\u00f3n espec\u00edficos de los distintos tipos de acero para herramientas incluyen:<\/strong><\/p>\n\n\n\n<p><strong>Acero al carbono para herramientas: Como el T10A, adecuado para herramientas manuales como martillos y cinceles.<br>Acero aleado para herramientas: como el SKD11, muy utilizado en grandes matrices de trabajo en fr\u00edo y diversas matrices de trabajo en fr\u00edo, as\u00ed como en herramientas de corte.<br>Acero para herramientas de alta velocidad: como W18Cr4V, adecuado para herramientas de corte de alta velocidad. Acero inoxidable: como 3Cr13, adecuado para herramientas de corte y fordies.l propiedades, tales como acero inoxidable, acero resistente al calor y acero resistente al desgaste, etc..<\/strong><\/p>\n<\/div>\n\n\n\n<figure class=\"wp-block-image size-full is-resized\"><img loading=\"lazy\" decoding=\"async\" width=\"605\" height=\"719\" src=\"https:\/\/khsteel.net\/wp-content\/uploads\/2025\/06\/1749806188413.png\" alt=\"\" class=\"wp-image-2843\" style=\"width:1500px;height:auto\" title=\"\" srcset=\"https:\/\/khsteel.net\/wp-content\/uploads\/2025\/06\/1749806188413.png 605w, https:\/\/khsteel.net\/wp-content\/uploads\/2025\/06\/1749806188413-252x300.png 252w, https:\/\/khsteel.net\/wp-content\/uploads\/2025\/06\/1749806188413-10x12.png 10w\" sizes=\"auto, (max-width: 605px) 100vw, 605px\" \/><\/figure>\n\n\n\n<h3 class=\"wp-block-heading\" id=\"product-description\">descripci\u00f3n del producto<\/h3>\n\n\n\n<figure class=\"wp-block-table\"><table class=\"has-fixed-layout\"><tbody><tr><td>Nombre del proyecto<\/td><td>Barra redonda de acero al carbono<\/td><\/tr><tr><td>Forma<\/td><td>Redondo, cuadrado, rectangular, etc.<\/td><\/tr><tr><td>Material<\/td><td>Serie Q195-Q420,Serie SS400-SS540,Serie S235JR-S355JR,Serie A36-A992,Serie Gr50,etc.<\/td><\/tr><tr><td>Superficie<\/td><td>Acero dulce acabado liso, galvanizado en caliente, recubierto de color, ect.<\/td><\/tr><tr><td>Tolerancia de tama\u00f1o<\/td><td>\u00b13%<\/td><\/tr><tr><td>M\u00e9todo de tratamiento<\/td><td>Doblado, soldadura, desbobinado, corte, punzonado, pulido o a petici\u00f3n del cliente.<\/td><\/tr><tr><td>Talla<\/td><td>OD de 10 - 400mm, longitud de 1m-12m o seg\u00fan la petici\u00f3n especial del cliente<\/td><\/tr><tr><td>Tecnolog\u00eda<\/td><td>Laminado en caliente, estirado en fr\u00edo, etc.<\/td><\/tr><tr><td>T\u00e9rmino comercial<\/td><td>FOB, CIF, CFR, EXW, etc.<\/td><\/tr><tr><td>Duraci\u00f3n del precio<\/td><td>T\/T,L\/C<\/td><\/tr><tr><td>Plazo de entrega<\/td><td>Lote peque\u00f1o puede ser en 7 d\u00edas, dependiendo de la cantidad<\/td><\/tr><tr><td>Certificado<\/td><td>ISO9001<\/td><\/tr><\/tbody><\/table><\/figure>\n\n\n\n<figure class=\"wp-block-image size-full is-resized\"><img loading=\"lazy\" decoding=\"async\" width=\"673\" height=\"398\" src=\"https:\/\/khsteel.net\/wp-content\/uploads\/2025\/06\/1749805663539-1.png\" alt=\"\" class=\"wp-image-2841\" style=\"width:1500px;height:auto\" title=\"\" srcset=\"https:\/\/khsteel.net\/wp-content\/uploads\/2025\/06\/1749805663539-1.png 673w, https:\/\/khsteel.net\/wp-content\/uploads\/2025\/06\/1749805663539-1-300x177.png 300w, https:\/\/khsteel.net\/wp-content\/uploads\/2025\/06\/1749805663539-1-18x12.png 18w\" sizes=\"auto, (max-width: 673px) 100vw, 673px\" \/><\/figure>\n\n\n\n<figure class=\"wp-block-image size-full is-resized\"><img loading=\"lazy\" decoding=\"async\" width=\"641\" height=\"564\" src=\"https:\/\/khsteel.net\/wp-content\/uploads\/2025\/06\/1749806215708.png\" alt=\"\" class=\"wp-image-2845\" style=\"width:1500px;height:auto\" title=\"\" srcset=\"https:\/\/khsteel.net\/wp-content\/uploads\/2025\/06\/1749806215708.png 641w, https:\/\/khsteel.net\/wp-content\/uploads\/2025\/06\/1749806215708-300x264.png 300w, https:\/\/khsteel.net\/wp-content\/uploads\/2025\/06\/1749806215708-14x12.png 14w\" sizes=\"auto, (max-width: 641px) 100vw, 641px\" \/><\/figure>\n\n\n\n<figure class=\"wp-block-image size-full is-resized\"><img loading=\"lazy\" decoding=\"async\" width=\"750\" height=\"737\" src=\"https:\/\/khsteel.net\/wp-content\/uploads\/2025\/06\/photobank-5.jpg\" alt=\"\" class=\"wp-image-3137\" style=\"width:1500px;height:auto\" title=\"\" srcset=\"https:\/\/khsteel.net\/wp-content\/uploads\/2025\/06\/photobank-5.jpg 750w, https:\/\/khsteel.net\/wp-content\/uploads\/2025\/06\/photobank-5-300x295.jpg 300w, https:\/\/khsteel.net\/wp-content\/uploads\/2025\/06\/photobank-5-12x12.jpg 12w\" sizes=\"auto, (max-width: 750px) 100vw, 750px\" \/><\/figure>\n\n\n\n<p>Shandong Kehuan Petroleum Equipment Co. fue fundada en 2011. Nuestra empresa ha pasado la certificaci\u00f3n de API5L yAPI5CT emitido por el Instituto Americano del Petr\u00f3leo , obtuvo IS09001 nacional, ISO18001, ISO14001 y pas\u00f3 3C nacional productcertification. Somos uno de los mayores fabricantes de tubos de acero al carbono y aleaci\u00f3n de acero sin soldadura en la provincia de Shandong, China, que cumple con las normas nacionales e internacionales. La f\u00e1brica est\u00e1 situada en la provincia de Shandong, China. La f\u00e1brica cuenta con cuatro l\u00edneas avanzadas de laminaci\u00f3n en caliente, ocho l\u00edneas de expansi\u00f3n de tubos y una de las l\u00edneas de tratamiento t\u00e9rmico m\u00e1s avanzadas de China. Principalmente producimos tubos de acero sin soldadura de alta calidad, de gama media y alta, con un di\u00e1metro exterior de 30-1500mm y un espesor de pared de 6-100mm, de acuerdo con las normas ASTM\/API\/DIN. Barra redonda<\/p>\n\n\n\n<p>La capacidad es de 800.000 toneladas. Para garantizar la rapidez de entrega, nuestra empresa tiene una capacidad de almacenamiento de 150.000 toneladas durante todo el a\u00f1o. Nuestros productos son adecuados para diferentes aplicaciones, como la industria del petr\u00f3leo y el gas, la construcci\u00f3n naval, los fertilizantes, las calderas y los intercambiadores de calor, la automoci\u00f3n, los cojinetes y las industrias de ingenier\u00eda en general. Con un rendimiento t\u00e9cnico superior y una rentabilidad fiable, nuestro servicio cubre Europa, Am\u00e9rica, Oriente Medio, Jap\u00f3n, Corea, el Sudeste Asi\u00e1tico y otros pa\u00edses y regiones. Nos adherimos al principio de \"el usuario primero\", \"garant\u00eda de calidad perfecta\" y \"tecnolog\u00eda l\u00edder\", y seguimos ofreciendo a los clientes productos de alta calidad y un servicio posventa profesional y atento.<\/p>\n\n\n\n<h3 class=\"wp-block-heading\" id=\"carbon-steel-round-bar-product-features\">Barra redonda de acero al carbono Caracter\u00edsticas del producto<\/h3>\n\n\n\n<p>1. Tecnolog\u00eda de laminado en caliente, laminado en fr\u00edo o estirado en fr\u00edo.<br>2. Secci\u00f3n transversal hueca con menor peso y mayor presi\u00f3n.<br>3. Alta dureza, resistencia, resistencia al desgaste y anticorrosi\u00f3n.<br>4. El SMLS puede ser roscado, acanalado o ranurado. Y el m\u00e9todo de recubrimiento incluye laca negra\/roja, pintura de barniz, galvanizaci\u00f3n en caliente, etc.<\/p>\n\n\n<nav class=\"is-responsive wp-block-navigation is-layout-flex wp-block-navigation-is-layout-flex\" \n\t\t data-wp-interactive=\"core\/navigation\" data-wp-context='{\"overlayOpenedBy\":{\"click\":false,\"hover\":false,\"focus\":false},\"type\":\"overlay\",\"roleAttribute\":\"\",\"ariaLabel\":\"Men\\u00fa\"}'><button aria-haspopup=\"dialog\" aria-label=\"Abrir el men\u00fa\" class=\"wp-block-navigation__responsive-container-open\" \n\t\t\t\tdata-wp-on--click=\"actions.openMenuOnClick\"\n\t\t\t\tdata-wp-on--keydown=\"actions.handleMenuKeydown\"\n\t\t\t><svg width=\"24\" height=\"24\" xmlns=\"http:\/\/www.w3.org\/2000\/svg\" viewbox=\"0 0 24 24\" aria-hidden=\"true\" focusable=\"false\"><path d=\"M4 7.5h16v1.5H4z\"><\/path><path d=\"M4 15h16v1.5H4z\"><\/path><\/svg><\/button>\n\t\t\t\t<div class=\"wp-block-navigation__responsive-container\"  id=\"modal-1\" \n\t\t\t\tdata-wp-class--has-modal-open=\"state.isMenuOpen\"\n\t\t\t\tdata-wp-class--is-menu-open=\"state.isMenuOpen\"\n\t\t\t\tdata-wp-watch=\"callbacks.initMenu\"\n\t\t\t\tdata-wp-on--keydown=\"actions.handleMenuKeydown\"\n\t\t\t\tdata-wp-on--focusout=\"actions.handleMenuFocusout\"\n\t\t\t\ttabindex=\"-1\"\n\t\t\t>\n\t\t\t\t\t<div class=\"wp-block-navigation__responsive-close\" tabindex=\"-1\">\n\t\t\t\t\t\t<div class=\"wp-block-navigation__responsive-dialog\" \n\t\t\t\tdata-wp-bind--aria-modal=\"state.ariaModal\"\n\t\t\t\tdata-wp-bind--aria-label=\"state.ariaLabel\"\n\t\t\t\tdata-wp-bind--role=\"state.roleAttribute\"\n\t\t\t>\n\t\t\t\t\t\t\t<button aria-label=\"Cerrar el men\u00fa\" class=\"wp-block-navigation__responsive-container-close\" \n\t\t\t\tdata-wp-on--click=\"actions.closeMenuOnClick\"\n\t\t\t><svg xmlns=\"http:\/\/www.w3.org\/2000\/svg\" viewbox=\"0 0 24 24\" width=\"24\" height=\"24\" aria-hidden=\"true\" focusable=\"false\"><path d=\"m13.06 12 6.47-6.47-1.06-1.06L12 10.94 5.53 4.47 4.47 5.53 10.94 12l-6.47 6.47 1.06 1.06L12 13.06l6.47 6.47 1.06-1.06L13.06 12Z\"><\/path><\/svg><\/button>\n\t\t\t\t\t\t\t<div class=\"wp-block-navigation__responsive-container-content\" \n\t\t\t\tdata-wp-watch=\"callbacks.focusFirstElement\"\n\t\t\t id=\"modal-1-content\">\n\t\t\t\t\t\t\t\t<ul class=\"wp-block-navigation__container is-responsive wp-block-navigation\"><li data-wp-context=\"{ &quot;submenuOpenedBy&quot;: { &quot;click&quot;: false, &quot;hover&quot;: false, &quot;focus&quot;: false }, &quot;type&quot;: &quot;submenu&quot;, &quot;modal&quot;: null, &quot;previousFocus&quot;: null }\" data-wp-interactive=\"core\/navigation\" data-wp-on--focusout=\"actions.handleMenuFocusout\" data-wp-on--keydown=\"actions.handleMenuKeydown\" data-wp-on--mouseenter=\"actions.openMenuOnHover\" data-wp-on--mouseleave=\"actions.closeMenuOnHover\" data-wp-watch=\"callbacks.initMenu\" tabindex=\"-1\" class=\"wp-block-navigation-item has-child open-on-hover-click wp-block-navigation-submenu\"><a class=\"wp-block-navigation-item__content\" href=\"https:\/\/khsteel.net\/es\/categoria-de-productos\/tubo\/\"><span class=\"wp-block-navigation-item__label\">TUBO<\/span><\/a><button data-wp-bind--aria-expanded=\"state.isMenuOpen\" data-wp-on--click=\"actions.toggleMenuOnClick\" aria-label=\"Submen\u00fa de PIPE\" class=\"wp-block-navigation__submenu-icon wp-block-navigation-submenu__toggle\" ><svg xmlns=\"http:\/\/www.w3.org\/2000\/svg\" width=\"12\" height=\"12\" viewbox=\"0 0 12 12\" fill=\"none\" aria-hidden=\"true\" focusable=\"false\"><path d=\"M1.50002 4L6.00002 8L10.5 4\" stroke-width=\"1.5\"><\/path><\/svg><\/button><ul data-wp-on--focus=\"actions.openMenuOnFocus\" class=\"wp-block-navigation__submenu-container wp-block-navigation-submenu\"><li class=\"wp-block-navigation-item wp-block-navigation-link\"><a class=\"wp-block-navigation-item__content\"  href=\"https:\/\/khsteel.net\/es\/categoria-de-productos\/tubo\/tubo-cilindrico\/\"><span class=\"wp-block-navigation-item__label\">Tubo cil\u00edndrico<\/span><\/a><\/li><li class=\"wp-block-navigation-item wp-block-navigation-link\"><a class=\"wp-block-navigation-item__content\"  href=\"https:\/\/khsteel.net\/es\/categoria-de-productos\/tubo\/tubo-galvanizado-tubo-rectangular-galvanizado\/\"><span class=\"wp-block-navigation-item__label\">Tubo galvanizado<\/span><\/a><\/li><li class=\"wp-block-navigation-item wp-block-navigation-link\"><a class=\"wp-block-navigation-item__content\"  href=\"https:\/\/khsteel.net\/es\/categoria-de-productos\/tubo\/tubos-irregulares-y-rectangulares\/\"><span class=\"wp-block-navigation-item__label\">Tubos irregulares y rectangulares<\/span><\/a><\/li><li class=\"wp-block-navigation-item wp-block-navigation-link\"><a class=\"wp-block-navigation-item__content\"  href=\"https:\/\/khsteel.net\/es\/categoria-de-productos\/tubo\/tuberia-de-petroleo-2\/\"><span class=\"wp-block-navigation-item__label\">SERIE API<\/span><\/a><\/li><li class=\"wp-block-navigation-item wp-block-navigation-link\"><a class=\"wp-block-navigation-item__content\"  href=\"https:\/\/khsteel.net\/es\/categoria-de-productos\/tubo\/tubo-de-precision\/\"><span class=\"wp-block-navigation-item__label\">Tubo de precisi\u00f3n<\/span><\/a><\/li><li class=\"wp-block-navigation-item wp-block-navigation-link\"><a class=\"wp-block-navigation-item__content\"  href=\"https:\/\/khsteel.net\/es\/categoria-de-productos\/tubo\/tubo-de-aleacion-sin-soldadura\/\"><span class=\"wp-block-navigation-item__label\">Tubos sin soldadura\/de aleaci\u00f3n<\/span><\/a><\/li><li class=\"wp-block-navigation-item wp-block-navigation-link\"><a class=\"wp-block-navigation-item__content\"  href=\"https:\/\/khsteel.net\/es\/categoria-de-productos\/tubo\/tubo-de-acero-inoxidable-tubo-cuadrado-de-acero-inoxidable\/\"><span class=\"wp-block-navigation-item__label\">Tubo de acero inoxidable<\/span><\/a><\/li><li class=\"wp-block-navigation-item wp-block-navigation-link\"><a class=\"wp-block-navigation-item__content\"  href=\"https:\/\/khsteel.net\/es\/categoria-de-productos\/tubo\/tubo-soldado-tubo-soldado-en-espiral\/\"><span class=\"wp-block-navigation-item__label\">Tubo soldado<\/span><\/a><\/li><\/ul><\/li><li data-wp-context=\"{ &quot;submenuOpenedBy&quot;: { &quot;click&quot;: false, &quot;hover&quot;: false, &quot;focus&quot;: false }, &quot;type&quot;: &quot;submenu&quot;, &quot;modal&quot;: null, &quot;previousFocus&quot;: null }\" data-wp-interactive=\"core\/navigation\" data-wp-on--focusout=\"actions.handleMenuFocusout\" data-wp-on--keydown=\"actions.handleMenuKeydown\" data-wp-on--mouseenter=\"actions.openMenuOnHover\" data-wp-on--mouseleave=\"actions.closeMenuOnHover\" data-wp-watch=\"callbacks.initMenu\" tabindex=\"-1\" class=\"wp-block-navigation-item has-child open-on-hover-click wp-block-navigation-submenu\"><a class=\"wp-block-navigation-item__content\" href=\"https:\/\/khsteel.net\/es\/categoria-de-productos\/bobina\/\"><span class=\"wp-block-navigation-item__label\">BOBINA<\/span><\/a><button data-wp-bind--aria-expanded=\"state.isMenuOpen\" data-wp-on--click=\"actions.toggleMenuOnClick\" aria-label=\"Submen\u00fa de COIL\" class=\"wp-block-navigation__submenu-icon wp-block-navigation-submenu__toggle\" ><svg xmlns=\"http:\/\/www.w3.org\/2000\/svg\" width=\"12\" height=\"12\" viewbox=\"0 0 12 12\" fill=\"none\" aria-hidden=\"true\" focusable=\"false\"><path d=\"M1.50002 4L6.00002 8L10.5 4\" stroke-width=\"1.5\"><\/path><\/svg><\/button><ul data-wp-on--focus=\"actions.openMenuOnFocus\" class=\"wp-block-navigation__submenu-container wp-block-navigation-submenu\"><li class=\"wp-block-navigation-item wp-block-navigation-link\"><a class=\"wp-block-navigation-item__content\"  href=\"https:\/\/khsteel.net\/es\/categoria-de-productos\/bobina\/acero-laminado-en-frio\/\"><span class=\"wp-block-navigation-item__label\">Acero laminado en fr\u00edo<\/span><\/a><\/li><li class=\"wp-block-navigation-item wp-block-navigation-link\"><a class=\"wp-block-navigation-item__content\"  href=\"https:\/\/khsteel.net\/es\/categoria-de-productos\/bobina\/rollo-recubierto-de-color\/\"><span class=\"wp-block-navigation-item__label\">Rollo recubierto de color<\/span><\/a><\/li><li class=\"wp-block-navigation-item wp-block-navigation-link\"><a class=\"wp-block-navigation-item__content\"  href=\"https:\/\/khsteel.net\/es\/categoria-de-productos\/bobina\/bobina-galvanizada\/\"><span class=\"wp-block-navigation-item__label\">Bobina galvanizada<\/span><\/a><\/li><li class=\"wp-block-navigation-item wp-block-navigation-link\"><a class=\"wp-block-navigation-item__content\"  href=\"https:\/\/khsteel.net\/es\/categoria-de-productos\/bobina\/bobina-de-acero-laminado-en-caliente-bobina-estampada\/\"><span class=\"wp-block-navigation-item__label\">Bobina de acero laminada en caliente<\/span><\/a><\/li><li class=\"wp-block-navigation-item wp-block-navigation-link\"><a class=\"wp-block-navigation-item__content\"  href=\"https:\/\/khsteel.net\/es\/categoria-de-productos\/bobina\/bobina-de-acero-inoxidable\/\"><span class=\"wp-block-navigation-item__label\">Bobina de acero inoxidable<\/span><\/a><\/li><\/ul><\/li><li data-wp-context=\"{ &quot;submenuOpenedBy&quot;: { &quot;click&quot;: false, &quot;hover&quot;: false, &quot;focus&quot;: false }, &quot;type&quot;: &quot;submenu&quot;, &quot;modal&quot;: null, &quot;previousFocus&quot;: null }\" data-wp-interactive=\"core\/navigation\" data-wp-on--focusout=\"actions.handleMenuFocusout\" data-wp-on--keydown=\"actions.handleMenuKeydown\" data-wp-on--mouseenter=\"actions.openMenuOnHover\" data-wp-on--mouseleave=\"actions.closeMenuOnHover\" data-wp-watch=\"callbacks.initMenu\" tabindex=\"-1\" class=\"wp-block-navigation-item has-child open-on-hover-click wp-block-navigation-submenu\"><a class=\"wp-block-navigation-item__content\" href=\"https:\/\/khsteel.net\/es\/categoria-de-productos\/placa\/\"><span class=\"wp-block-navigation-item__label\">PLACA<\/span><\/a><button data-wp-bind--aria-expanded=\"state.isMenuOpen\" data-wp-on--click=\"actions.toggleMenuOnClick\" aria-label=\"Submen\u00fa de PLATE\" class=\"wp-block-navigation__submenu-icon wp-block-navigation-submenu__toggle\" ><svg xmlns=\"http:\/\/www.w3.org\/2000\/svg\" width=\"12\" height=\"12\" viewbox=\"0 0 12 12\" fill=\"none\" aria-hidden=\"true\" focusable=\"false\"><path d=\"M1.50002 4L6.00002 8L10.5 4\" stroke-width=\"1.5\"><\/path><\/svg><\/button><ul data-wp-on--focus=\"actions.openMenuOnFocus\" class=\"wp-block-navigation__submenu-container wp-block-navigation-submenu\"><li class=\"wp-block-navigation-item wp-block-navigation-link\"><a class=\"wp-block-navigation-item__content\"  href=\"https:\/\/khsteel.net\/es\/categoria-de-productos\/placa\/chapa-laminada-en-frio-chapa-estampada\/\"><span class=\"wp-block-navigation-item__label\">Chapa laminada en fr\u00edo<\/span><\/a><\/li><li class=\"wp-block-navigation-item wp-block-navigation-link\"><a class=\"wp-block-navigation-item__content\"  href=\"https:\/\/khsteel.net\/es\/categoria-de-productos\/placa\/placa-de-revestimiento-de-color\/\"><span class=\"wp-block-navigation-item__label\">Placa de revestimiento de color<\/span><\/a><\/li><li class=\"wp-block-navigation-item wp-block-navigation-link\"><a class=\"wp-block-navigation-item__content\"  href=\"https:\/\/khsteel.net\/es\/categoria-de-productos\/placa\/chapa-galvanizada\/\"><span class=\"wp-block-navigation-item__label\">Chapa galvanizada<\/span><\/a><\/li><li class=\"wp-block-navigation-item wp-block-navigation-link\"><a class=\"wp-block-navigation-item__content\"  href=\"https:\/\/khsteel.net\/es\/categoria-de-productos\/placa\/chapa-de-acero-laminada-en-caliente-chapa-estampada\/\"><span class=\"wp-block-navigation-item__label\">Chapa de acero laminada en caliente<\/span><\/a><\/li><li class=\"wp-block-navigation-item wp-block-navigation-link\"><a class=\"wp-block-navigation-item__content\"  href=\"https:\/\/khsteel.net\/es\/categoria-de-productos\/placa\/chapa-de-acero-inoxidable-chapa-estampada\/\"><span class=\"wp-block-navigation-item__label\">Chapa de acero inoxidable \/ chapa estampada<\/span><\/a><\/li><\/ul><\/li><li data-wp-context=\"{ &quot;submenuOpenedBy&quot;: { &quot;click&quot;: false, &quot;hover&quot;: false, &quot;focus&quot;: false }, &quot;type&quot;: &quot;submenu&quot;, &quot;modal&quot;: null, &quot;previousFocus&quot;: null }\" data-wp-interactive=\"core\/navigation\" data-wp-on--focusout=\"actions.handleMenuFocusout\" data-wp-on--keydown=\"actions.handleMenuKeydown\" data-wp-on--mouseenter=\"actions.openMenuOnHover\" data-wp-on--mouseleave=\"actions.closeMenuOnHover\" data-wp-watch=\"callbacks.initMenu\" tabindex=\"-1\" class=\"wp-block-navigation-item has-child open-on-hover-click wp-block-navigation-submenu\"><a class=\"wp-block-navigation-item__content\" href=\"https:\/\/khsteel.net\/es\/categoria-de-productos\/material-secton\/\"><span class=\"wp-block-navigation-item__label\">MATERIAL SECTON<\/span><\/a><button data-wp-bind--aria-expanded=\"state.isMenuOpen\" data-wp-on--click=\"actions.toggleMenuOnClick\" aria-label=\"Submen\u00fa de SECTON MATERIAL\" class=\"wp-block-navigation__submenu-icon wp-block-navigation-submenu__toggle\" ><svg xmlns=\"http:\/\/www.w3.org\/2000\/svg\" width=\"12\" height=\"12\" viewbox=\"0 0 12 12\" fill=\"none\" aria-hidden=\"true\" focusable=\"false\"><path d=\"M1.50002 4L6.00002 8L10.5 4\" stroke-width=\"1.5\"><\/path><\/svg><\/button><ul data-wp-on--focus=\"actions.openMenuOnFocus\" class=\"wp-block-navigation__submenu-container wp-block-navigation-submenu\"><li class=\"wp-block-navigation-item wp-block-navigation-link\"><a class=\"wp-block-navigation-item__content\"  href=\"https:\/\/khsteel.net\/es\/categoria-de-productos\/material-secton\/angulo-de-acero\/\"><span class=\"wp-block-navigation-item__label\">\u00c1ngulo de acero<\/span><\/a><\/li><li class=\"wp-block-navigation-item wp-block-navigation-link\"><a class=\"wp-block-navigation-item__content\"  href=\"https:\/\/khsteel.net\/es\/categoria-de-productos\/material-secton\/canal-de-acero\/\"><span class=\"wp-block-navigation-item__label\">Canal de acero<\/span><\/a><\/li><li class=\"wp-block-navigation-item wp-block-navigation-link\"><a class=\"wp-block-navigation-item__content\"  href=\"https:\/\/khsteel.net\/es\/categoria-de-productos\/material-secton\/rayo-h\/\"><span class=\"wp-block-navigation-item__label\">viga en h<\/span><\/a><\/li><li class=\"wp-block-navigation-item wp-block-navigation-link\"><a class=\"wp-block-navigation-item__content\"  href=\"https:\/\/khsteel.net\/es\/categoria-de-productos\/material-secton\/i-haz\/\"><span class=\"wp-block-navigation-item__label\">Viga en I<\/span><\/a><\/li><li class=\"wp-block-navigation-item wp-block-navigation-link\"><a class=\"wp-block-navigation-item__content\"  href=\"https:\/\/khsteel.net\/es\/categoria-de-productos\/material-secton\/acero-redondo\/\"><span class=\"wp-block-navigation-item__label\">Acero redondo<\/span><\/a><\/li><li class=\"wp-block-navigation-item wp-block-navigation-link\"><a class=\"wp-block-navigation-item__content\"  href=\"https:\/\/khsteel.net\/es\/categoria-de-productos\/material-secton\/la-varilla-de-acero-inoxidable\/\"><span class=\"wp-block-navigation-item__label\">La varilla de acero inoxidable<\/span><\/a><\/li><\/ul><\/li><li class=\"wp-block-navigation-item wp-block-navigation-link\"><a class=\"wp-block-navigation-item__content\"  href=\"https:\/\/khsteel.net\/es\/categoria-de-productos\/productos-acabados\/\"><span class=\"wp-block-navigation-item__label\">Productos acabados<\/span><\/a><\/li><\/ul>\n\t\t\t\t\t\t\t<\/div>\n\t\t\t\t\t\t<\/div>\n\t\t\t\t\t<\/div>\n\t\t\t\t<\/div><\/nav>\n\n\n<div class=\"wp-block-group alignfull\"><div class=\"wp-block-group__inner-container is-layout-constrained wp-block-group-is-layout-constrained\"><\/div><\/div>\n\n\n\n<p><\/p>","protected":false},"featured_media":2787,"parent":0,"template":"","meta":{"_acf_changed":true,"_gspb_post_css":"","_kad_blocks_custom_css":"","_kad_blocks_head_custom_js":"","_kad_blocks_body_custom_js":"","_kad_blocks_footer_custom_js":"","_kad_post_transparent":"","_kad_post_title":"","_kad_post_layout":"","_kad_post_sidebar_id":"","_kad_post_content_style":"","_kad_post_vertical_padding":"","_kad_post_feature":"","_kad_post_feature_position":"","_kad_post_header":false,"_kad_post_footer":false,"_kad_post_classname":""},"product-category":[],"class_list":["post-2833","product","type-product","status-publish","has-post-thumbnail","hentry"],"acf":[],"taxonomy_info":[],"featured_image_src_large":["https:\/\/khsteel.net\/wp-content\/uploads\/2025\/06\/IMG_5273-1024x683.jpg",1024,683,true],"author_info":[],"comment_info":"","_links":{"self":[{"href":"https:\/\/khsteel.net\/es\/wp-json\/wp\/v2\/product\/2833","targetHints":{"allow":["GET"]}}],"collection":[{"href":"https:\/\/khsteel.net\/es\/wp-json\/wp\/v2\/product"}],"about":[{"href":"https:\/\/khsteel.net\/es\/wp-json\/wp\/v2\/types\/product"}],"wp:featuredmedia":[{"embeddable":true,"href":"https:\/\/khsteel.net\/es\/wp-json\/wp\/v2\/media\/2787"}],"wp:attachment":[{"href":"https:\/\/khsteel.net\/es\/wp-json\/wp\/v2\/media?parent=2833"}],"wp:term":[{"taxonomy":"product-category","embeddable":true,"href":"https:\/\/khsteel.net\/es\/wp-json\/wp\/v2\/product-category?post=2833"}],"curies":[{"name":"wp","href":"https:\/\/api.w.org\/{rel}","templated":true}]}}