{"id":2811,"date":"2025-06-13T09:10:28","date_gmt":"2025-06-13T09:10:28","guid":{"rendered":"https:\/\/khsteel.net\/?post_type=product&#038;p=2811"},"modified":"2025-06-13T09:10:28","modified_gmt":"2025-06-13T09:10:28","slug":"301l-301-304n-310s-410-316l-316-314-304-304l","status":"publish","type":"product","link":"https:\/\/khsteel.net\/es\/product\/301l-301-304n-310s-410-316l-316-314-304-304l\/","title":{"rendered":"Barras redondas de acero inoxidable 316 y 304, pulidas a espejo, resistentes a la corrosi\u00f3n, ASTM 310, 304L, 316L barras brillantes y de corte"},"content":{"rendered":"<h3 class=\"wp-block-heading\" id=\"key-attributes-astm-310-304l-316l-bright-bars-and-cutting\">Atributos clave ASTM 310, 304L, 316L barras brillantes y de corte<\/h3>\n\n\n\n<h4 class=\"wp-block-heading\" id=\"industry-specific-attributes\">Atributos espec\u00edficos del sector<\/h4>\n\n\n\n<figure class=\"wp-block-table\"><table><tbody><tr><td>Est\u00e1ndar<\/td><td>ASTM \/ JIS \/EN\/DIN\/GB<\/td><\/tr><tr><td>Grado<\/td><td>Serie 300<\/td><\/tr><tr><td>Forma<\/td><td>Redondo<\/td><\/tr><tr><td>Tolerancia<\/td><td>\u00b11%<\/td><\/tr><tr><td>Grado de acero<\/td><td>301L, 301, 304N, 310S, 410, 316L, 316, 314, 304, 304L<\/td><\/tr><tr><td>Acabado superficial<\/td><td>2B<\/td><\/tr><\/tbody><\/table><\/figure>\n\n\n\n<p>Otros atributos<\/p>\n\n\n\n<figure class=\"wp-block-table\"><table><tbody><tr><td>Lugar de origen<\/td><td>Shandong, China<\/td><\/tr><tr><td>Plazo de entrega<\/td><td>15-21 d\u00edas<\/td><\/tr><tr><td>Marca<\/td><td>Kehuan<\/td><\/tr><tr><td>N\u00famero de modelo<\/td><td>Barra redonda de acero inoxidable<\/td><\/tr><tr><td>Tipo<\/td><td>Redondo<\/td><\/tr><tr><td>Aplicaci\u00f3n<\/td><td>industria, maquinaria<\/td><\/tr><tr><td>Uso especial<\/td><td>Aceros para v\u00e1lvulas<\/td><\/tr><tr><td>Servicio de tramitaci\u00f3n<\/td><td>Plegado, soldadura, desenrollado, punzonado, corte<\/td><\/tr><tr><td>Grado<\/td><td>201, 202 , 304 , 304L , 316, 316L, 316Ti, 317 ,etc.<\/td><\/tr><tr><td>Acabado superficial<\/td><td>abrillantador brillante<\/td><\/tr><tr><td>T\u00e9cnica<\/td><td>Laminado en fr\u00edo; Laminado en caliente<\/td><\/tr><tr><td>Longitud<\/td><td>5800mm,6000mm,12000mm<\/td><\/tr><tr><td>Condiciones de pago<\/td><td>30% TT para dep\u00f3sito,70% TT \/70% LC a la vista<\/td><\/tr><tr><td>Aplicaci\u00f3n<\/td><td>industria qu\u00edmica,construcci\u00f3n,nuclear,energ\u00eda,maquinaria,construcci\u00f3n naval<\/td><\/tr><tr><td>Est\u00e1ndar<\/td><td>JIS\/SUS\/GB\/DIN\/ASTM\/AISI\/ES<\/td><\/tr><tr><td>Marca<\/td><td>Kehuan<\/td><\/tr><tr><td>Condiciones de precio<\/td><td>FOB, EXW, CIF, CFR<\/td><\/tr><tr><td>Embalaje<\/td><td>Paquete marinero est\u00e1ndar<\/td><\/tr><\/tbody><\/table><\/figure>\n\n\n\n<p>Aplicaci\u00f3n del producto<\/p>\n\n\n\n<figure class=\"wp-block-table\"><table><tbody><tr><td>Producto<\/td><td>Barra redonda de acero inoxidable<\/td><\/tr><tr><td>Superficie<\/td><td>No.1,Decapado,Negro,Pelado,Brillante,Pulido,Granallado<\/td><\/tr><tr><td>Di\u00e1metro exterior<\/td><td>4mm-350mm, o seg\u00fan se requiera<\/td><\/tr><tr><td>Material<\/td><td>201 202 301 303 303Cu 304 304L 316 316L 310S 316Ti 321 430 904L, etc.<\/td><\/tr><\/tbody><\/table><\/figure>\n\n\n\n<figure class=\"wp-block-table\"><table class=\"has-fixed-layout\"><tbody><tr><td><strong><br><br><\/strong>Grado<\/td><td>Serie 300: 304,304L,309,309s,310,310S,316,316L,316Ti,317L,321,347<br>Serie 200: 201,202<br>Serie 400: 409,409L,410,420,430,431,439,440,441,444<br>Otros: 2205,2507,2906,330,660,630,631,17-4ph,17-7ph, S318039 904L,etc.<br>Acero inoxidable d\u00faplex: S22053,S25073,S22253,S31803,S32205,S32304<\/td><\/tr><tr><td>Est\u00e1ndar<\/td><td>ASME, ASTM, EN, BS, GB, DIN, JIS, etc.<\/td><\/tr><tr><td>T\u00e9cnica<\/td><td>Laminado en fr\u00edo, Laminado en caliente<\/td><\/tr><tr><td>Superficie<\/td><td>Recocido y decapado, brillante, pulido, HL, negro<\/td><\/tr><tr><td><strong><br><br><\/strong>Talla<\/td><td>Varilla redonda: Di\u00e1metro: 3mm~800mm<br>Varilla cuadrada: 5x5mm - 200x200mm<br>Barra plana: 20x2mm - 200x20mm<br>Varilla hexagonal: 8 mm - 200 mm<br>\u00c1ngulo: 20x20x2mm - 200x200x15mm<br>Longitud:4-6m o a medida<\/td><\/tr><tr><td>Embalaje<\/td><td>Empaquetado, caja de madera para el paquete est\u00e1ndar de la exportaci\u00f3n<\/td><\/tr><tr><td>Plazo de entrega<\/td><td>7-15 d\u00edas,o seg\u00fan la cantidad del pedido o previa negociaci\u00f3n<\/td><\/tr><tr><td>MOQ<\/td><td>500 KGS<\/td><\/tr><\/tbody><\/table><\/figure>\n\n\n\n<p><\/p>","protected":false},"featured_media":0,"parent":0,"template":"","meta":{"_acf_changed":true,"_gspb_post_css":"","_kad_blocks_custom_css":"","_kad_blocks_head_custom_js":"","_kad_blocks_body_custom_js":"","_kad_blocks_footer_custom_js":"","_kad_post_transparent":"","_kad_post_title":"","_kad_post_layout":"","_kad_post_sidebar_id":"","_kad_post_content_style":"","_kad_post_vertical_padding":"","_kad_post_feature":"","_kad_post_feature_position":"","_kad_post_header":false,"_kad_post_footer":false,"_kad_post_classname":""},"product-category":[],"class_list":["post-2811","product","type-product","status-publish","hentry"],"acf":[],"taxonomy_info":[],"featured_image_src_large":false,"author_info":[],"comment_info":"","_links":{"self":[{"href":"https:\/\/khsteel.net\/es\/wp-json\/wp\/v2\/product\/2811","targetHints":{"allow":["GET"]}}],"collection":[{"href":"https:\/\/khsteel.net\/es\/wp-json\/wp\/v2\/product"}],"about":[{"href":"https:\/\/khsteel.net\/es\/wp-json\/wp\/v2\/types\/product"}],"wp:attachment":[{"href":"https:\/\/khsteel.net\/es\/wp-json\/wp\/v2\/media?parent=2811"}],"wp:term":[{"taxonomy":"product-category","embeddable":true,"href":"https:\/\/khsteel.net\/es\/wp-json\/wp\/v2\/product-category?post=2811"}],"curies":[{"name":"wp","href":"https:\/\/api.w.org\/{rel}","templated":true}]}}