{"id":2585,"date":"2025-06-13T06:15:25","date_gmt":"2025-06-13T06:15:25","guid":{"rendered":"https:\/\/khsteel.net\/?post_type=product&#038;p=2585"},"modified":"2025-06-14T06:20:21","modified_gmt":"2025-06-14T06:20:21","slug":"tuberia","status":"publish","type":"product","link":"https:\/\/khsteel.net\/es\/product\/line-pipe\/","title":{"rendered":"Tuber\u00eda de acero sin soldadura de carbono ASTM\/ASME de alta calidad para la industria petrolera y qu\u00edmica. Tuber\u00eda y tuber\u00edas de conducci\u00f3n con certificaci\u00f3n API."},"content":{"rendered":"<p><strong>Introducci\u00f3n<\/strong><\/p>\n\n\n\n<p>Tubos para oleoductos: Se utilizan para transportar petr\u00f3leo, gas o agua extra\u00eddos del subsuelo a las empresas industriales de petr\u00f3leo y gas natural a trav\u00e9s de tubos de oleoducto. <\/p>\n\n\n\n<p>Los tubos para tuber\u00edas son de dos tipos: sin soldadura y soldados. Sus extremos de tuber\u00eda pueden ser extremos planos, extremos roscados y extremos de enchufe. Sus m\u00e9todos de conexi\u00f3n incluyen la soldadura de los extremos, la conexi\u00f3n por abrazadera y la conexi\u00f3n por enchufe,<\/p>\n\n\n\n<p><strong>Visi\u00f3n general de los tubos de conducci\u00f3n<\/strong><\/p>\n\n\n\n<p>Aplicaci\u00f3n: Se utiliza para el transporte de gas, agua y petr\u00f3leo en las industrias del petr\u00f3leo y el gas natural.<\/p>\n\n\n\n<p>Prop\u00f3sito:<br>Tuber\u00edas de transporte de ox\u00edgeno, agua y aceite utilizadas en las industrias del petr\u00f3leo y el gas natural<br>API SPEC 5L-2011 (Pipeline Tube Specification), recopilada y publicada por el Instituto Americano del Petr\u00f3leo, es aplicable en todo el mundo. Los principales materiales de este tubo son L245, L290, L360, L415, L480, GR.B, X42, X46, X56, X65, X70, X80, X100 y otros grados de acero.<\/p>\n\n\n\n<p><strong>Nuestro certificado<\/strong><\/p>\n\n\n\n<figure class=\"wp-block-image size-full is-resized\"><img loading=\"lazy\" decoding=\"async\" width=\"883\" height=\"692\" src=\"https:\/\/khsteel.net\/wp-content\/uploads\/2025\/06\/\u5fae\u4fe1\u622a\u56fe_20250613140846.jpg\" alt=\"\" class=\"wp-image-2640\" style=\"width:464px;height:auto\" title=\"\" srcset=\"https:\/\/khsteel.net\/wp-content\/uploads\/2025\/06\/\u5fae\u4fe1\u622a\u56fe_20250613140846.jpg 883w, https:\/\/khsteel.net\/wp-content\/uploads\/2025\/06\/\u5fae\u4fe1\u622a\u56fe_20250613140846-300x235.jpg 300w, https:\/\/khsteel.net\/wp-content\/uploads\/2025\/06\/\u5fae\u4fe1\u622a\u56fe_20250613140846-768x602.jpg 768w, https:\/\/khsteel.net\/wp-content\/uploads\/2025\/06\/\u5fae\u4fe1\u622a\u56fe_20250613140846-15x12.jpg 15w\" sizes=\"auto, (max-width: 883px) 100vw, 883px\" \/><\/figure>\n\n\n\n<figure class=\"wp-block-image size-full is-resized\"><img loading=\"lazy\" decoding=\"async\" width=\"878\" height=\"690\" src=\"https:\/\/khsteel.net\/wp-content\/uploads\/2025\/06\/\u5fae\u4fe1\u622a\u56fe_20250613140920.jpg\" alt=\"\" class=\"wp-image-2643\" style=\"width:461px;height:auto\" title=\"\" srcset=\"https:\/\/khsteel.net\/wp-content\/uploads\/2025\/06\/\u5fae\u4fe1\u622a\u56fe_20250613140920.jpg 878w, https:\/\/khsteel.net\/wp-content\/uploads\/2025\/06\/\u5fae\u4fe1\u622a\u56fe_20250613140920-300x236.jpg 300w, https:\/\/khsteel.net\/wp-content\/uploads\/2025\/06\/\u5fae\u4fe1\u622a\u56fe_20250613140920-768x604.jpg 768w, https:\/\/khsteel.net\/wp-content\/uploads\/2025\/06\/\u5fae\u4fe1\u622a\u56fe_20250613140920-15x12.jpg 15w\" sizes=\"auto, (max-width: 878px) 100vw, 878px\" \/><\/figure>\n\n\n\n<p><strong>Productos<\/strong><\/p>\n\n\n\n<p>La tuber\u00eda de X42<\/p>\n\n\n\n<p>La tuber\u00eda de conducci\u00f3n X42 es un tipo de tuber\u00eda de conducci\u00f3n con un grado de acero X42. Los tubos de tuber\u00eda se utilizan para transportar petr\u00f3leo, gas y agua extra\u00eddos del suelo a las empresas industriales de petr\u00f3leo y gas natural a trav\u00e9s de tuber\u00edas de conducci\u00f3n.<\/p>\n\n\n\n<figure class=\"wp-block-image size-large is-resized\"><img loading=\"lazy\" decoding=\"async\" width=\"1024\" height=\"1024\" src=\"https:\/\/khsteel.net\/wp-content\/uploads\/2025\/06\/845131a495a8015a649ec0e63c0e912-2-1024x1024.jpg\" alt=\"\" class=\"wp-image-2895\" style=\"width:979px;height:auto\" title=\"\" srcset=\"https:\/\/khsteel.net\/wp-content\/uploads\/2025\/06\/845131a495a8015a649ec0e63c0e912-2-1024x1024.jpg 1024w, https:\/\/khsteel.net\/wp-content\/uploads\/2025\/06\/845131a495a8015a649ec0e63c0e912-2-300x300.jpg 300w, https:\/\/khsteel.net\/wp-content\/uploads\/2025\/06\/845131a495a8015a649ec0e63c0e912-2-150x150.jpg 150w, https:\/\/khsteel.net\/wp-content\/uploads\/2025\/06\/845131a495a8015a649ec0e63c0e912-2-768x768.jpg 768w, https:\/\/khsteel.net\/wp-content\/uploads\/2025\/06\/845131a495a8015a649ec0e63c0e912-2-1536x1536.jpg 1536w, https:\/\/khsteel.net\/wp-content\/uploads\/2025\/06\/845131a495a8015a649ec0e63c0e912-2-2048x2048.jpg 2048w, https:\/\/khsteel.net\/wp-content\/uploads\/2025\/06\/845131a495a8015a649ec0e63c0e912-2-12x12.jpg 12w\" sizes=\"auto, (max-width: 1024px) 100vw, 1024px\" \/><figcaption class=\"wp-element-caption\">oplus_288<\/figcaption><\/figure>\n\n\n\n<h3 class=\"wp-block-heading\" id=\"key-attributes\">Atributos clave<\/h3>\n\n\n\n<h4 class=\"wp-block-heading\" id=\"industry-specific-attributes\">Atributos espec\u00edficos del sector<\/h4>\n\n\n\n<figure class=\"wp-block-table\"><table class=\"has-fixed-layout\"><tbody><tr><td>Secci\u00f3n Forma<\/td><td>Redondo<\/td><\/tr><tr><td>Tratamiento de superficies<\/td><td>Laminado en caliente<\/td><\/tr><tr><td>Tolerancia<\/td><td>\u00b110%<\/td><\/tr><tr><td>Engrasado o no engrasado<\/td><td>Sin aceite<\/td><\/tr><tr><td>Facturaci\u00f3n<\/td><td>por peso te\u00f3rico<\/td><\/tr><\/tbody><\/table><\/figure>\n\n\n\n<p>Otros atributos<\/p>\n\n\n\n<figure class=\"wp-block-table\"><table class=\"has-fixed-layout\"><tbody><tr><td>Lugar de origen<\/td><td>Shandong, China<\/td><\/tr><tr><td>Aleaci\u00f3n o no<\/td><td>Sin aleaci\u00f3n<\/td><\/tr><tr><td>Est\u00e1ndar<\/td><td>JIS<\/td><\/tr><tr><td>Grado<\/td><td>Q195\/Q235\/Q345<\/td><\/tr><tr><td>Plazo de entrega<\/td><td>15-21 d\u00edas<\/td><\/tr><tr><td>Marca<\/td><td>Kehuan<\/td><\/tr><tr><td>Aplicaci\u00f3n<\/td><td>Tubos para fluidos, tubos para calderas, tubos para perforaci\u00f3n, tubos hidr\u00e1ulicos, tubos para gas, tubos para petr\u00f3leo, tubos para fertilizantes qu\u00edmicos, tubos para estructuras<\/td><\/tr><tr><td>Tuber\u00eda especial<\/td><td>Otros, Tubos de pared gruesa<\/td><\/tr><tr><td>Longitud<\/td><td>6m<\/td><\/tr><tr><td>Certificado<\/td><td>API, CE, Bsi, JIS, ISO9001<\/td><\/tr><tr><td>Servicio de tramitaci\u00f3n<\/td><td>Soldadura, punzonado, corte, plegado, desbobinado<\/td><\/tr><tr><td>Nombre del producto<\/td><td>tubo de caldera<\/td><\/tr><tr><td>Tipo<\/td><td>Tubo redondo de acero sin soldadura<\/td><\/tr><tr><td>Superficie<\/td><td>Requisitos de los clientes<\/td><\/tr><tr><td>Utilizaci\u00f3n<\/td><td>Fluido utilizado<\/td><\/tr><tr><td>Material<\/td><td>10#.20# 45# 16Mn<\/td><\/tr><tr><td>MOQ<\/td><td>1 tonelada<\/td><\/tr><tr><td>Tecnolog\u00eda<\/td><td>Sin soldadura Laminado en caliente<\/td><\/tr><tr><td>Muestra<\/td><td>Disponible en<\/td><\/tr><tr><td>Espesor de pared<\/td><td>6mm-70mm<\/td><\/tr><tr><td>Pago<\/td><td>TT DP LC<\/td><\/tr><\/tbody><\/table><\/figure>\n\n\n\n<p>Especificaci\u00f3n<\/p>\n\n\n\n<figure class=\"wp-block-table\"><table class=\"has-fixed-layout\"><tbody><tr><td>Nombre del producto<\/td><td>Tubos de acero sin soldadura para calderas<\/td><\/tr><tr><td>Est\u00e1ndar<\/td><td>ASTM, GB, API,JIS,E<\/td><\/tr><tr><td>Longitud<\/td><td>Seg\u00fan sus necesidades<\/td><\/tr><tr><td>Material<\/td><td>10#, 20#, A53(A,B), A106(B,C), A179-C, ST37, ST42, ST35.8, St42-2, St45-8, 10#-45#, A53-A369, ST35-ST52,AISI 1020\/1045\/1050 ,C75 ,S45C ,65MN , etc.<\/td><\/tr><tr><td>Superficie<\/td><td>Galvanizado, aceite, brillante, negro<\/td><\/tr><tr><td>Detalles del embalaje<\/td><td>En paquetes, a granel en contenedores o seg\u00fan su demanda.<\/td><\/tr><\/tbody><\/table><\/figure>\n\n\n\n<p><\/p>","protected":false},"featured_media":0,"parent":0,"template":"","meta":{"_acf_changed":false,"_gspb_post_css":"","_kad_blocks_custom_css":"","_kad_blocks_head_custom_js":"","_kad_blocks_body_custom_js":"","_kad_blocks_footer_custom_js":"","_kad_post_transparent":"","_kad_post_title":"","_kad_post_layout":"","_kad_post_sidebar_id":"","_kad_post_content_style":"","_kad_post_vertical_padding":"","_kad_post_feature":"","_kad_post_feature_position":"","_kad_post_header":false,"_kad_post_footer":false,"_kad_post_classname":""},"product-category":[],"class_list":["post-2585","product","type-product","status-publish","hentry"],"acf":[],"taxonomy_info":[],"featured_image_src_large":false,"author_info":[],"comment_info":"","_links":{"self":[{"href":"https:\/\/khsteel.net\/es\/wp-json\/wp\/v2\/product\/2585","targetHints":{"allow":["GET"]}}],"collection":[{"href":"https:\/\/khsteel.net\/es\/wp-json\/wp\/v2\/product"}],"about":[{"href":"https:\/\/khsteel.net\/es\/wp-json\/wp\/v2\/types\/product"}],"wp:attachment":[{"href":"https:\/\/khsteel.net\/es\/wp-json\/wp\/v2\/media?parent=2585"}],"wp:term":[{"taxonomy":"product-category","embeddable":true,"href":"https:\/\/khsteel.net\/es\/wp-json\/wp\/v2\/product-category?post=2585"}],"curies":[{"name":"wp","href":"https:\/\/api.w.org\/{rel}","templated":true}]}}