{"id":2500,"date":"2025-06-13T01:51:42","date_gmt":"2025-06-13T01:51:42","guid":{"rendered":"https:\/\/khsteel.net\/?post_type=product&#038;p=2500"},"modified":"2025-06-13T08:23:48","modified_gmt":"2025-06-13T08:23:48","slug":"2500-2-bobina-de-acero-al-carbono-laminada-en-caliente","status":"publish","type":"product","link":"https:\/\/khsteel.net\/es\/product\/2500-2-hot-rolled-carbon-steel-coil\/","title":{"rendered":"F\u00e1brica al por mayor de bajo precio hrc bobina de acero al carbono laminado en caliente"},"content":{"rendered":"<p>Hoja de acero al carbono laminado en caliente y tira Dc03 Spcc Laminado en fr\u00edo Sae 1010 Bobinas de acero al carbono Bobina de acero al carbono 0.9mm 6mm Bobina de acero al carbono 1mm Bobina de acero al carbono Bobina de acero al carbono caliente Proveedor 5mm Bobina de acero al carbono 3mm Bobina de acero al carbono Bobina de acero al carbono caliente Bobina de acero al carbono Q235 St37 Bobina de acero al carbono Bobina de acero al carbono laminado Bobina de acero al carbono A36 Bobinas de acero al carbono<\/p>\n\n\n\n<h2 class=\"wp-block-heading\" id=\"key-attributes-about-carbon-steel-coil\">Atributos clave de la bobina de acero al carbono<\/h2>\n\n\n\n<p><\/p>\n\n\n\n<h4 class=\"wp-block-heading\" id=\"industry-specific-attributes\">Atributos espec\u00edficos del sector<\/h4>\n\n\n\n<figure class=\"wp-block-table\"><table><tbody><tr><td>Tipo<\/td><td>Bobina de acero<\/td><\/tr><tr><td>Espesor<\/td><td>3,5-16 mm<\/td><\/tr><tr><td>Est\u00e1ndar<\/td><td>ASTM,GB,JIS<\/td><\/tr><tr><td>Grado<\/td><td>SS400\/A36\/Q235\/S235JR\/S355JR\/A57<\/td><\/tr><\/tbody><\/table><\/figure>\n\n\n\n<p>Otros atributos<\/p>\n\n\n\n<figure class=\"wp-block-table\"><table><tbody><tr><td>Lugar de origen<\/td><td>Shandong, China<\/td><\/tr><tr><td>Pase de piel<\/td><td>S\u00ed<\/td><\/tr><tr><td>Aleaci\u00f3n o no<\/td><td>Sin aleaci\u00f3n<\/td><\/tr><tr><td>Plazo de entrega<\/td><td>15-21 d\u00edas<\/td><\/tr><tr><td>Marca<\/td><td>Kehuan<\/td><\/tr><tr><td>Aplicaci\u00f3n<\/td><td>Chapa para barcos, chapa para calderas, chapa para contenedores, fabricaci\u00f3n de tuber\u00edas, fabricaci\u00f3n de productos de acero laminado en fr\u00edo, fabricaci\u00f3n de herramientas peque\u00f1as<\/td><\/tr><tr><td>Anchura<\/td><td>1251-1500 mm<\/td><\/tr><tr><td>Longitud<\/td><td>seg\u00fan las necesidades del cliente<\/td><\/tr><tr><td>Certificado<\/td><td>API, JIS, ISO9001<\/td><\/tr><tr><td>Tolerancia<\/td><td>\u00b11%<\/td><\/tr><tr><td>Servicio de tramitaci\u00f3n<\/td><td>Soldadura, punzonado, corte, plegado, desbobinado<\/td><\/tr><tr><td>Lugar de origen<\/td><td>Shandong, China<\/td><\/tr><tr><td>Aplicaci\u00f3n<\/td><td>Chapa para buques, chapa para calderas, chapa para contenedores, fabricaci\u00f3n de tuber\u00edas,<\/td><\/tr><tr><td>Tecnolog\u00eda<\/td><td>Laminado en caliente<\/td><\/tr><tr><td>Muestra<\/td><td>Avialable<\/td><\/tr><tr><td>Paquete<\/td><td>Flejes de acero<\/td><\/tr><tr><td>MOQ<\/td><td>5Toneladas<\/td><\/tr><tr><td>Uso especial<\/td><td>Placa de acero de alta resistencia<\/td><\/tr><tr><td>Material<\/td><td>Q195\/Q235\/Q235b<\/td><\/tr><tr><td>Color<\/td><td>Negro<\/td><\/tr><tr><td>Condiciones comerciales<\/td><td>FOB,CRF,CIF,EXW<\/td><\/tr><\/tbody><\/table><\/figure>\n\n\n\n<p>Especificaci\u00f3n<\/p>\n\n\n\n<figure class=\"wp-block-table\"><table><tbody><tr><td>Marca<\/td><td>KH<\/td><\/tr><tr><td>Duraci\u00f3n del precio<\/td><td>EXW, Fob, CIF, CIR<\/td><\/tr><tr><td>Aleaci\u00f3n o no<\/td><td>Sin aleaci\u00f3n<\/td><\/tr><tr><td>Espesor<\/td><td>0,8-16 mm<\/td><\/tr><tr><td>Est\u00e1ndar<\/td><td>JIS<\/td><\/tr><tr><td>Certificado<\/td><td>API, JIS, ISO9001<\/td><\/tr><tr><td>Tolerancia<\/td><td>\u00b11%<\/td><\/tr><tr><td>Fecha de entrega<\/td><td>Disponer de existencias o negociar en funci\u00f3n del pedido realCorte<\/td><\/tr><tr><td>Engrasado o no engrasado<\/td><td>Sin aceite<\/td><\/tr><tr><td>Facturaci\u00f3n<\/td><td>por peso real<\/td><\/tr><tr><td>Nombre del producto<\/td><td>Bobina de chapa de acero laminada en caliente<\/td><\/tr><tr><td>Utilizaci\u00f3n<\/td><td>Plato contenedor<\/td><\/tr><tr><td>Palabra clave<\/td><td>bobinas de acero<\/td><\/tr><tr><td>longitud<\/td><td>Petici\u00f3n de los clientes<\/td><\/tr><tr><td>Detalles del embalaje<\/td><td>Paquete est\u00e1ndar de la exportaci\u00f3n, liado o sea requerido.<\/td><\/tr><tr><td>Ventaja<\/td><td>Gran resistencia a la corrosi\u00f3n<\/td><\/tr><tr><td>MOQ<\/td><td>5 toneladas<\/td><\/tr><tr><td>Servicio<\/td><td>24 horas en l\u00ednea<\/td><\/tr><\/tbody><\/table><\/figure>\n\n\n\n<p><\/p>\n\n\n\n<p>Shandong Kehuan Petroleum Equipment Co. fue fundada en 2011. Nuestra empresa ha pasado la certificaci\u00f3n de APl5L y APl5cT emitido por American Petroleum Institute , obtuvo 1s09001 nacional, 1s018001[S014001 y pas\u00f3 la certificaci\u00f3n nacional de productos 3C. Somos uno de los mayores fabricantes de tubos de acero al carbono y aleaci\u00f3n de acero sin soldadura en la provincia de Shandong, China, que cumple con las normas nacionales e internacionalesLa planta est\u00e1 ubicada en la ciudad de Liaocheng, provincia de Shandong, China. La f\u00e1brica cuenta con cuatro avanzadas l\u00edneas de laminaci\u00f3n en caliente, ocho l\u00edneas de expansi\u00f3n de tuber\u00edas y una de las l\u00edneas de tratamiento t\u00e9rmico m\u00e1s avanzadas de China. Producimos principalmente tubos de acero sin soldadura de alta calidad y de gama media y alta con un di\u00e1metro exterior de 30-1500 mm y un espesor de pared de 6-100 mm de acuerdo con las normas ASTM \/ API \/ DIN, la capacidad es de 80 MT. con el fin de garantizar la velocidad de entrega, nuestra empresa tiene una capacidad de almacenamiento durante todo el a\u00f1o de 150 mil toneladas. Nuestros productos son adecuados para diferentes aplicaciones, como la industria del petr\u00f3leo y el gas, la construcci\u00f3n naval, los fertilizantes, las calderas y los intercambiadores de calor, la automoci\u00f3n, los cojinetes y las industrias de ingenier\u00eda en general. Con un rendimiento t\u00e9cnico superior y un rendimiento de costes fiable, nuestro servicio cubre Europa, Am\u00e9rica, Oriente Medio, Jap\u00f3n, Corea, el Sudeste Asi\u00e1tico y otros pa\u00edses y regiones.<br>Nos adherimos al principio de \"el usuario primero\", \"garant\u00eda de calidad perfecta\" y \"tecnolog\u00eda punta\", y seguimos ofreciendo a los clientes productos de alta calidad y un servicio posventa profesional y atento.<\/p>\n\n\n\n<p>PREGUNTAS FRECUENTES<\/p>\n\n\n\n<p><strong>1. \u00bfqui\u00e9nes somos?<\/strong> Estamos ubicados en Shandong, China, desde 2011, vendemos al mercado nacional (41.00%), Asia del Sur (13.00%), Europa del Este (13.00%), \u00c1frica (7.00%), Oriente Medio (7.00%), Am\u00e9rica del Norte (6.00%), Am\u00e9rica del Sur (6.00%), Asia Oriental (2.00%), Europa del Sur (1.00%), Ocean\u00eda (1.00%).00%),Sudam\u00e9rica(6.00%),Asia Oriental(2.00%),Europa Meridional(1.00%),Ocean\u00eda(1.00%),Europa Occidental(1.00%),Centroam\u00e9rica(1.00%),Europa Septentrional(1.00%). En total, hay entre 301 y 500 personas en nuestra oficina. <strong>2. \u00bfc\u00f3mo podemos garantizar la calidad?<\/strong> Siempre una muestra de pre-producci\u00f3n antes de la producci\u00f3n en masa; Siempre la inspecci\u00f3n final antes del env\u00edo; <strong>3.\u00bfqu\u00e9 puede comprarnos?<\/strong> Tubos de acero, chapas y hojas de acero, barras redondas, perfiles y \u00e1ngulos de acero, tubos de acero inoxidable <strong>4. \u00bfpor qu\u00e9 comprarnos a nosotros y no a otros proveedores?<\/strong> Como fabricante, hemos estado en este campo durante m\u00e1s de 20 a\u00f1os, *Servicio de pre-venta Podemos ofrecer una muestra gratuita de 20 cm de longitud con el flete recogido. *Control de calidad estricto: 1) Centro de tecnolog\u00eda empresarial acreditado por el gobierno de Shandong 2) Laboratorio nacional acreditado con certificados CNAS 3) Durante y despu\u00e9s de la producci\u00f3n, 14 empleados de control de calidad con m\u00e1s de 5 a\u00f1os de experiencia inspeccionan los productos al azar. *Producci\u00f3n a medida: podemos fabricar en profundidad seg\u00fan planos, doblar, cortar, ranurar y soldar. *Servicio postventa Reclamaciones de calidad\/cantidad: El Comprador tiene derecho a hacer reclamaciones tanto de calidad como de cantidad por escrito contra el Vendedor dentro de los 90 d\u00edas siguientes a la llegada al puerto de destino. <strong>5. \u00bfqu\u00e9 servicios podemos prestar?<\/strong> Condiciones de entrega aceptadas: FOB\u3001CFR\u3001CIF\u3001FCA\uff1b Moneda de pago aceptada:USD\u3001RMB\u3001EURO Tipo de pago aceptado: L\/C, T\/T ; Idioma Hablado: INGL\u00c9S, CHINO,<\/p>\n\n\n\n<p><\/p>","protected":false},"featured_media":2767,"parent":0,"template":"","meta":{"_acf_changed":false,"_gspb_post_css":"","_kad_blocks_custom_css":"","_kad_blocks_head_custom_js":"","_kad_blocks_body_custom_js":"","_kad_blocks_footer_custom_js":"","_kad_post_transparent":"","_kad_post_title":"","_kad_post_layout":"","_kad_post_sidebar_id":"","_kad_post_content_style":"","_kad_post_vertical_padding":"","_kad_post_feature":"","_kad_post_feature_position":"","_kad_post_header":false,"_kad_post_footer":false,"_kad_post_classname":""},"product-category":[],"class_list":["post-2500","product","type-product","status-publish","has-post-thumbnail","hentry"],"acf":[],"taxonomy_info":[],"featured_image_src_large":["https:\/\/khsteel.net\/wp-content\/uploads\/2025\/06\/6948e5665a4e04edb0e391afa817a99.jpg",700,700,false],"author_info":[],"comment_info":"","_links":{"self":[{"href":"https:\/\/khsteel.net\/es\/wp-json\/wp\/v2\/product\/2500","targetHints":{"allow":["GET"]}}],"collection":[{"href":"https:\/\/khsteel.net\/es\/wp-json\/wp\/v2\/product"}],"about":[{"href":"https:\/\/khsteel.net\/es\/wp-json\/wp\/v2\/types\/product"}],"wp:featuredmedia":[{"embeddable":true,"href":"https:\/\/khsteel.net\/es\/wp-json\/wp\/v2\/media\/2767"}],"wp:attachment":[{"href":"https:\/\/khsteel.net\/es\/wp-json\/wp\/v2\/media?parent=2500"}],"wp:term":[{"taxonomy":"product-category","embeddable":true,"href":"https:\/\/khsteel.net\/es\/wp-json\/wp\/v2\/product-category?post=2500"}],"curies":[{"name":"wp","href":"https:\/\/api.w.org\/{rel}","templated":true}]}}