{"id":1507,"date":"2024-07-25T02:42:56","date_gmt":"2024-07-25T02:42:56","guid":{"rendered":"https:\/\/kehuan.easiwin.com\/?post_type=product&#038;p=1507"},"modified":"2025-04-28T05:53:58","modified_gmt":"2025-04-28T05:53:58","slug":"api-5l-psl-1-pipeline-pipe-8-pulgadas-sch40-pintura-negro-sin-costura-de-acero-al-carbono-para-oleoductos-y-gasoductos","status":"publish","type":"product","link":"https:\/\/khsteel.net\/es\/product\/api-5l-psl-1-pipeline-pipe-8-inch-sch40-black-painting-seamless-carbon-steel-for-oil-and-gas-pipeline\/","title":{"rendered":"API 5L Psl-1 Tuber\u00eda de 8 pulgadas Sch40 Pintura Negro sin soldadura de acero al carbono para tuber\u00edas de petr\u00f3leo y gas"},"content":{"rendered":"<h3 class=\"wp-block-heading\" id=\"key-attributes\">Atributos clave<\/h3>\n\n\n\n<h4 class=\"wp-block-heading\">Atributos espec\u00edficos del sector<\/h4>\n\n\n\n<figure class=\"wp-block-table\"><table class=\"has-fixed-layout\"><tbody><tr><td>Secci\u00f3n Forma<\/td><td>Redondo<\/td><\/tr><tr><td>Tratamiento de superficies<\/td><td>Laminado en caliente<\/td><\/tr><tr><td>Tolerancia<\/td><td>\u00b11%<\/td><\/tr><tr><td>Engrasado o no engrasado<\/td><td>Sin aceite<\/td><\/tr><tr><td>Facturaci\u00f3n<\/td><td>por peso real<\/td><\/tr><\/tbody><\/table><\/figure>\n\n\n\n<p>Otros atributos<\/p>\n\n\n\n<figure class=\"wp-block-table\"><table class=\"has-fixed-layout\"><tbody><tr><td>Lugar de origen<\/td><td>Shandong, China<\/td><\/tr><tr><td>Aleaci\u00f3n o no<\/td><td>Sin aleaci\u00f3n<\/td><\/tr><tr><td>Est\u00e1ndar<\/td><td>API bs EN GB AiSi ASTM DIN,<\/td><\/tr><tr><td>Grado<\/td><td>acero al carbono<\/td><\/tr><tr><td>Plazo de entrega<\/td><td>en un plazo de 7 d\u00edas<\/td><\/tr><tr><td>Marca<\/td><td>Kehuan<\/td><\/tr><tr><td>Aplicaci\u00f3n<\/td><td>Tubos para fluidos, tubos para calderas, tubos de perforaci\u00f3n, tubos hidr\u00e1ulicos, tubos de gas, tubos para petr\u00f3leo, tubos para fertilizantes qu\u00edmicos, tubos para estructuras, otros<\/td><\/tr><tr><td>Tuber\u00eda especial<\/td><td>Tubos API, Otros, Tubos EMT, Tubos de pared gruesa<\/td><\/tr><tr><td>Espesor<\/td><td>6-10 mm<\/td><\/tr><tr><td>Longitud<\/td><td>12M, 6m, 6.4M<\/td><\/tr><tr><td>Certificado<\/td><td>API, CE, JIS, GS, ISO9001<\/td><\/tr><tr><td>Servicio de tramitaci\u00f3n<\/td><td>Soldadura, punzonado, corte, plegado<\/td><\/tr><tr><td>MOQ<\/td><td>2 Toneladas<\/td><\/tr><tr><td>Palabra clave<\/td><td>Tubo de acero redondo<\/td><\/tr><tr><td>Nombre del producto<\/td><td>Tubos de acero al carbono sin soldadura API<\/td><\/tr><tr><td>Condiciones de pago<\/td><td>30%TT Avance + 70% Saldo<\/td><\/tr><tr><td>Calidad<\/td><td>Alta calidad<\/td><\/tr><tr><td>Plazo de entrega<\/td><td>15-30 d\u00edas laborables<\/td><\/tr><tr><td>Ventaja<\/td><td>Calidad+Precio competitivo+Servicio profesional<\/td><\/tr><tr><td>Material<\/td><td>ASTM\/AISI\/SGCC\/CGCC\/TDC51DZM\/TDC52DTS350GD\/TS550GD\/DX51D+Z Q195-q345<\/td><\/tr><tr><td>Embalaje<\/td><td>EMBALAJE EST\u00c1NDAR<\/td><\/tr><tr><td>Utilizaci\u00f3n<\/td><td>Petr\u00f3leo Gas Alcantarillado Transporte<\/td><\/tr><\/tbody><\/table><\/figure>\n\n\n\n<p>Aplicaci\u00f3n del producto<\/p>\n\n\n\n<figure class=\"wp-block-table\"><table class=\"has-fixed-layout\"><tbody><tr><td>Nombre del producto<\/td><td>Tuber\u00eda de acero sin soldadura\/Tubo de acero sin soldadura<\/td><td><\/td><\/tr><tr><td>Est\u00e1ndar<\/td><td>AISI ASTM GB JIS<\/td><td><\/td><\/tr><tr><td>Di\u00e1metro exterior<\/td><td>21,3-1420 mm<\/td><td><\/td><\/tr><tr><td>Espesor de pared<\/td><td>2,11-300 mm<\/td><td><\/td><\/tr><tr><td>Dia Tolerancia<\/td><td>Control con en el est\u00e1ndar, OD:+-1%, WT:+-10%<\/td><td><\/td><\/tr><tr><td>Materiales<\/td><td>10#,20#,45#,Q235,Q345,Q195,Q215,Q345C,Q345A<\/td><td><\/td><\/tr><tr><td>Materiales<\/td><td>ASTM A53A\/A53B\/ A178C\/A106B API5L<\/td><td><\/td><\/tr><tr><td>Materiales<\/td><td>ST37,ST37-2,DIN 1629 ST35, ST45,DIN 17175 ST35.8,DIN 17175 19Mn5<\/td><td><\/td><\/tr><tr><td>Materiales<\/td><td>16Mn,Q345B,T1,T2,T5,T9,T11,T12,T22,T91,T92,P1,P2,P5,P9,P11,P12,P22,P91,P92,15CrMO,Cr5Mo,10CrMo910,12CrMo,13CrMo44,30CrMo,A333 GR.1,GR.3,GR.6,GR.7<\/td><td><\/td><\/tr><tr><td>Materiales<\/td><td>Gr.B,X42,X46,X52,X60,X65,X70,X80,X100<\/td><td><\/td><\/tr><tr><td>Longitud<\/td><td>5,8m 6m Fijo.12m Fijo<\/td><td><\/td><\/tr><tr><td>Inspecci\u00f3n<\/td><td>ISO,BV,SGS,MTC<\/td><td><\/td><\/tr><tr><td>Superficie<\/td><td>Pintado en negro, galvanizado, recubierto de 3PE anticorrosivo natural, o seg\u00fan se requiera.<\/td><td><\/td><\/tr><tr><td>Embalaje<\/td><td>Fleje de acero embalado. Standard Export Seaworthy Package.Suit forall tipos de transporte, o como sea necesario.<\/td><td><\/td><\/tr><tr><td>Plazo de entrega<\/td><td>14-21 d\u00edas<\/td><td><\/td><\/tr><tr><td>Aplicaci\u00f3n<\/td><td>L\u00ednea de tuber\u00edas de petr\u00f3leo, tuber\u00edas de perforaci\u00f3n, tuber\u00edas hidr\u00e1ulicas, tuber\u00edas de gas, tuber\u00edas de fluidos, tuber\u00edas de calderas, tuber\u00edas de conductos, tuber\u00edas de andamiaje, tuber\u00edas farmac\u00e9uticas y de construcci\u00f3n naval, etc.<\/td><td><\/td><\/tr><tr><td>MOQ<\/td><td>3 toneladas, se aceptan muestras<\/td><td><\/td><\/tr><\/tbody><\/table><\/figure>","protected":false},"featured_media":1513,"parent":0,"template":"","meta":{"_acf_changed":false,"_gspb_post_css":"","_kad_blocks_custom_css":"","_kad_blocks_head_custom_js":"","_kad_blocks_body_custom_js":"","_kad_blocks_footer_custom_js":"","_kad_post_transparent":"","_kad_post_title":"","_kad_post_layout":"","_kad_post_sidebar_id":"","_kad_post_content_style":"","_kad_post_vertical_padding":"","_kad_post_feature":"","_kad_post_feature_position":"","_kad_post_header":false,"_kad_post_footer":false,"_kad_post_classname":""},"product-category":[],"class_list":["post-1507","product","type-product","status-publish","has-post-thumbnail","hentry"],"acf":[],"taxonomy_info":[],"featured_image_src_large":["https:\/\/khsteel.net\/wp-content\/uploads\/2024\/07\/10006-20.jpg",600,600,false],"author_info":[],"comment_info":"","_links":{"self":[{"href":"https:\/\/khsteel.net\/es\/wp-json\/wp\/v2\/product\/1507","targetHints":{"allow":["GET"]}}],"collection":[{"href":"https:\/\/khsteel.net\/es\/wp-json\/wp\/v2\/product"}],"about":[{"href":"https:\/\/khsteel.net\/es\/wp-json\/wp\/v2\/types\/product"}],"wp:featuredmedia":[{"embeddable":true,"href":"https:\/\/khsteel.net\/es\/wp-json\/wp\/v2\/media\/1513"}],"wp:attachment":[{"href":"https:\/\/khsteel.net\/es\/wp-json\/wp\/v2\/media?parent=1507"}],"wp:term":[{"taxonomy":"product-category","embeddable":true,"href":"https:\/\/khsteel.net\/es\/wp-json\/wp\/v2\/product-category?post=1507"}],"curies":[{"name":"wp","href":"https:\/\/api.w.org\/{rel}","templated":true}]}}